  

            {"id":9001,"date":"2025-04-22T13:45:41","date_gmt":"2025-04-22T11:45:41","guid":{"rendered":"https:\/\/www.spur.cz\/zakazkova-vyroba\/"},"modified":"2025-04-25T12:36:35","modified_gmt":"2025-04-25T10:36:35","slug":"custom-production","status":"publish","type":"page","link":"https:\/\/www.spur.cz\/en\/custom-production\/","title":{"rendered":"Custom production"},"content":{"rendered":"    \n\t\t\t<!-- START Zakazkova vyroba  EN REVOLUTION SLIDER 6.3.9 --><p class=\"rs-p-wp-fix\"><\/p>\n\t\t\t<rs-module-wrap id=\"rev_slider_256_1_wrapper\" data-source=\"gallery\" style=\"background:transparent;padding:0;margin:0px auto;margin-top:0;margin-bottom:0;\">\n\t\t\t\t<rs-module id=\"rev_slider_256_1\" style=\"\" data-version=\"6.3.9\">\n\t\t\t\t\t<rs-slides>\n\t\t\t\t\t\t<rs-slide data-key=\"rs-245\" data-title=\"Slide\" data-anim=\"ei:d;eo:d;s:1000;r:0;t:fade;sl:0;\">\n\t\t\t\t\t\t\t<img decoding=\"async\" src=\"\/\/www.spur.cz\/wp-content\/plugins\/revslider\/public\/assets\/assets\/transparent.png\" title=\"Custom production\" data-parallax=\"off\" class=\"rev-slidebg\" data-no-retina>\n\t\t\t\t\t\t\t<rs-bgvideo \n\t\t\t\t\t\t\t\tdata-video=\"w:100%;h:100%;nse:false;l:true;ptimer:false;\"\n\t\t\t\t\t\t\t\tdata-mp4=\"\/\/spur.cz\/wp-content\/uploads\/2022\/03\/KARIERA_uprava_desktop.mp4\"\n\t\t\t\t\t\t\t><\/rs-bgvideo>\n<!--\n\t\t\t\t\t\t\t--><rs-layer\n\t\t\t\t\t\t\t\tid=\"slider-256-slide-245-layer-3\" \n\t\t\t\t\t\t\t\tclass=\"rev-btn\"\n\t\t\t\t\t\t\t\tdata-type=\"button\"\n\t\t\t\t\t\t\t\tdata-rsp_ch=\"on\"\n\t\t\t\t\t\t\t\tdata-xy=\"xo:-1px,41px,27px,18px;y:b;yo:60px,50px,53px,52px;\"\n\t\t\t\t\t\t\t\tdata-text=\"w:normal;s:16,13,18,16;l:40,33,25,15;ls:0.96px,0px,0px,0px;fw:500;\"\n\t\t\t\t\t\t\t\tdata-dim=\"minh:0px,none,none,none;\"\n\t\t\t\t\t\t\t\tdata-actions='id:poptavka;o:click;a:scrollto;sp:1000ms;e:power1.inOut;'\n\t\t\t\t\t\t\t\tdata-padding=\"t:5,4,7,17;r:40,33,25,40;b:5,4,7,17;l:40,33,25,40;\"\n\t\t\t\t\t\t\t\tdata-frame_999=\"o:0;st:w;sR:8700;\"\n\t\t\t\t\t\t\t\tdata-frame_hover=\"bgc:#007aff;bor:0px,0px,0px,0px;bri:120%;\"\n\t\t\t\t\t\t\t\tstyle=\"z-index:9;background:linear-gradient(90deg, rgba(247,166,33,1) 0%, rgba(238,114,3,1) 100%);font-family:Poppins;\"\n\t\t\t\t\t\t\t>NON-BINDING INQUIRY \n\t\t\t\t\t\t\t<\/rs-layer><!--\n\n\t\t\t\t\t\t\t--><rs-layer\n\t\t\t\t\t\t\t\tid=\"slider-256-slide-245-layer-6\" \n\t\t\t\t\t\t\t\tdata-type=\"text\"\n\t\t\t\t\t\t\t\tdata-rsp_ch=\"on\"\n\t\t\t\t\t\t\t\tdata-xy=\"xo:1px,38px,28px,21px;y:b;yo:145px,128px,137px,132px;\"\n\t\t\t\t\t\t\t\tdata-text=\"w:normal;s:48,39,29,24;l:60,49,37,30;fw:600;\"\n\t\t\t\t\t\t\t\tdata-dim=\"w:639px,527px,400px,367px;\"\n\t\t\t\t\t\t\t\tdata-frame_0=\"o:1;\"\n\t\t\t\t\t\t\t\tdata-frame_0_chars=\"d:5;o:0;\"\n\t\t\t\t\t\t\t\tdata-frame_1=\"e:none;\"\n\t\t\t\t\t\t\t\tdata-frame_1_chars=\"e:none;d:7;\"\n\t\t\t\t\t\t\t\tdata-frame_999=\"o:0;st:w;\"\n\t\t\t\t\t\t\t\tstyle=\"z-index:10;font-family:Poppins;\"\n\t\t\t\t\t\t\t>Custom production \n\t\t\t\t\t\t\t<\/rs-layer><!--\n\n\t\t\t\t\t\t\t--><rs-layer\n\t\t\t\t\t\t\t\tid=\"slider-256-slide-245-layer-7\" \n\t\t\t\t\t\t\t\tdata-type=\"shape\"\n\t\t\t\t\t\t\t\tdata-rsp_ch=\"on\"\n\t\t\t\t\t\t\t\tdata-text=\"w:normal;s:20,16,12,7;l:0,20,15,9;\"\n\t\t\t\t\t\t\t\tdata-dim=\"w:1148px,948px,720px,1174px;h:792px,904px,686px,719px;\"\n\t\t\t\t\t\t\t\tdata-basealign=\"slide\"\n\t\t\t\t\t\t\t\tdata-blendmode=\"multiply\"\n\t\t\t\t\t\t\t\tdata-frame_999=\"o:0;st:w;\"\n\t\t\t\t\t\t\t\tstyle=\"z-index:8;background:linear-gradient(90deg, rgba(12,1,1,0.4) 0%, rgba(12,0,0,0.4) 36%, rgba(12,0,0,0) 100%);\"\n\t\t\t\t\t\t\t> \n\t\t\t\t\t\t\t<\/rs-layer><!--\n-->\t\t\t\t\t\t<\/rs-slide>\n\t\t\t\t\t<\/rs-slides>\n\t\t\t\t<\/rs-module>\n\t\t\t\t<script type=\"text\/javascript\">\n\t\t\t\t\tsetREVStartSize({c: 'rev_slider_256_1',rl:[1240,1024,778,480],el:[767,740,600,574],gw:[1240,1024,778,480],gh:[767,740,600,574],type:'standard',justify:'',layout:'fullwidth',mh:\"0\"});\n\t\t\t\t\tvar\trevapi256,\n\t\t\t\t\t\ttpj;\n\t\t\t\t\tfunction revinit_revslider2561() {\n\t\t\t\t\tjQuery(function() {\n\t\t\t\t\t\ttpj = jQuery;\n\t\t\t\t\t\trevapi256 = tpj(\"#rev_slider_256_1\");\n\t\t\t\t\t\tif(revapi256==undefined || revapi256.revolution == undefined){\n\t\t\t\t\t\t\trevslider_showDoubleJqueryError(\"rev_slider_256_1\");\n\t\t\t\t\t\t}else{\n\t\t\t\t\t\t\trevapi256.revolution({\n\t\t\t\t\t\t\t\tsliderLayout:\"fullwidth\",\n\t\t\t\t\t\t\t\tduration:\"10000ms\",\n\t\t\t\t\t\t\t\tvisibilityLevels:\"1240,1024,778,480\",\n\t\t\t\t\t\t\t\tgridwidth:\"1240,1024,778,480\",\n\t\t\t\t\t\t\t\tgridheight:\"767,740,600,574\",\n\t\t\t\t\t\t\t\tperspective:600,\n\t\t\t\t\t\t\t\tperspectiveType:\"global\",\n\t\t\t\t\t\t\t\teditorheight:\"767,740,600,574\",\n\t\t\t\t\t\t\t\tresponsiveLevels:\"1240,1024,778,480\",\n\t\t\t\t\t\t\t\tstopAtSlide:1,\n\t\t\t\t\t\t\t\tstopAfterLoops:0,\n\t\t\t\t\t\t\t\tstopLoop:true,\n\t\t\t\t\t\t\t\tprogressBar:{disableProgressBar:true},\n\t\t\t\t\t\t\t\tnavigation: {\n\t\t\t\t\t\t\t\t\tonHoverStop:false\n\t\t\t\t\t\t\t\t},\n\t\t\t\t\t\t\t\tparallax: {\n\t\t\t\t\t\t\t\t\tlevels:[5,10,15,20,25,30,35,40,45,46,47,48,49,50,51,30],\n\t\t\t\t\t\t\t\t\ttype:\"scroll\",\n\t\t\t\t\t\t\t\t\torigo:\"slidercenter\",\n\t\t\t\t\t\t\t\t\tspeed:0,\n\t\t\t\t\t\t\t\t\tdisable_onmobile:true\n\t\t\t\t\t\t\t\t},\n\t\t\t\t\t\t\t\tfallbacks: {\n\t\t\t\t\t\t\t\t\tallowHTML5AutoPlayOnAndroid:true\n\t\t\t\t\t\t\t\t},\n\t\t\t\t\t\t\t});\n\t\t\t\t\t\t}\n\t\t\t\t\t\t\n\t\t\t\t\t});\n\t\t\t\t\t} \/\/ End of RevInitScript\n\t\t\t\tvar once_revslider2561 = false;\n\t\t\t\tif (document.readyState === \"loading\") {document.addEventListener('readystatechange',function() { if((document.readyState === \"interactive\" || document.readyState === \"complete\") && !once_revslider2561 ) { once_revslider2561 = true; revinit_revslider2561();}});} else {once_revslider2561 = true; revinit_revslider2561();}\n\t\t\t\t<\/script>\n\t\t\t<\/rs-module-wrap>\n\t\t\t<!-- END REVOLUTION SLIDER -->\n\n \n\n<div class=\"container imagetext\"  id=\"\">\n\n        <div class=\"row align-items-center \">\n\n            <div class=\"col-12   col-md-7   \">\n                <h3>Sustainable Solutions Tailored to Your Needs<\/h3>\n<p>We manufacture custom plastic products using extrusion technology. Thanks to our own recycling center, SPUR Recycling, we offer the possibility of production from high-quality recycled material that meets strict industrial standards.<\/p>\n<p><strong>From Idea to Finished Product<\/strong> \u2013 We help you with development, selection of suitable materials, and production optimization based on your needs.<\/p>\n\n            <\/div>\n\n            <div class=\"col-12   col-md-5  \">\n               \n                                    <img decoding=\"async\" src=\"https:\/\/www.spur.cz\/wp-content\/uploads\/2025\/04\/8cb37a65-45ab-43a3-902b-f10b243bdba6.png\">\n                            <\/div>\n\n           \n        <\/div>\n    <\/div>\n\n<div class=\"container spacing\"  id=\"\">\n\n        <div class=\"row\">\n            <div class=\"col-12 \">\n\n                <div style=\"clear: both; height: 60px\"><\/div>\n\n            <\/div>\n        <\/div>\n    <\/div>\n\n<div class=\"container\">\n<div class=\"wp-block-columns is-layout-flex wp-container-core-columns-is-layout-9d6595d7 wp-block-columns-is-layout-flex\">\n<div class=\"wp-block-column is-layout-flow wp-block-column-is-layout-flow\"><div class=\"container textblock\"  id=\"\">\n\n        <div class=\"row\">\n            <div class=\"col-12 col-md-8 text-block-a\">\n                <h3>What can we offer you?<\/h3>\n<ul style=\"font-weight: 400;\">\n<li>Production of <strong>plastic profiles based on drawings or samples<\/strong><\/li>\n<li>Option to use <strong>material with up to 100% recycled content<\/strong><\/li>\n<li>Collaboration from prototype to serial production<\/li>\n<li><strong>Technical consulting<\/strong> in material selection and profile design<\/li>\n<li>Certification according to \u010cSN EN ISO 14021:2016<\/li>\n<\/ul>\n<p><a class=\"button orangefillbutton\" style=\"margin-top: 10px\" href=\"https:\/\/spur.cz\/en\/kontakt\/?kontaktid=4152#rychlykontakt\">QUICK CONTACT<\/a><\/p>\n \n            <\/div>\n        <\/div>\n\n<\/div><\/div>\n\n\n\n<div class=\"wp-block-column is-layout-flow wp-block-column-is-layout-flow\"><div class=\"container textblock\"  id=\"poptavka\">\n\n        <div class=\"row\">\n            <div class=\"col-12 col-md-8 text-block-a\">\n                <h3>Submit a Non-Binding Inquiry<\/h3>\n<p>Do you have a specific idea or a technical drawing? Provide us with some basic information and we\u2019ll get back to you with a tailored solution.<\/p>\n\n<div class=\"wpcf7 no-js\" id=\"wpcf7-f9005-o1\" lang=\"cs-CZ\" dir=\"ltr\" data-wpcf7-id=\"9005\">\n<div class=\"screen-reader-response\"><p role=\"status\" aria-live=\"polite\" aria-atomic=\"true\"><\/p> <ul><\/ul><\/div>\n<form action=\"\/en\/wp-json\/wp\/v2\/pages\/9001#wpcf7-f9005-o1\" method=\"post\" class=\"wpcf7-form init\" aria-label=\"Kontaktn\u00ed formul\u00e1\u0159\" enctype=\"multipart\/form-data\" novalidate=\"novalidate\" data-status=\"init\">\n<fieldset class=\"hidden-fields-container\"><input type=\"hidden\" name=\"_wpcf7\" value=\"9005\" \/><input type=\"hidden\" name=\"_wpcf7_version\" value=\"6.1.5\" \/><input type=\"hidden\" name=\"_wpcf7_locale\" value=\"cs_CZ\" \/><input type=\"hidden\" name=\"_wpcf7_unit_tag\" value=\"wpcf7-f9005-o1\" \/><input type=\"hidden\" name=\"_wpcf7_container_post\" value=\"0\" \/><input type=\"hidden\" name=\"_wpcf7_posted_data_hash\" value=\"\" \/><input type=\"hidden\" name=\"_cf7a__timestamp\" value=\"AlAtPbADmw6f1lDiHciF9w==\" \/><input type=\"hidden\" name=\"_cf7a_version\" value=\"1.0\" \/><input type=\"hidden\" name=\"_cf7a_address\" value=\"\" \/><input type=\"hidden\" name=\"_cf7a_referer\" value=\"\" \/><input type=\"hidden\" name=\"_cf7a_protocol\" value=\"\" \/>\n<\/fieldset>\n<p><label>Company Name:<br \/>\n<span class=\"wpcf7-form-control-wrap\" data-name=\"nazev-spolecnosti\"><input type=\"text\" name=\"name\" value=\"\" autocomplete=\"fill\" class=\"fit-the-fullspace\" aria-hidden=\"true\" tabindex=\"-1\" \/><input size=\"40\" maxlength=\"400\" class=\"wpcf7-form-control wpcf7-text wpcf7-validates-as-required\" aria-required=\"true\" aria-invalid=\"false\" value=\"\" type=\"text\" name=\"nazev-spolecnosti\" \/><\/span><\/label>\n<\/p>\n<p><label>Contact Person:<br \/>\n<span class=\"wpcf7-form-control-wrap\" data-name=\"kontaktni-osoba\"><input type=\"text\" name=\"address\" value=\"\" autocomplete=\"fill\" class=\"fit-the-fullspace\" aria-hidden=\"true\" tabindex=\"-1\" \/><input size=\"40\" maxlength=\"400\" class=\"wpcf7-form-control wpcf7-text wpcf7-validates-as-required\" aria-required=\"true\" aria-invalid=\"false\" value=\"\" type=\"text\" name=\"kontaktni-osoba\" \/><\/span><\/label>\n<\/p>\n<p><label>Email:<br \/>\n<span class=\"wpcf7-form-control-wrap\" data-name=\"email\"><input size=\"40\" maxlength=\"400\" class=\"wpcf7-form-control wpcf7-email wpcf7-validates-as-required wpcf7-text wpcf7-validates-as-email\" aria-required=\"true\" aria-invalid=\"false\" value=\"\" type=\"email\" name=\"email\" \/><\/span><\/label>\n<\/p>\n<p><label>Phone:<br \/>\n<span class=\"wpcf7-form-control-wrap\" data-name=\"telefon\"><input size=\"40\" maxlength=\"400\" class=\"wpcf7-form-control wpcf7-tel wpcf7-text wpcf7-validates-as-tel\" aria-invalid=\"false\" value=\"\" type=\"tel\" name=\"telefon\" \/><\/span><\/label>\n<\/p>\n<p><label>Basic Inquiry Details:<br \/>\n<span class=\"wpcf7-form-control-wrap\" data-name=\"parametry\"><textarea cols=\"40\" rows=\"10\" maxlength=\"2000\" class=\"wpcf7-form-control wpcf7-textarea\" aria-invalid=\"false\" name=\"parametry\"><\/textarea><\/span><\/label>\n<\/p>\n<p><label>Attachment (drawing, sample, specifications) (max: 20MB):<br \/>\n<span class=\"wpcf7-form-control-wrap\" data-name=\"priloha\"><input size=\"40\" class=\"wpcf7-form-control wpcf7-file\" accept=\".pdf,.docx,.zip\" aria-invalid=\"false\" type=\"file\" name=\"priloha\" \/><\/span><\/label>\n<\/p>\n<p><div id=\"cf7sr-69f296baac30d\" class=\"cf7sr-g-hcaptcha\" data-theme=\"light\" data-size=\"normal\" data-sitekey=\"975c508e-7820-4fe6-87f0-3732044eb57c\"><\/div><span class=\"wpcf7-form-control-wrap cf7sr-hcaptcha\" data-name=\"cf7sr-hcaptcha\"><input type=\"hidden\" name=\"cf7sr-hcaptcha\" value=\"\" class=\"wpcf7-form-control\"><\/span><br \/>\n<input class=\"wpcf7-form-control wpcf7-submit has-spinner\" type=\"submit\" value=\"SEND INQUIRY\" \/>\n<\/p><div class=\"wpcf7-response-output\" aria-hidden=\"true\"><\/div>\n<\/form>\n<\/div>\n\n \n            <\/div>\n        <\/div>\n\n<\/div><\/div>\n<\/div>\n<\/div>","protected":false},"excerpt":{"rendered":"","protected":false},"author":1,"featured_media":0,"parent":0,"menu_order":0,"comment_status":"closed","ping_status":"closed","template":"","meta":{"inline_featured_image":false,"footnotes":""},"class_list":["post-9001","page","type-page","status-publish","hentry"],"aioseo_notices":[],"_links":{"self":[{"href":"https:\/\/www.spur.cz\/en\/wp-json\/wp\/v2\/pages\/9001","targetHints":{"allow":["GET"]}}],"collection":[{"href":"https:\/\/www.spur.cz\/en\/wp-json\/wp\/v2\/pages"}],"about":[{"href":"https:\/\/www.spur.cz\/en\/wp-json\/wp\/v2\/types\/page"}],"author":[{"embeddable":true,"href":"https:\/\/www.spur.cz\/en\/wp-json\/wp\/v2\/users\/1"}],"replies":[{"embeddable":true,"href":"https:\/\/www.spur.cz\/en\/wp-json\/wp\/v2\/comments?post=9001"}],"version-history":[{"count":6,"href":"https:\/\/www.spur.cz\/en\/wp-json\/wp\/v2\/pages\/9001\/revisions"}],"predecessor-version":[{"id":9027,"href":"https:\/\/www.spur.cz\/en\/wp-json\/wp\/v2\/pages\/9001\/revisions\/9027"}],"wp:attachment":[{"href":"https:\/\/www.spur.cz\/en\/wp-json\/wp\/v2\/media?parent=9001"}],"curies":[{"name":"wp","href":"https:\/\/api.w.org\/{rel}","templated":true}]}}