  

            {"id":7213,"date":"2024-01-16T10:18:29","date_gmt":"2024-01-16T09:18:29","guid":{"rendered":"https:\/\/www.spur.cz\/?page_id=7213"},"modified":"2025-07-25T14:32:10","modified_gmt":"2025-07-25T12:32:10","slug":"our-story","status":"publish","type":"page","link":"https:\/\/www.spur.cz\/en\/about-us\/our-story\/","title":{"rendered":"Our story"},"content":{"rendered":"    \n \n\n    \n\t\t\t<!-- START Slider O FIRME EN REVOLUTION SLIDER 6.3.9 --><p class=\"rs-p-wp-fix\"><\/p>\n\t\t\t<rs-module-wrap id=\"rev_slider_77_1_wrapper\" data-source=\"gallery\" style=\"background:transparent;padding:0;margin:0px auto;margin-top:0;margin-bottom:0;\">\n\t\t\t\t<rs-module id=\"rev_slider_77_1\" style=\"\" data-version=\"6.3.9\">\n\t\t\t\t\t<rs-slides>\n\t\t\t\t\t\t<rs-slide data-key=\"rs-78\" data-title=\"Slide\" data-anim=\"ei:d;eo:d;s:1000;r:0;t:fade;sl:0;\">\n\t\t\t\t\t\t\t<img decoding=\"async\" src=\"\/\/www.spur.cz\/wp-content\/plugins\/revslider\/public\/assets\/assets\/transparent.png\" title=\"Our story\" data-parallax=\"off\" class=\"rev-slidebg\" data-no-retina>\n\t\t\t\t\t\t\t<rs-bgvideo \n\t\t\t\t\t\t\t\tdata-video=\"w:100%;h:100%;nse:false;l:true;ptimer:false;\"\n\t\t\t\t\t\t\t\tdata-mp4=\"\/\/spur.cz\/wp-content\/uploads\/2022\/03\/O_NAS_desktop.mp4\"\n\t\t\t\t\t\t\t><\/rs-bgvideo>\n<!--\n\t\t\t\t\t\t\t--><rs-layer\n\t\t\t\t\t\t\t\tid=\"slider-77-slide-78-layer-6\" \n\t\t\t\t\t\t\t\tdata-type=\"text\"\n\t\t\t\t\t\t\t\tdata-rsp_ch=\"on\"\n\t\t\t\t\t\t\t\tdata-xy=\"xo:1px,38px,27px,20px;y:b;yo:145px,128px,90px,120px;\"\n\t\t\t\t\t\t\t\tdata-text=\"w:normal;s:48,39,29,24;l:60,49,37,30;fw:600;\"\n\t\t\t\t\t\t\t\tdata-dim=\"w:639px,527px,400px,367px;\"\n\t\t\t\t\t\t\t\tdata-frame_0=\"o:1;\"\n\t\t\t\t\t\t\t\tdata-frame_0_chars=\"d:5;o:0;\"\n\t\t\t\t\t\t\t\tdata-frame_1=\"e:none;\"\n\t\t\t\t\t\t\t\tdata-frame_1_chars=\"e:none;d:7;\"\n\t\t\t\t\t\t\t\tdata-frame_999=\"o:0;st:w;\"\n\t\t\t\t\t\t\t\tstyle=\"z-index:10;font-family:Poppins;\"\n\t\t\t\t\t\t\t>Our production <br \/>\nportfolio has big <br \/>\nnames at home <br \/>\nand abroad \n\t\t\t\t\t\t\t<\/rs-layer><!--\n\n\t\t\t\t\t\t\t--><rs-layer\n\t\t\t\t\t\t\t\tid=\"slider-77-slide-78-layer-7\" \n\t\t\t\t\t\t\t\tdata-type=\"shape\"\n\t\t\t\t\t\t\t\tdata-rsp_ch=\"on\"\n\t\t\t\t\t\t\t\tdata-text=\"w:normal;s:20,16,12,7;l:0,20,15,9;\"\n\t\t\t\t\t\t\t\tdata-dim=\"w:1148px,948px,720px,1174px;h:792px,904px,686px,719px;\"\n\t\t\t\t\t\t\t\tdata-basealign=\"slide\"\n\t\t\t\t\t\t\t\tdata-blendmode=\"multiply\"\n\t\t\t\t\t\t\t\tdata-frame_999=\"o:0;st:w;\"\n\t\t\t\t\t\t\t\tstyle=\"z-index:8;background:linear-gradient(90deg, rgba(12,1,1,0.4) 0%, rgba(12,0,0,0.4) 36%, rgba(12,0,0,0) 100%);\"\n\t\t\t\t\t\t\t> \n\t\t\t\t\t\t\t<\/rs-layer><!--\n-->\t\t\t\t\t\t<\/rs-slide>\n\t\t\t\t\t<\/rs-slides>\n\t\t\t\t<\/rs-module>\n\t\t\t\t<script type=\"text\/javascript\">\n\t\t\t\t\tsetREVStartSize({c: 'rev_slider_77_1',rl:[1240,1024,778,480],el:[767,768,600,574],gw:[1240,1024,778,480],gh:[767,740,600,574],type:'standard',justify:'',layout:'fullwidth',mh:\"0\"});\n\t\t\t\t\tvar\trevapi77,\n\t\t\t\t\t\ttpj;\n\t\t\t\t\tfunction revinit_revslider771() {\n\t\t\t\t\tjQuery(function() {\n\t\t\t\t\t\ttpj = jQuery;\n\t\t\t\t\t\trevapi77 = tpj(\"#rev_slider_77_1\");\n\t\t\t\t\t\tif(revapi77==undefined || revapi77.revolution == undefined){\n\t\t\t\t\t\t\trevslider_showDoubleJqueryError(\"rev_slider_77_1\");\n\t\t\t\t\t\t}else{\n\t\t\t\t\t\t\trevapi77.revolution({\n\t\t\t\t\t\t\t\tsliderLayout:\"fullwidth\",\n\t\t\t\t\t\t\t\tduration:\"10000ms\",\n\t\t\t\t\t\t\t\tvisibilityLevels:\"1240,1024,778,480\",\n\t\t\t\t\t\t\t\tgridwidth:\"1240,1024,778,480\",\n\t\t\t\t\t\t\t\tgridheight:\"767,740,600,574\",\n\t\t\t\t\t\t\t\tperspective:600,\n\t\t\t\t\t\t\t\tperspectiveType:\"global\",\n\t\t\t\t\t\t\t\teditorheight:\"767,768,600,574\",\n\t\t\t\t\t\t\t\tresponsiveLevels:\"1240,1024,778,480\",\n\t\t\t\t\t\t\t\tstopAtSlide:1,\n\t\t\t\t\t\t\t\tstopAfterLoops:0,\n\t\t\t\t\t\t\t\tstopLoop:true,\n\t\t\t\t\t\t\t\tprogressBar:{disableProgressBar:true},\n\t\t\t\t\t\t\t\tnavigation: {\n\t\t\t\t\t\t\t\t\tonHoverStop:false\n\t\t\t\t\t\t\t\t},\n\t\t\t\t\t\t\t\tparallax: {\n\t\t\t\t\t\t\t\t\tlevels:[5,10,15,20,25,30,35,40,45,46,47,48,49,50,51,30],\n\t\t\t\t\t\t\t\t\ttype:\"scroll\",\n\t\t\t\t\t\t\t\t\torigo:\"slidercenter\",\n\t\t\t\t\t\t\t\t\tspeed:0,\n\t\t\t\t\t\t\t\t\tdisable_onmobile:true\n\t\t\t\t\t\t\t\t},\n\t\t\t\t\t\t\t\tfallbacks: {\n\t\t\t\t\t\t\t\t\tallowHTML5AutoPlayOnAndroid:true\n\t\t\t\t\t\t\t\t},\n\t\t\t\t\t\t\t});\n\t\t\t\t\t\t}\n\t\t\t\t\t\t\n\t\t\t\t\t});\n\t\t\t\t\t} \/\/ End of RevInitScript\n\t\t\t\tvar once_revslider771 = false;\n\t\t\t\tif (document.readyState === \"loading\") {document.addEventListener('readystatechange',function() { if((document.readyState === \"interactive\" || document.readyState === \"complete\") && !once_revslider771 ) { once_revslider771 = true; revinit_revslider771();}});} else {once_revslider771 = true; revinit_revslider771();}\n\t\t\t\t<\/script>\n\t\t\t<\/rs-module-wrap>\n\t\t\t<!-- END REVOLUTION SLIDER -->\n\n \n\n<div class=\"container\" id=\"menu\">\n  \n        <navbar class=\"onas submenu\" id=\"\">\n                <div class=\"menu-about-us-en-container\"><ul id=\"menu-about-us-en\" class=\"menu\"><li id=\"menu-item-7552\" class=\"menu-item menu-item-type-post_type menu-item-object-page menu-item-7552\"><a href=\"https:\/\/www.spur.cz\/en\/about-us\/our-story\/\">Our story<\/a><\/li>\n<li id=\"menu-item-4417\" class=\"menu-item menu-item-type-post_type menu-item-object-page menu-item-4417\"><a href=\"https:\/\/www.spur.cz\/en\/about-us\/the-companys-history\/\">The company\u2019s history<\/a><\/li>\n<li id=\"menu-item-4418\" class=\"menu-item menu-item-type-post_type menu-item-object-page menu-item-4418\"><a href=\"https:\/\/www.spur.cz\/en\/about-us\/quality\/\">Quality<\/a><\/li>\n<li id=\"menu-item-4419\" class=\"menu-item menu-item-type-post_type menu-item-object-page menu-item-4419\"><a href=\"https:\/\/www.spur.cz\/en\/about-us\/subsidies\/\">Subsidies<\/a><\/li>\n<li class=\"menu-item menu-item-type-post_type menu-item-object-page menu-item-5986\"><a href=\"https:\/\/www.spur.cz\/en\/about-us\/\">About us<\/a><\/li>\n<\/ul><\/div>\n        <\/navbar>\n<\/div>\n\n\n<div class=\"container imagetext\"  id=\"\">\n\n        <div class=\"row align-items-center \">\n\n            <div class=\"col-12   col-md-6   \">\n                <h1>The SPUR group<\/h1>\n<p>The SPUR group of companies was created mainly through acquisitions in recent years. SPUR a.s., based in Zl\u00edn Louky, joined several companies doing business in the segment of <strong>plastic production and processing, recycling<\/strong>, <strong>production of flexible food packaging<\/strong>, two farms focused on <strong>hydroponic tomato cultivation<\/strong>, and last but not least, a company employing workers with health restrictions.<\/p>\n<h2>Portfolio diversification<\/h2>\n<p>By actively diversifying our product portfolio, today the company is stepped into the world of economy, sales and social responsibility with three strategic pillars:<strong> PLASTICS, ENERGY, AGRO + SOCIAL AREA.<\/strong><\/p>\n<h2><\/h2>\n<h2>The group in numbers:<\/h2>\n<p><strong>Production<\/strong>: total area of production premises 14 566 m\u00b2<\/p>\n<p><strong>Storage<\/strong>: total storage space area 74 128 m\u00b2<\/p>\n<p><strong>Sales<\/strong>: 2, 5 mld K\u010d (2023)<\/p>\n<p><strong>People<\/strong>: number of employees of the group 850<\/p>\n<p>&nbsp;<\/p>\n<p>&nbsp;<\/p>\n<h1>3+1 PRODUCT PILLARS OF THE SPUR GROUP:<\/h1>\n\n            <\/div>\n\n            <div class=\"col-12   col-md-6  \">\n               \n                                    <img decoding=\"async\" src=\"https:\/\/www.spur.cz\/wp-content\/uploads\/2024\/06\/SPUR-pillars.png\">\n                            <\/div>\n\n           \n        <\/div>\n    <\/div>\n\n<div class=\"container timeline\">\n    \n\n                                        <div class=\"row singletimeline\">\n                        <div class=\"col-12 col-md-6   order-2 order-md-1 \">\n                            <img decoding=\"async\" class=\"timelineimage \" data-aos=\"fade-right\" data-aos-delay=\"150\"  data-aos-offset=\"200\" data-aos-duration=\"400\" src=\"https:\/\/www.spur.cz\/wp-content\/uploads\/2024\/01\/SPUR-areal-800x800.jpg\">\n\n                                                                    <img decoding=\"async\" class=\"timelineimage mt-2\" data-aos=\"fade-right\" data-aos-delay=\"150\"  data-aos-offset=\"200\" data-aos-duration=\"400\" src=\"https:\/\/www.spur.cz\/wp-content\/uploads\/2024\/01\/SPUR-zamestnanec-800x800.jpg\">\n                                                        <\/div>\n                        <div class=\"col-12 col-md-6   order-1 order-md-2  \">\n                            <h2 data-aos=\"fade-left\"  data-aos-delay=\"300\"  data-aos-offset=\"150\"  data-aos-duration=\"600\">PLASTICS<\/h2>\n                            <div data-aos=\"fade-up\" data-aos-delay=\"400\"  data-aos-offset=\"150\"  data-aos-duration=\"600\"><h2>Polymer production and processing, including recycling<\/h2>\n<h3><span style=\"color: #000000;\"><strong>SPUR Zl\u00edn Louky<\/strong><\/span><\/h3>\n<p>Production premises: 12 992 m<sup>2<\/sup><\/p>\n<p>Storage facilities: 21 825 m<sup>2<\/sup><\/p>\n<p>Products: <a href=\"spur.cz\/en\/products\/\" target=\"_blank\" rel=\"noopener\">spur.cz\/en\/products\/<\/a><\/p>\n<p>Office rental: <a href=\"https:\/\/www.spur.cz\/en\/office-rentals\/\" target=\"_blank\" rel=\"noopener\">spur.cz\/en\/office-rentals\/<\/a><\/p>\n<p>&nbsp;<\/p>\n<h3><strong>SPUR Area Lib\u010dice<\/strong><\/h3>\n<p>Production premises: 1 890 m<sup>2<\/sup><\/p>\n<p>Storage facilities: 11 399 m<sup>2<\/sup><\/p>\n<p>Products:\u00a0<a href=\"https:\/\/www.spur.cz\/en\/product_cat\/spuro-en\/\" target=\"_blank\" rel=\"noopener\">packaging materials<\/a><\/p>\n<h3><strong>Av\u00edzo\u00a0<\/strong><\/h3>\n<p>Production premises: 1 547 m<sup>2<\/sup><\/p>\n<p>Storage facilities: 4 197 m<sup>2<\/sup><\/p>\n<p>Products:<a href=\"avizo-zliv.cz\/en\/\" target=\"_blank\" rel=\"noopener\">\u00a0avizo-zliv.cz\/en\/<\/a><\/p>\n<h3><\/h3>\n<h3><strong>IGTT a.s. <\/strong><\/h3>\n<h3><strong>SPUR plastic recycling s.r.o.<\/strong><\/h3>\n<p>Production premises: 5\u00a0500 m<sup>2<\/sup><\/p>\n<p>Storage facilities: 5\u00a0500 m<sup>2<\/sup><\/p>\n<p><a href=\"https:\/\/www.spur-recycling.cz\/en\/\" target=\"_blank\" rel=\"noopener\">We bring plastics back to life<\/a><\/p>\n<p>Project partner <a href=\"https:\/\/www.ekotrend.com\/en\/index.html\" target=\"_blank\" rel=\"noopener\"><strong>EKOTREND Ludky s.r.o.<\/strong><\/a><\/p>\n<h3><strong>Printina Flexibles s.r.o.<\/strong><\/h3>\n<p><a href=\"https:\/\/printina.eu\/\" target=\"_blank\" rel=\"noopener\">Production of flexible food packaging<\/a><\/p>\n<p>Project partner <a href=\"https:\/\/www.pebal.cz\/en\/\" target=\"_blank\" rel=\"noopener\"><strong>tkf group a.s. (Pebal)<\/strong><\/a><\/p>\n<\/div>\n                        <\/div>\n                        <\/div>\n                    \n<\/div>\n\n<div class=\"container timeline\">\n    \n\n                                        <div class=\"row singletimeline\">\n                        <div class=\"col-12 col-md-6   order-2 order-md-2 \">\n                            <img decoding=\"async\" class=\"timelineimage \" data-aos=\"fade-right\" data-aos-delay=\"150\"  data-aos-offset=\"200\" data-aos-duration=\"400\" src=\"https:\/\/www.spur.cz\/wp-content\/uploads\/2024\/01\/Foto-pohled-do-radku-rajcat-800x800.jpg\">\n\n                                                                    <img decoding=\"async\" class=\"timelineimage mt-2\" data-aos=\"fade-right\" data-aos-delay=\"150\"  data-aos-offset=\"200\" data-aos-duration=\"400\" src=\"https:\/\/www.spur.cz\/wp-content\/uploads\/2024\/06\/Bezdinek-2024-.png\">\n                                                        <\/div>\n                        <div class=\"col-12 col-md-6   text-right order-1 order-md-1 \">\n                            <h2 data-aos=\"fade-left\"  data-aos-delay=\"300\"  data-aos-offset=\"150\"  data-aos-duration=\"600\">AGRO<\/h2>\n                            <div data-aos=\"fade-up\" data-aos-delay=\"400\"  data-aos-offset=\"150\"  data-aos-duration=\"600\"><h2>Hydroponic cultivation of tomatoes and other fruit vegetables<\/h2>\n<p>In our hi-tech greenhouses in Moravia and western Slovakia, we have been growing vegetables year-round on an area of 18 ha since 2021, when we added another 3.5 ha in 2023 with an investment of 200 million crowns, thus becoming <strong>the largest greenhouse in the Czech Republic<\/strong>. (The area of 150,000 m\u00b2 is equal to the area of 25 UEFA football pitches).<\/p>\n<p>Our expert agronomists sustainably grow mostly <strong>tomatoes that ripen in a<\/strong> <strong>100% pesticide-free regime<\/strong>.<\/p>\n<p>In the years 2023-2024, we invested a total of 370 million crowns in this sector.<\/p>\n<h3><strong>Bezd\u00ednek Farm<\/strong><\/h3>\n<p>Bezd\u00ednek Farm: <a href=\"https:\/\/www.farmabezdinek.cz\/en\/\" target=\"_blank\" rel=\"noopener\">farmabezdinek.cz\/en\/<\/a><\/p>\n<p>Facebook Bezd\u00ednek Farm: <span style=\"color: #000000;\"><a style=\"color: #000000;\" href=\"https:\/\/www.facebook.com\/bezdinek\/\" target=\"_blank\" rel=\"noopener\">facebook.com\/bezdinek\/<\/a><\/span><\/p>\n<p>Excursion: <a href=\"http:\/\/farmabezdinek.cz\/en\/exkurze\/\">farmabezdinek.cz\/en\/exkurze\/<\/a><\/p>\n<h3><strong>Luty\u0148 Greenhouse<\/strong><\/h3>\n<p>In 2023, we produced 4,700,000 kg of fresh, healthy tomatoes without pesticides at Bezd\u00ednek, which corresponds to <strong>3.55% of the total annual consumption in the Czech Republic<\/strong>. The farm is currently a direct supplier to three major chains, Albert, Billa and Kaufland. In 2024, tomato production at the Luty\u0148 Greenhouse is fully underway.<\/p>\n<h3><strong>Kameni\u010dany Farm<\/strong><\/h3>\n<p>Kameni\u010dany Farm: <a href=\"farmakamenicany.sk\/en\/\" target=\"_blank\" rel=\"noopener\">farmakamenicany.sk\/en\/<\/a><\/p>\n<p>Facebook Kameni\u010dany Farm: <span style=\"color: #000000;\"><a style=\"color: #000000;\" href=\"https:\/\/www.facebook.com\/farmakamenicany\/\" target=\"_blank\" rel=\"noopener\">facebook.com\/farmakamenicany<\/a><\/span><\/p>\n<p>Shop: <a href=\"farmakamenicany.sk\/en\/partner-stores\/\" target=\"_blank\" rel=\"noopener\">farmakamenicany.sk\/en\/partner-stores\/<\/a><\/p>\n<p>&nbsp;<\/p>\n<\/div>\n                        <\/div>\n                        <\/div>\n                                        <div class=\"row singletimeline\">\n                        <div class=\"col-12 col-md-6   order-2 order-md-1 \">\n                            <img decoding=\"async\" class=\"timelineimage \" data-aos=\"fade-right\" data-aos-delay=\"150\"  data-aos-offset=\"200\" data-aos-duration=\"400\" src=\"https:\/\/www.spur.cz\/wp-content\/uploads\/2023\/05\/45233627_506313346541359_5264999094459301888_n-800x800.jpg\">\n\n                                                                    <img decoding=\"async\" class=\"timelineimage mt-2\" data-aos=\"fade-right\" data-aos-delay=\"150\"  data-aos-offset=\"200\" data-aos-duration=\"400\" src=\"https:\/\/www.spur.cz\/wp-content\/uploads\/2024\/01\/SPUR-uhlikove-neutralni-800x618.png\">\n                                                        <\/div>\n                        <div class=\"col-12 col-md-6   order-1 order-md-2  \">\n                            <h2 data-aos=\"fade-left\"  data-aos-delay=\"300\"  data-aos-offset=\"150\"  data-aos-duration=\"600\">ENERGO<\/h2>\n                            <div data-aos=\"fade-up\" data-aos-delay=\"400\"  data-aos-offset=\"150\"  data-aos-duration=\"600\"><h2>The field of alternative energies<\/h2>\n<p>In the ENERGO area, in 2023 we completed the installation of another photovoltaic power plant at our site in Zl\u00edn in Louky and at the Svit warehouse site. In total, <strong>our photovoltaic power plants already have an output of 1600 kWp<\/strong>. This year, a significant reconstruction and modernization of the heating system awaits us in the Zl\u00edn Louky area. We will start rebuilding the infrastructure from steam to hot water, and <strong>the heat source will be our own waste heat from the extrusion lines<\/strong>, which we will use for hot water heating and heating in the premises using several heat pumps.<\/p>\n<p>At the Bezd\u00ednek Farm in Doln\u00ed Lutyn, we commissioned a gas boiler house and a hot water storage tank in 2023, and we are completing two cogeneration units for the <strong>production of heat, electricity and CO2, which is necessary for the nutrition of plants in greenhouses<\/strong>.<\/p>\n<p><strong>Our own biogas station<\/strong> in Slovakia in the Kameni\u010dany Farm area <strong>produced electricity from biomass in an amount that corresponds to the annual consumption of 3,000 households<\/strong>. For the production of biogas, <strong>we primarily use waste from our greenhouse and from local producers<\/strong> (for example, cuttings from a nearby sugar factory, stale bread from the chain&#8217;s central warehouses or whey from a nearby dairy).<\/p>\n<p>We are strategically taking these and other steps to <strong>significantly reduce our carbon footprint<\/strong>.<\/p>\n<\/div>\n                        <\/div>\n                        <\/div>\n                                        <div class=\"row singletimeline\">\n                        <div class=\"col-12 col-md-6   order-2 order-md-2 \">\n                            <img decoding=\"async\" class=\"timelineimage \" data-aos=\"fade-right\" data-aos-delay=\"150\"  data-aos-offset=\"200\" data-aos-duration=\"400\" src=\"https:\/\/www.spur.cz\/wp-content\/uploads\/2024\/01\/avizo-800x800.jpg\">\n\n                                                        <\/div>\n                        <div class=\"col-12 col-md-6   text-right order-1 order-md-1 \">\n                            <h2 data-aos=\"fade-left\"  data-aos-delay=\"300\"  data-aos-offset=\"150\"  data-aos-duration=\"600\">SOCIAL AREA<\/h2>\n                            <div data-aos=\"fade-up\" data-aos-delay=\"400\"  data-aos-offset=\"150\"  data-aos-duration=\"600\"><h2>Sheltered Workshops<\/h2>\n<p>In the South Bohemian company Avizo, we employ more than 60 employees with different levels of health handicaps.<\/p>\n<p>About the company: <a href=\"avizo-zliv.cz\/en\/\" target=\"_blank\" rel=\"noopener\">avizo-zliv.cz\/en\/<\/a><\/p>\n<p>We help: <a href=\"spur.cz\/en\/we-help\/\" target=\"_blank\" rel=\"noopener\">spur.cz\/en\/we-help\/<\/a><\/p>\n<p>&nbsp;<\/p>\n<\/div>\n                        <\/div>\n                        <\/div>\n                    \n<\/div>\n\n<div class=\"container imagetext\"  id=\"\">\n\n        <div class=\"row align-items-center \">\n\n            <div class=\"col-12   col-md-6   \">\n                <h1>THE VISION<\/h1>\n<p>As a SPUR group of companies, we continue to focus on fulfilling our vision of sustainable growth by <strong>significantly reducing our carbon footprint<\/strong>. Every year we want to initiate the production of a new product that comes from the kitchen of <strong>our own research and development<\/strong> in order to permanently bring <strong>an offer with high added value<\/strong> to the market.<\/p>\n<p>&nbsp;<\/p>\n<h1>PHILOSOPHY &amp; VALUES<\/h1>\n<p>The company was founded by a family whose members are still the majority owners and active managers of the company.<\/p>\n<p><a href=\"https:\/\/forbes.cz\/lists\/nejvetsi-rodinne-firmy-ceska-2022\/?slide=2\" target=\"_blank\" rel=\"noopener\">175 of the largest family businesses in the Czech Republic \u2014 Forbes<\/a><\/p>\n<p>Together, we are building a <strong>DISTINGUISHABLE COMPANY<\/strong> for the long term. A company that is proud of its people, its quality and the services it provides to them and to its customers and partners. A company that can be an inspiration to others.<\/p>\n<p><strong>Our corporate duty and mission<\/strong> is first and foremost to generate profit, stay innovative, invest in our 3 +1 strategic business areas, and thereby continuously strengthen the growth mindset of our great people.<\/p>\n<p>Only with great people can we achieve great results.<\/p>\n\n            <\/div>\n\n            <div class=\"col-12   col-md-6  \">\n               \n                                    <img decoding=\"async\" src=\"https:\/\/www.spur.cz\/wp-content\/uploads\/2024\/06\/SPUR-vision-and-values.png\">\n                            <\/div>\n\n           \n        <\/div>\n    <\/div>\n\n<div class=\"container imagetext\"  id=\"\">\n\n        <div class=\"row align-items-center \">\n\n            <div class=\"col-12   col-md-6    order-1 order-md-2 \">\n                <h1>SOCIAL RESPONSIBILITY<\/h1>\n<p>We are returning the achievements of our fathers to our country and our home region of Zl\u00edn. We treat the environment, society and the administrative apparatus of the state with utmost respect.<\/p>\n<p>Tom\u00e1\u0161 Dud\u00e1k from the plastic company SPUR became the EY Entrepreneur of the Year in the Zl\u00edn Region<\/p>\n<p>&nbsp;<\/p>\n<h1>RESPONSIBILITY TO EARTH<\/h1>\n<p>Throughout our business, we try to apply the requirements brought by the world and society around us. In recent years, it has mainly been the Green Deal, whose goals directly affect us in the area of the environment and social and economic responsibility. These demands make us a modern-minded and acting company.<\/p>\n<p><a href=\"https:\/\/www.spur.cz\/en\/we-help\/\" target=\"_blank\" rel=\"noopener\">We help \u2013 SPUR<\/a><\/p>\n<p><a href=\"https:\/\/www.spur.cz\/spur-ziskal-oceneni-green-label\/\" target=\"_blank\" rel=\"noopener\">SPUR received the Green Label award\u00a0<\/a><\/p>\n\n            <\/div>\n\n            <div class=\"col-12   col-md-6   order-2 order-md-1 \">\n               \n                                    <img decoding=\"async\" src=\"https:\/\/www.spur.cz\/wp-content\/uploads\/2024\/01\/spolecenska-odpovednost-SPUR-800x800.jpg\">\n                            <\/div>\n\n           \n        <\/div>\n    <\/div>\n\n<div class=\"container imagetext\"  id=\"\">\n\n        <div class=\"row align-items-center \">\n\n            <div class=\"col-12   col-md-6   \">\n                <h1>CIRCULARITY<\/h1>\n<p>LCA analyzes indicate that 0.3 kg of CO2 is released for the preparation of 1 kg of recycled polypropylene, while 2 &#8211; 2.5 kg of CO2 is released for its production from oil. We have timid plans in this area. We are gradually <strong>replacing fossil resources to produce our primary raw materials<\/strong>. Our product will be 50 % lighter, releasing 50 % less CO2 into the atmosphere.<\/p>\n<p>We want to become a <strong>major processor of plastic waste from households throughout Moravia<\/strong>, from waste recycling to the production of the final product in the 4 most basic types of plastic &#8211; PP, HDPE, LDPE, PET, as these four types of plastic make up 70 % of the total plastic waste ending up in sorted waste.<\/p>\n<p>Today, we process around 15,000 tons of plastic per year into products whose utility value is of <strong>high social or environmental importance &#8211; <a href=\"https:\/\/www.spur.cz\/en\/product_cat\/tubex-en\/\" target=\"_blank\" rel=\"noopener\">insulation<\/a>, <a href=\"https:\/\/www.spurtex.cz\/en\" target=\"_blank\" rel=\"noopener\">respirators<\/a> or <a href=\"https:\/\/www.spur.cz\/en\/production-for-better-shelter-has-begun\/\" target=\"_blank\" rel=\"noopener\">panels for houses for refugees<\/a><\/strong>, these are product groups where, through long-term in-house development, we have achieved <strong>procedures using a minimum amount of primary raw material<\/strong> thanks to lightening ecological gas or in combination with recyclate. Our processes often lead to the complete replacement of the primary raw material.<\/p>\n\n            <\/div>\n\n            <div class=\"col-12   col-md-6  \">\n               \n                                    <img decoding=\"async\" src=\"https:\/\/www.spur.cz\/wp-content\/uploads\/2024\/01\/cirkularita-800x800.jpg\">\n                            <\/div>\n\n           \n        <\/div>\n    <\/div>\n\n<div class=\"container imagetext\"  id=\"\">\n\n        <div class=\"row align-items-center \">\n\n            <div class=\"col-12   col-md-6    order-1 order-md-2 \">\n                <h1><\/h1>\n<h1><\/h1>\n<h1>IN-HOUSE DEVELOPMENT AND RESEARCH<\/h1>\n<p>Every year, we want to initiate the production of a new product that comes from the kitchen of our own research and development in order to permanently bring <strong>an offer with high added value to the market<\/strong>.<\/p>\n<p>We constantly <strong>invest in our own product development<\/strong>, the construction (ecodesign) of which enables the product to be <strong>recycled again after the end of its life cycle<\/strong>.<\/p>\n<p>In 2024, we are fully focused on the completion of an investment project in the area of <strong>full recycling<\/strong>, which will result in our own product with the maximum proportion of recycled material in the input material, and again fully recyclable after fulfilling its useful value.<\/p>\n<p>&nbsp;<\/p>\n<p>&nbsp;<\/p>\n<p>&nbsp;<\/p>\n<p>&nbsp;<\/p>\n<p>&nbsp;<\/p>\n\n            <\/div>\n\n            <div class=\"col-12   col-md-6   order-2 order-md-1 \">\n               \n                                    <img decoding=\"async\" src=\"https:\/\/www.spur.cz\/wp-content\/uploads\/2024\/01\/vyzkum-a-vyvoj-800x800.jpg\">\n                            <\/div>\n\n           \n        <\/div>\n    <\/div>","protected":false},"excerpt":{"rendered":"","protected":false},"author":7,"featured_media":0,"parent":4221,"menu_order":0,"comment_status":"closed","ping_status":"closed","template":"","meta":{"inline_featured_image":false,"footnotes":""},"class_list":["post-7213","page","type-page","status-publish","hentry"],"aioseo_notices":[],"_links":{"self":[{"href":"https:\/\/www.spur.cz\/en\/wp-json\/wp\/v2\/pages\/7213","targetHints":{"allow":["GET"]}}],"collection":[{"href":"https:\/\/www.spur.cz\/en\/wp-json\/wp\/v2\/pages"}],"about":[{"href":"https:\/\/www.spur.cz\/en\/wp-json\/wp\/v2\/types\/page"}],"author":[{"embeddable":true,"href":"https:\/\/www.spur.cz\/en\/wp-json\/wp\/v2\/users\/7"}],"replies":[{"embeddable":true,"href":"https:\/\/www.spur.cz\/en\/wp-json\/wp\/v2\/comments?post=7213"}],"version-history":[{"count":18,"href":"https:\/\/www.spur.cz\/en\/wp-json\/wp\/v2\/pages\/7213\/revisions"}],"predecessor-version":[{"id":9559,"href":"https:\/\/www.spur.cz\/en\/wp-json\/wp\/v2\/pages\/7213\/revisions\/9559"}],"up":[{"embeddable":true,"href":"https:\/\/www.spur.cz\/en\/wp-json\/wp\/v2\/pages\/4221"}],"wp:attachment":[{"href":"https:\/\/www.spur.cz\/en\/wp-json\/wp\/v2\/media?parent=7213"}],"curies":[{"name":"wp","href":"https:\/\/api.w.org\/{rel}","templated":true}]}}