  

            {"id":4327,"date":"2021-11-29T11:06:44","date_gmt":"2021-11-29T10:06:44","guid":{"rendered":"https:\/\/www.spur.cz\/ochranne-zdravotni-prostredky\/"},"modified":"2022-05-20T10:29:57","modified_gmt":"2022-05-20T08:29:57","slug":"personal-protective-equipment","status":"publish","type":"page","link":"https:\/\/www.spur.cz\/en\/personal-protective-equipment\/","title":{"rendered":"Personal protective equipment"},"content":{"rendered":"    \n\t\t\t<!-- START OCHRANNE ZDRAV POM EN REVOLUTION SLIDER 6.3.9 --><p class=\"rs-p-wp-fix\"><\/p>\n\t\t\t<rs-module-wrap id=\"rev_slider_97_1_wrapper\" data-source=\"gallery\" style=\"background:transparent;padding:0;margin:0px auto;margin-top:0;margin-bottom:0;\">\n\t\t\t\t<rs-module id=\"rev_slider_97_1\" style=\"\" data-version=\"6.3.9\">\n\t\t\t\t\t<rs-slides>\n\t\t\t\t\t\t<rs-slide data-key=\"rs-98\" data-title=\"Slide\" data-anim=\"ei:d;eo:d;s:1000;r:0;t:fade;sl:0;\">\n\t\t\t\t\t\t\t<img decoding=\"async\" src=\"\/\/www.spur.cz\/wp-content\/plugins\/revslider\/public\/assets\/assets\/transparent.png\" title=\"Personal protective equipment\" data-parallax=\"off\" class=\"rev-slidebg\" data-no-retina>\n\t\t\t\t\t\t\t<rs-bgvideo \n\t\t\t\t\t\t\t\tdata-video=\"w:100%;h:100%;nse:false;l:true;ptimer:false;\"\n\t\t\t\t\t\t\t\tdata-mp4=\"\/\/spur.cz\/wp-content\/uploads\/2022\/03\/pchranne_zdrav_pomucky.mp4\"\n\t\t\t\t\t\t\t><\/rs-bgvideo>\n<!--\n\t\t\t\t\t\t\t--><a\n\t\t\t\t\t\t\t\tid=\"slider-97-slide-98-layer-1\" \n\t\t\t\t\t\t\t\tclass=\"rs-layer rev-btn\"\n\t\t\t\t\t\t\t\thref=\"https:\/\/eshop.spur.cz\/en\" target=\"_blank\" rel=\"noopener\"\n\t\t\t\t\t\t\t\tdata-type=\"button\"\n\t\t\t\t\t\t\t\tdata-rsp_ch=\"on\"\n\t\t\t\t\t\t\t\tdata-xy=\"y:b;yo:60px,49px,37px,22px;\"\n\t\t\t\t\t\t\t\tdata-text=\"w:normal;s:16,13,9,5;l:40,33,25,15;fw:500;\"\n\t\t\t\t\t\t\t\tdata-dim=\"minh:0px,none,none,none;\"\n\t\t\t\t\t\t\t\tdata-padding=\"t:5,4,3,2;r:40,33,25,15;b:5,4,3,2;l:40,33,25,15;\"\n\t\t\t\t\t\t\t\tdata-frame_999=\"o:0;st:w;\"\n\t\t\t\t\t\t\t\tdata-frame_hover=\"c:#fff;bgc:#000;bor:0px,0px,0px,0px;\"\n\t\t\t\t\t\t\t\tstyle=\"z-index:10;background:linear-gradient(90deg, rgba(247,166,33,1) 0%, rgba(238,114,3,1) 100%);font-family:Roboto;\"\n\t\t\t\t\t\t\t>SPURTEX\u00ae SORTIMENT \n\t\t\t\t\t\t\t<\/a><!--\n\n\t\t\t\t\t\t\t--><rs-layer\n\t\t\t\t\t\t\t\tid=\"slider-97-slide-98-layer-6\" \n\t\t\t\t\t\t\t\tdata-type=\"text\"\n\t\t\t\t\t\t\t\tdata-color=\"#333333\"\n\t\t\t\t\t\t\t\tdata-rsp_ch=\"on\"\n\t\t\t\t\t\t\t\tdata-xy=\"xo:0,38px,27px,20px;y:b;yo:146px,128px,90px,120px;\"\n\t\t\t\t\t\t\t\tdata-text=\"w:normal;s:48,39,29,24;l:60,49,37,30;fw:600;\"\n\t\t\t\t\t\t\t\tdata-dim=\"w:639px,527px,400px,367px;\"\n\t\t\t\t\t\t\t\tdata-frame_0=\"o:1;\"\n\t\t\t\t\t\t\t\tdata-frame_0_chars=\"d:5;o:0;\"\n\t\t\t\t\t\t\t\tdata-frame_1=\"e:none;\"\n\t\t\t\t\t\t\t\tdata-frame_1_chars=\"e:none;d:7;\"\n\t\t\t\t\t\t\t\tdata-frame_999=\"o:0;st:w;\"\n\t\t\t\t\t\t\t\tstyle=\"z-index:9;font-family:Poppins;\"\n\t\t\t\t\t\t\t>SPURTEX\u00ae and NANOS\u00ae<br \/>\nPersonal protective <br \/>\nequipment<br \/>\n<br \/>\n \n\t\t\t\t\t\t\t<\/rs-layer><!--\n-->\t\t\t\t\t\t<\/rs-slide>\n\t\t\t\t\t<\/rs-slides>\n\t\t\t\t<\/rs-module>\n\t\t\t\t<script type=\"text\/javascript\">\n\t\t\t\t\tsetREVStartSize({c: 'rev_slider_97_1',rl:[1240,1024,778,480],el:[610,768,600,574],gw:[1240,1024,778,480],gh:[610,600,550,500],type:'standard',justify:'',layout:'fullwidth',mh:\"0\"});\n\t\t\t\t\tvar\trevapi97,\n\t\t\t\t\t\ttpj;\n\t\t\t\t\tfunction revinit_revslider971() {\n\t\t\t\t\tjQuery(function() {\n\t\t\t\t\t\ttpj = jQuery;\n\t\t\t\t\t\trevapi97 = tpj(\"#rev_slider_97_1\");\n\t\t\t\t\t\tif(revapi97==undefined || revapi97.revolution == undefined){\n\t\t\t\t\t\t\trevslider_showDoubleJqueryError(\"rev_slider_97_1\");\n\t\t\t\t\t\t}else{\n\t\t\t\t\t\t\trevapi97.revolution({\n\t\t\t\t\t\t\t\tsliderLayout:\"fullwidth\",\n\t\t\t\t\t\t\t\tduration:\"10000ms\",\n\t\t\t\t\t\t\t\tvisibilityLevels:\"1240,1024,778,480\",\n\t\t\t\t\t\t\t\tgridwidth:\"1240,1024,778,480\",\n\t\t\t\t\t\t\t\tgridheight:\"610,600,550,500\",\n\t\t\t\t\t\t\t\tperspective:600,\n\t\t\t\t\t\t\t\tperspectiveType:\"global\",\n\t\t\t\t\t\t\t\teditorheight:\"610,768,600,574\",\n\t\t\t\t\t\t\t\tresponsiveLevels:\"1240,1024,778,480\",\n\t\t\t\t\t\t\t\tstopAtSlide:1,\n\t\t\t\t\t\t\t\tstopAfterLoops:0,\n\t\t\t\t\t\t\t\tstopLoop:true,\n\t\t\t\t\t\t\t\tprogressBar:{disableProgressBar:true},\n\t\t\t\t\t\t\t\tnavigation: {\n\t\t\t\t\t\t\t\t\tonHoverStop:false\n\t\t\t\t\t\t\t\t},\n\t\t\t\t\t\t\t\tparallax: {\n\t\t\t\t\t\t\t\t\tlevels:[5,10,15,20,25,30,35,40,45,46,47,48,49,50,51,30],\n\t\t\t\t\t\t\t\t\ttype:\"scroll\",\n\t\t\t\t\t\t\t\t\torigo:\"slidercenter\",\n\t\t\t\t\t\t\t\t\tspeed:0,\n\t\t\t\t\t\t\t\t\tdisable_onmobile:true\n\t\t\t\t\t\t\t\t},\n\t\t\t\t\t\t\t\tfallbacks: {\n\t\t\t\t\t\t\t\t\tallowHTML5AutoPlayOnAndroid:true\n\t\t\t\t\t\t\t\t},\n\t\t\t\t\t\t\t});\n\t\t\t\t\t\t}\n\t\t\t\t\t\t\n\t\t\t\t\t});\n\t\t\t\t\t} \/\/ End of RevInitScript\n\t\t\t\tvar once_revslider971 = false;\n\t\t\t\tif (document.readyState === \"loading\") {document.addEventListener('readystatechange',function() { if((document.readyState === \"interactive\" || document.readyState === \"complete\") && !once_revslider971 ) { once_revslider971 = true; revinit_revslider971();}});} else {once_revslider971 = true; revinit_revslider971();}\n\t\t\t\t<\/script>\n\t\t\t<\/rs-module-wrap>\n\t\t\t<!-- END REVOLUTION SLIDER -->\n\n \n\n<div class=\"container textblock\"  id=\"\">\n\n        <div class=\"row\">\n            <div class=\"col-12 col-md-8 text-block-a\">\n                <p class=\"p1\">We use our own SPURTEX\u00ae nano material for the production of SPURTEX\u00ae and NANOS\u00ae nano face masks and nano respirators, which have excellent filtration properties. We offer FFP2 face masks, FFP2 respirators, FFP3 respirators in unique shapes, and respirators with special antibacterial treatment. We design and produce them ourselves in the Czech Republic, and they are certified by accredited Czech and foreign institutes. You can buy our nano face masks, nano respirators and antibacterial cases at <a href=\"http:\/\/www.eshop.spur.cz\/en\" target=\"_blank\" rel=\"noopener\">www.eshop.spur.cz\/en<\/a><\/p>\n \n            <\/div>\n        <\/div>\n\n<\/div>\n\n<div class=\"container imagetext\"  id=\"\">\n\n        <div class=\"row align-items-center \">\n\n            <div class=\"col-12   col-md-6   \">\n                <h2>SPURTEX\u00ae NANOTECHNOLOGY<\/h2>\n<p class=\"p1\">The SPURTEX\u00ae nanofibre filter membrane creates a mechanical barrier that has exceptional filtration capabilities. It prevents the penetration of harmful particles, making it particularly suitable for use in healthcare. SPURTEX\u00ae used in face masks or respirators is extremely effective in protecting the wearer and the environment, because it has much smaller pores than the size of unwanted particles such as smog, bacteria, aerosols, and even viruses.<\/p>\n<p><a class=\"borderbutton\" target=\"_blank\" href=\"https:\/\/www.spurtex.cz\/en\">GO TO SITE <\/a><\/p>\n\n            <\/div>\n\n            <div class=\"col-12   col-md-6  \">\n               \n                                    <img decoding=\"async\" src=\"https:\/\/www.spur.cz\/wp-content\/uploads\/2021\/11\/Spurtex_FFP3_10ks.png\">\n                            <\/div>\n\n           \n        <\/div>\n    <\/div>\n\n<div class=\"container eshopblock\"  id=\"\">\n    <div class=\"row\">\n        <div class=\"col-12\">\n            <div class=\"owl-carousel eshop\">\n\n\n                    \n                    <div class=\"item\">\n                        <img decoding=\"async\" src=\"https:\/\/www.spur.cz\/wp-content\/uploads\/2021\/12\/atb_pouzdro_eshop2_cz-500x375.jpg\" alt=\"\" \/>\n                        <h4>Antibakteri\u00e1ln\u00ed pouzdro SPURTEX\u00ae na rou\u0161ky a respir\u00e1tory<\/h4>\n                        <p><a class=\"borderbutton\" target=\"_blank\" href=\"https:\/\/eshop.spur.cz\/antibakterialni-pouzdro-spurtex-na-rousky-a-respiratory\/\">GET<\/a><\/p>\n                    <\/div>\n\n                    \n                    <div class=\"item\">\n                        <img decoding=\"async\" src=\"https:\/\/www.spur.cz\/wp-content\/uploads\/2021\/12\/respirator_cerny_eshop-500x375.jpg\" alt=\"\" \/>\n                        <h4>Nanorespir\u00e1tor SPURTEX\u00ae V100 FFP2 NR CE &#8211; \u010cERN\u00dd <\/h4>\n                        <p><a class=\"borderbutton\" target=\"_blank\" href=\"https:\/\/eshop.spur.cz\/nanorespirator-spurtex-pp-l2-v20-05-s-cerny\/\">GET<\/a><\/p>\n                    <\/div>\n\n                    \n                    <div class=\"item\">\n                        <img decoding=\"async\" src=\"https:\/\/www.spur.cz\/wp-content\/uploads\/2021\/12\/respirator_novy_eshop-500x375.jpg\" alt=\"\" \/>\n                        <h4>Nanorespir\u00e1tor SPURTEX\u00ae V100 FFP2 NR CE<\/h4>\n                        <p><a class=\"borderbutton\" target=\"_blank\" href=\"https:\/\/eshop.spur.cz\/nanorespirator-spurtex-v100-ffp2-nr\/\">GET<\/a><\/p>\n                    <\/div>\n\n                    \n                    <div class=\"item\">\n                        <img decoding=\"async\" src=\"https:\/\/www.spur.cz\/wp-content\/uploads\/2021\/11\/46_pprouska-bila-potistena-eshop-500x375.jpg\" alt=\"\" \/>\n                        <h4>Nanorou\u0161ka SPURTEX\u00ae PP Standard<\/h4>\n                        <p><a class=\"borderbutton\" target=\"_blank\" href=\"https:\/\/eshop.spur.cz\/nanorouska-spurtex-pp-standard\/\">GET<\/a><\/p>\n                    <\/div>\n\n                    \n                    <div class=\"item\">\n                        <img decoding=\"async\" src=\"https:\/\/www.spur.cz\/wp-content\/uploads\/2021\/12\/VSrouska_baby_eshop-500x375.jpg\" alt=\"\" \/>\n                        <h4>Nanorou\u0161ka SPURTEX\u00ae VS Premium<\/h4>\n                        <p><a class=\"borderbutton\" target=\"_blank\" href=\"https:\/\/eshop.spur.cz\/nanorouska-spurtex-vs-premium\/\">GET<\/a><\/p>\n                    <\/div>\n\n                    \n                    <div class=\"item\">\n                        <img decoding=\"async\" src=\"https:\/\/www.spur.cz\/wp-content\/uploads\/2021\/12\/165-4_nano-respirator-spurtex-v300-ffp3-nr-flowpack-500x375.jpeg\" alt=\"\" \/>\n                        <h4>Nanorespir\u00e1tor SPURTEX\u00ae V300 FFP3 NR<\/h4>\n                        <p><a class=\"borderbutton\" target=\"_blank\" href=\"https:\/\/eshop.spur.cz\/nanorespirator-spurtex-v300-ffp3-nr\/\">GET<\/a><\/p>\n                    <\/div>\n\n                    \n                    <div class=\"item\">\n                        <img decoding=\"async\" src=\"https:\/\/www.spur.cz\/wp-content\/uploads\/2021\/12\/FFP3_10ks_eshop_cz-500x375.jpg\" alt=\"\" \/>\n                        <h4>Nanorespir\u00e1tor SPURTEX\u00ae V300 FFP3 NR 10ks<\/h4>\n                        <p><a class=\"borderbutton\" target=\"_blank\" href=\"https:\/\/eshop.spur.cz\/nanorespirator-spurtex-v300-ffp3-nr-10ks\/\">GET<\/a><\/p>\n                    <\/div>\n\n                    \n                    <div class=\"item\">\n                        <img decoding=\"async\" src=\"https:\/\/www.spur.cz\/wp-content\/uploads\/2021\/12\/102_dezinfekce-100ml-eshop-500x375.jpeg\" alt=\"\" \/>\n                        <h4>Dezinfekce SPURTEX\u00ae Unisanol<\/h4>\n                        <p><a class=\"borderbutton\" target=\"_blank\" href=\"https:\/\/eshop.spur.cz\/dezinfekce-spurtex-unisanol\/\">GET<\/a><\/p>\n                    <\/div>\n\n                    \n                    <div class=\"item\">\n                        <img decoding=\"async\" src=\"https:\/\/www.spur.cz\/wp-content\/uploads\/2021\/12\/cestovni_baleni_family-500x375.jpg\" alt=\"\" \/>\n                        <h4>Cestovn\u00ed balen\u00ed SPURTEX\u00ae FAMILY<\/h4>\n                        <p><a class=\"borderbutton\" target=\"_blank\" href=\"https:\/\/eshop.spur.cz\/cestovni-baleni-spurtex-family\/\">GET<\/a><\/p>\n                    <\/div>\n\n                    \n                    <div class=\"item\">\n                        <img decoding=\"async\" src=\"https:\/\/www.spur.cz\/wp-content\/uploads\/2021\/12\/cestovni_baleni_standard-500x375.jpg\" alt=\"\" \/>\n                        <h4>Cestovn\u00ed balen\u00ed SPURTEX\u00ae STANDARD pro 1 osobu<\/h4>\n                        <p><a class=\"borderbutton\" target=\"_blank\" href=\"https:\/\/eshop.spur.cz\/cestovnibaleni\/\">GET<\/a><\/p>\n                    <\/div>\n\n                    \n                    <div class=\"item\">\n                        <img decoding=\"async\" src=\"https:\/\/www.spur.cz\/wp-content\/uploads\/2021\/12\/VSrouska_baby_2_eshop-500x375.jpg\" alt=\"\" \/>\n                        <h4>Nanorou\u0161ka SPURTEX\u00ae VS Premium &#8211; baby<\/h4>\n                        <p><a class=\"borderbutton\" target=\"_blank\" href=\"https:\/\/eshop.spur.cz\/nanorouska-spurtex-vs-premium-baby\/\">GET<\/a><\/p>\n                    <\/div>\n\n                    \n                    <div class=\"item\">\n                        <img decoding=\"async\" src=\"https:\/\/www.spur.cz\/wp-content\/uploads\/2021\/12\/VSrouska_junior_2_eshop-500x375.jpg\" alt=\"\" \/>\n                        <h4>Nanorou\u0161ka SPURTEX\u00ae VS Premium &#8211; junior<\/h4>\n                        <p><a class=\"borderbutton\" target=\"_blank\" href=\"https:\/\/eshop.spur.cz\/nanorouska-spurtex-vs-premium-junior\/\">GET<\/a><\/p>\n                    <\/div>\n\n                    \n                    <div class=\"item\">\n                        <img decoding=\"async\" src=\"https:\/\/www.spur.cz\/wp-content\/uploads\/2021\/12\/extender_potisteny_eshop-500x375.jpg\" alt=\"\" \/>\n                        <h4>Spona pro rou\u0161ku\/respir\u00e1tor 15ks v bal.<\/h4>\n                        <p><a class=\"borderbutton\" target=\"_blank\" href=\"https:\/\/eshop.spur.cz\/spona-pro-rousku-respirator\/\">GET<\/a><\/p>\n                    <\/div>\n\n                    \n                    <div class=\"item\">\n                        <img decoding=\"async\" src=\"https:\/\/www.spur.cz\/wp-content\/uploads\/2021\/12\/Filtr_P2_cz_eshop-500x375.jpg\" alt=\"\" \/>\n                        <h4>Nano SPURTEX\u00ae vzduchov\u00fd filtr B25 P2 R<\/h4>\n                        <p><a class=\"borderbutton\" target=\"_blank\" href=\"https:\/\/eshop.spur.cz\/nano-spurtex-vzduchovy-filtr-b25-p2-r\/\">GET<\/a><\/p>\n                    <\/div>\n\n                    \n                    <div class=\"item\">\n                        <img decoding=\"async\" src=\"https:\/\/www.spur.cz\/wp-content\/uploads\/2021\/12\/66_prirez-uvod-500x314.jpeg\" alt=\"\" \/>\n                        <h4>Nano filtry do rou\u0161ky \u2013 SPURTEX\u00ae &#8211; 10 x 15 | 10 ks<\/h4>\n                        <p><a class=\"borderbutton\" target=\"_blank\" href=\"https:\/\/eshop.spur.cz\/nano-filtry-do-rousky-spurtex-10-x-15-10-ks\/\">GET<\/a><\/p>\n                    <\/div>\n\n                    \n\n            <\/div>\n\n            \n                        <div class=\"arrows\">\n                            <div class=\"nextarrow\">\n\n                            <\/div>\n                            <div class=\"prevarrow\">\n\n                            <\/div>\n                        <\/div>\n        <\/div>\n    <\/div>\n<\/div>\n\n<div class=\"container imagetext\"  id=\"\">\n\n        <div class=\"row align-items-center \">\n\n            <div class=\"col-12   col-md-6    order-1 order-md-2 \">\n                <h2>NANOS\u00ae<\/h2>\n<p class=\"p1\">The stylish NANOS\u00ae face mask line has excellent filtration properties thanks to the SPURTEX\u00ae nano membrane. The original NANOS \u00ae face mask designs provide attractive protective equipment for demanding customers that will protect them all day against bacteria and viruses, while also serving as a stylish fashion accessory.<\/p>\n\n            <\/div>\n\n            <div class=\"col-12   col-md-6   order-2 order-md-1 \">\n               \n                                    <img decoding=\"async\" src=\"https:\/\/www.spur.cz\/wp-content\/uploads\/2021\/11\/Nanos_obaly.png\">\n                            <\/div>\n\n           \n        <\/div>\n    <\/div>\n\n<div class=\"container eshopblock\"  id=\"\">\n    <div class=\"row\">\n        <div class=\"col-12\">\n            <div class=\"owl-carousel eshop\">\n\n\n                    \n                    <div class=\"item\">\n                        <img decoding=\"async\" src=\"https:\/\/www.spur.cz\/wp-content\/uploads\/2021\/12\/tubus_nanos_dezinfekce_sVS_2_eshop-500x375.jpg\" alt=\"\" \/>\n                        <h4>NANOS\u00ae 6 v 1<\/h4>\n                        <p><a class=\"borderbutton\" target=\"_blank\" href=\"https:\/\/eshop.spur.cz\/nanos_6v1\/\">GET<\/a><\/p>\n                    <\/div>\n\n                    \n                    <div class=\"item\">\n                        <img decoding=\"async\" src=\"https:\/\/www.spur.cz\/wp-content\/uploads\/2021\/12\/tubus_rouska_sobi_eshop-500x375.jpg\" alt=\"\" \/>\n                        <h4>NANOS\u00ae rou\u0161ka norsk\u00fd vzor 5ks<\/h4>\n                        <p><a class=\"borderbutton\" target=\"_blank\" href=\"https:\/\/eshop.spur.cz\/nanos-rouska-veseli-sobi-5ks\/\">GET<\/a><\/p>\n                    <\/div>\n\n                    \n                    <div class=\"item\">\n                        <img decoding=\"async\" src=\"https:\/\/www.spur.cz\/wp-content\/uploads\/2021\/12\/tubus_nanos_dezinfekce_sVS_3_eshop-500x375.jpg\" alt=\"\" \/>\n                        <h4>NANOS\u00ae 6 v 1 Cibul\u00e1k<\/h4>\n                        <p><a class=\"borderbutton\" target=\"_blank\" href=\"https:\/\/eshop.spur.cz\/nanos-6-v-1-cibulak\/\">GET<\/a><\/p>\n                    <\/div>\n\n                    \n                    <div class=\"item\">\n                        <img decoding=\"async\" src=\"https:\/\/www.spur.cz\/wp-content\/uploads\/2021\/12\/tubus_nanosik_dezinfekce_eshop-500x375.jpg\" alt=\"\" \/>\n                        <h4>NANOS\u00cdK\u00ae 6 v 1 Pon\u00edci<\/h4>\n                        <p><a class=\"borderbutton\" target=\"_blank\" href=\"https:\/\/eshop.spur.cz\/nanosik-6-v-1-ponici\/\">GET<\/a><\/p>\n                    <\/div>\n\n                    \n                    <div class=\"item\">\n                        <img decoding=\"async\" src=\"https:\/\/www.spur.cz\/wp-content\/uploads\/2021\/12\/nanosik_kostky_doypack_a_produkt-500x375.jpg\" alt=\"\" \/>\n                        <h4>D\u011btsk\u00fd NANOS\u00cdK\u00ae s vesel\u00fdmi motivy<\/h4>\n                        <p><a class=\"borderbutton\" target=\"_blank\" href=\"https:\/\/eshop.spur.cz\/detsky-nanosik-s-veselymi-motivy\/\">GET<\/a><\/p>\n                    <\/div>\n\n                    \n                    <div class=\"item\">\n                        <img decoding=\"async\" src=\"https:\/\/www.spur.cz\/wp-content\/uploads\/2021\/12\/nanosik_smajlici_doypack_a_produkt-1-500x375.jpg\" alt=\"\" \/>\n                        <h4>D\u011btsk\u00fd NANOS\u00cdK\u00ae s vesel\u00fdmi motivy<\/h4>\n                        <p><a class=\"borderbutton\" target=\"_blank\" href=\"https:\/\/eshop.spur.cz\/detsky-nanosik-s-veselymi-motivy\/\">GET<\/a><\/p>\n                    <\/div>\n\n                    \n                    <div class=\"item\">\n                        <img decoding=\"async\" src=\"https:\/\/www.spur.cz\/wp-content\/uploads\/2021\/12\/nanosik_kyticky_doypack_a_produkt-500x375.jpg\" alt=\"\" \/>\n                        <h4>D\u011btsk\u00fd NANOS\u00cdK\u00ae s vesel\u00fdmi motivy<\/h4>\n                        <p><a class=\"borderbutton\" target=\"_blank\" href=\"https:\/\/eshop.spur.cz\/detsky-nanosik-s-veselymi-motivy\/\">GET<\/a><\/p>\n                    <\/div>\n\n                    \n\n            <\/div>\n\n            \n                        <div class=\"arrows\">\n                            <div class=\"nextarrow\">\n\n                            <\/div>\n                            <div class=\"prevarrow\">\n\n                            <\/div>\n                        <\/div>\n        <\/div>\n    <\/div>\n<\/div>\n\n<div class=\"container spacing\"  id=\"\">\n\n        <div class=\"row\">\n            <div class=\"col-12 \">\n\n                <div style=\"clear: both; height: 30px\"><\/div>\n\n            <\/div>\n        <\/div>\n    <\/div>\n\n<div class=\"container singleproducttabs\"  id=\"block_61a4b0486e7f5\">\n\n        <div class=\"row\">\n            <div class=\"col-12\">\n\n                            <p class=\"tabcontrols\">\n                                  <a class=\"tabbutton active\" href=\"#product-video\">PRODUCT VIDEO<\/a>\n                            <\/p>\n            \n\n\n                                              <div class=\"tab product-video gallerka_ active\">\n                     \n                        <div class=\"embed-responsive embed-responsive-16by9\"><div class=\"iframe-container\"><iframe class=\"video embed-responsive-item\" src=\"\/\/www.youtube.com\/embed\/wwH9tI0LQ8o\" frameborder=\"0\" allowfullscreen><\/iframe><\/div><\/div>                 \n                                      <\/div>\n                            \n\n            \n            <\/div>\n        <\/div>\n    <\/div>","protected":false},"excerpt":{"rendered":"","protected":false},"author":1,"featured_media":0,"parent":0,"menu_order":0,"comment_status":"closed","ping_status":"closed","template":"","meta":{"inline_featured_image":false,"footnotes":""},"class_list":["post-4327","page","type-page","status-publish","hentry"],"aioseo_notices":[],"_links":{"self":[{"href":"https:\/\/www.spur.cz\/en\/wp-json\/wp\/v2\/pages\/4327","targetHints":{"allow":["GET"]}}],"collection":[{"href":"https:\/\/www.spur.cz\/en\/wp-json\/wp\/v2\/pages"}],"about":[{"href":"https:\/\/www.spur.cz\/en\/wp-json\/wp\/v2\/types\/page"}],"author":[{"embeddable":true,"href":"https:\/\/www.spur.cz\/en\/wp-json\/wp\/v2\/users\/1"}],"replies":[{"embeddable":true,"href":"https:\/\/www.spur.cz\/en\/wp-json\/wp\/v2\/comments?post=4327"}],"version-history":[{"count":0,"href":"https:\/\/www.spur.cz\/en\/wp-json\/wp\/v2\/pages\/4327\/revisions"}],"wp:attachment":[{"href":"https:\/\/www.spur.cz\/en\/wp-json\/wp\/v2\/media?parent=4327"}],"curies":[{"name":"wp","href":"https:\/\/api.w.org\/{rel}","templated":true}]}}