  

            {"id":4303,"date":"2022-03-03T10:17:53","date_gmt":"2022-03-03T09:17:53","guid":{"rendered":"https:\/\/www.spur.cz\/pronajmy\/"},"modified":"2022-05-20T10:29:51","modified_gmt":"2022-05-20T08:29:51","slug":"office-rentals","status":"publish","type":"page","link":"https:\/\/www.spur.cz\/en\/office-rentals\/","title":{"rendered":"Office rentals"},"content":{"rendered":"    \n\t\t\t<!-- START Slider Pronajmy EN REVOLUTION SLIDER 6.3.9 --><p class=\"rs-p-wp-fix\"><\/p>\n\t\t\t<rs-module-wrap id=\"rev_slider_160_1_wrapper\" data-source=\"gallery\" style=\"background:transparent;padding:0;margin:0px auto;margin-top:0;margin-bottom:0;\">\n\t\t\t\t<rs-module id=\"rev_slider_160_1\" style=\"\" data-version=\"6.3.9\">\n\t\t\t\t\t<rs-slides>\n\t\t\t\t\t\t<rs-slide data-key=\"rs-161\" data-title=\"Slide\" data-anim=\"ei:d;eo:d;s:1000;r:0;t:fade;sl:0;\">\n\t\t\t\t\t\t\t<img decoding=\"async\" src=\"\/\/www.spur.cz\/wp-content\/plugins\/revslider\/public\/assets\/assets\/transparent.png\" title=\"Office rentals\" data-parallax=\"off\" class=\"rev-slidebg\" data-no-retina>\n\t\t\t\t\t\t\t<rs-bgvideo \n\t\t\t\t\t\t\t\tdata-video=\"w:100%;h:100%;nse:false;l:true;ptimer:false;\"\n\t\t\t\t\t\t\t\tdata-mp4=\"\/\/spur.cz\/wp-content\/uploads\/2022\/03\/PRONAJMY_desktop.mp4\"\n\t\t\t\t\t\t\t><\/rs-bgvideo>\n<!--\n\t\t\t\t\t\t\t--><rs-layer\n\t\t\t\t\t\t\t\tid=\"slider-160-slide-161-layer-3\" \n\t\t\t\t\t\t\t\tclass=\"rev-btn\"\n\t\t\t\t\t\t\t\tdata-type=\"button\"\n\t\t\t\t\t\t\t\tdata-rsp_ch=\"on\"\n\t\t\t\t\t\t\t\tdata-xy=\"xo:0,41px,28px,20px;y:b;yo:60px,50px,35px,41px;\"\n\t\t\t\t\t\t\t\tdata-text=\"w:normal;s:16,13,18,16;l:40,33,25,15;ls:0.96px,0px,0px,0px;fw:500;\"\n\t\t\t\t\t\t\t\tdata-dim=\"minh:0px,none,none,none;\"\n\t\t\t\t\t\t\t\tdata-actions='o:click;a:scrollbelow;sp:1000ms;e:power1.inOut;'\n\t\t\t\t\t\t\t\tdata-padding=\"t:5,4,7,17;r:40,33,25,40;b:5,4,7,17;l:40,33,25,40;\"\n\t\t\t\t\t\t\t\tdata-frame_999=\"o:0;st:w;sR:8700;\"\n\t\t\t\t\t\t\t\tdata-frame_hover=\"bgc:#007aff;bor:0px,0px,0px,0px;bri:120%;\"\n\t\t\t\t\t\t\t\tstyle=\"z-index:9;background:linear-gradient(90deg, rgba(247,166,33,1) 0%, rgba(238,114,3,1) 100%);font-family:Poppins;\"\n\t\t\t\t\t\t\t>FREE NON-RESIDENTIAL PREMISES \n\t\t\t\t\t\t\t<\/rs-layer><!--\n\n\t\t\t\t\t\t\t--><rs-layer\n\t\t\t\t\t\t\t\tid=\"slider-160-slide-161-layer-6\" \n\t\t\t\t\t\t\t\tdata-type=\"text\"\n\t\t\t\t\t\t\t\tdata-rsp_ch=\"on\"\n\t\t\t\t\t\t\t\tdata-xy=\"xo:1px,38px,27px,20px;y:b;yo:145px,128px,90px,120px;\"\n\t\t\t\t\t\t\t\tdata-text=\"w:normal;s:48,39,29,24;l:60,49,37,30;fw:600;\"\n\t\t\t\t\t\t\t\tdata-dim=\"w:639px,527px,400px,367px;\"\n\t\t\t\t\t\t\t\tdata-frame_0=\"o:1;\"\n\t\t\t\t\t\t\t\tdata-frame_0_chars=\"d:5;o:0;\"\n\t\t\t\t\t\t\t\tdata-frame_1=\"e:none;\"\n\t\t\t\t\t\t\t\tdata-frame_1_chars=\"e:none;d:7;\"\n\t\t\t\t\t\t\t\tdata-frame_999=\"o:0;st:w;\"\n\t\t\t\t\t\t\t\tstyle=\"z-index:10;font-family:Poppins;\"\n\t\t\t\t\t\t\t>We share <br \/>\nour facilities <br \/>\nwith promising <br \/>\ncompanies<br \/>\n \n\t\t\t\t\t\t\t<\/rs-layer><!--\n\n\t\t\t\t\t\t\t--><rs-layer\n\t\t\t\t\t\t\t\tid=\"slider-160-slide-161-layer-7\" \n\t\t\t\t\t\t\t\tdata-type=\"shape\"\n\t\t\t\t\t\t\t\tdata-rsp_ch=\"on\"\n\t\t\t\t\t\t\t\tdata-text=\"w:normal;s:20,16,12,7;l:0,20,15,9;\"\n\t\t\t\t\t\t\t\tdata-dim=\"w:1148px,948px,720px,1174px;h:792px,904px,686px,719px;\"\n\t\t\t\t\t\t\t\tdata-basealign=\"slide\"\n\t\t\t\t\t\t\t\tdata-blendmode=\"multiply\"\n\t\t\t\t\t\t\t\tdata-frame_999=\"o:0;st:w;\"\n\t\t\t\t\t\t\t\tstyle=\"z-index:8;background:linear-gradient(90deg, rgba(12,1,1,0.4) 0%, rgba(12,0,0,0.4) 36%, rgba(12,0,0,0) 100%);\"\n\t\t\t\t\t\t\t> \n\t\t\t\t\t\t\t<\/rs-layer><!--\n-->\t\t\t\t\t\t<\/rs-slide>\n\t\t\t\t\t<\/rs-slides>\n\t\t\t\t<\/rs-module>\n\t\t\t\t<script type=\"text\/javascript\">\n\t\t\t\t\tsetREVStartSize({c: 'rev_slider_160_1',rl:[1240,1024,778,480],el:[767,768,600,574],gw:[1240,1024,778,480],gh:[767,740,600,574],type:'standard',justify:'',layout:'fullwidth',mh:\"0\"});\n\t\t\t\t\tvar\trevapi160,\n\t\t\t\t\t\ttpj;\n\t\t\t\t\tfunction revinit_revslider1601() {\n\t\t\t\t\tjQuery(function() {\n\t\t\t\t\t\ttpj = jQuery;\n\t\t\t\t\t\trevapi160 = tpj(\"#rev_slider_160_1\");\n\t\t\t\t\t\tif(revapi160==undefined || revapi160.revolution == undefined){\n\t\t\t\t\t\t\trevslider_showDoubleJqueryError(\"rev_slider_160_1\");\n\t\t\t\t\t\t}else{\n\t\t\t\t\t\t\trevapi160.revolution({\n\t\t\t\t\t\t\t\tsliderLayout:\"fullwidth\",\n\t\t\t\t\t\t\t\tduration:\"10000ms\",\n\t\t\t\t\t\t\t\tvisibilityLevels:\"1240,1024,778,480\",\n\t\t\t\t\t\t\t\tgridwidth:\"1240,1024,778,480\",\n\t\t\t\t\t\t\t\tgridheight:\"767,740,600,574\",\n\t\t\t\t\t\t\t\tperspective:600,\n\t\t\t\t\t\t\t\tperspectiveType:\"global\",\n\t\t\t\t\t\t\t\teditorheight:\"767,768,600,574\",\n\t\t\t\t\t\t\t\tresponsiveLevels:\"1240,1024,778,480\",\n\t\t\t\t\t\t\t\tstopAtSlide:1,\n\t\t\t\t\t\t\t\tstopAfterLoops:0,\n\t\t\t\t\t\t\t\tstopLoop:true,\n\t\t\t\t\t\t\t\tprogressBar:{disableProgressBar:true},\n\t\t\t\t\t\t\t\tnavigation: {\n\t\t\t\t\t\t\t\t\tonHoverStop:false\n\t\t\t\t\t\t\t\t},\n\t\t\t\t\t\t\t\tparallax: {\n\t\t\t\t\t\t\t\t\tlevels:[5,10,15,20,25,30,35,40,45,46,47,48,49,50,51,30],\n\t\t\t\t\t\t\t\t\ttype:\"scroll\",\n\t\t\t\t\t\t\t\t\torigo:\"slidercenter\",\n\t\t\t\t\t\t\t\t\tspeed:0,\n\t\t\t\t\t\t\t\t\tdisable_onmobile:true\n\t\t\t\t\t\t\t\t},\n\t\t\t\t\t\t\t\tfallbacks: {\n\t\t\t\t\t\t\t\t\tallowHTML5AutoPlayOnAndroid:true\n\t\t\t\t\t\t\t\t},\n\t\t\t\t\t\t\t});\n\t\t\t\t\t\t}\n\t\t\t\t\t\t\n\t\t\t\t\t});\n\t\t\t\t\t} \/\/ End of RevInitScript\n\t\t\t\tvar once_revslider1601 = false;\n\t\t\t\tif (document.readyState === \"loading\") {document.addEventListener('readystatechange',function() { if((document.readyState === \"interactive\" || document.readyState === \"complete\") && !once_revslider1601 ) { once_revslider1601 = true; revinit_revslider1601();}});} else {once_revslider1601 = true; revinit_revslider1601();}\n\t\t\t\t<\/script>\n\t\t\t<\/rs-module-wrap>\n\t\t\t<!-- END REVOLUTION SLIDER -->\n\n \n\n<div class=\"prostorinfo\">\n    <div class=\"container\">\n        <div class=\"row\">\n            <div class=\"col-12 col-lg-8\">\n                <h1>Commercial non-residential premises for rent<\/h1>\n                <p class=\"subtitle\">We offer commercial non-residential premises for rent &#8211; offices in a commercial high-rise building in Zl\u00edn &#8211; Louky.<\/p>\n\n\n                    <div class=\"row infolist\">\n                    <div class=\"col-lg-6 col-12\"><p>SPACE FOR RENT<\/p><\/div>\n                    <div class=\"col-lg-6 col-12\"><p class=\"text-right\">from 15 m2 to 500 m2<br \/>\r\n<\/p><\/div>\n\n                    <div class=\"col-12\">\n                        <div class=\"line\"><\/div>\n                    <\/div>\n                <\/div>\n                    <div class=\"row infolist\">\n                    <div class=\"col-lg-6 col-12\"><p>services provided<\/p><\/div>\n                    <div class=\"col-lg-6 col-12\"><p class=\"text-right\">energy, cleaning services, communication services, building security<\/p><\/div>\n\n                    <div class=\"col-12\">\n                        <div class=\"line\"><\/div>\n                    <\/div>\n                <\/div>\n                    <div class=\"row infolist\">\n                    <div class=\"col-lg-6 col-12\"><p>we can also arrange<\/p><\/div>\n                    <div class=\"col-lg-6 col-12\"><p class=\"text-right\">parking, catering, internet connection<br \/>\r\n<\/p><\/div>\n\n                    <div class=\"col-12\">\n                        <div class=\"line\"><\/div>\n                    <\/div>\n                <\/div>\n                    <div class=\"row infolist\">\n                    <div class=\"col-lg-6 col-12\"><p>AVAILABILITY<\/p><\/div>\n                    <div class=\"col-lg-6 col-12\"><p class=\"text-right\">close to public transport network<br \/>\r\n<\/p><\/div>\n\n                    <div class=\"col-12\">\n                        <div class=\"line\"><\/div>\n                    <\/div>\n                <\/div>\n    \n\n            <\/div>\n            <div class=\"col-12 col-lg-3 ml-auto \">\n                <p class=\"moreinfo\">MORE INFORMATION<\/p>\n                <img decoding=\"async\" class=\"personphotopronajem\" src=\"https:\/\/www.spur.cz\/wp-content\/uploads\/2022\/03\/Jiruskova_klara_-460x595.jpg\" alt=\"\">\n\n                <div class=\"contactperson\">\n                    <p><b>Kl\u00e1ra Jiru\u0161kov\u00e1<\/b><\/p>\n<p>+420 702 047 053<br \/>\n<a href=\"mailto:klara.jiruskova@spur.cz\">klara.jiruskova@spur.cz<\/a><\/p>\n<p>&nbsp;<\/p>\n\n                <\/div>\n            <\/div>\n        <\/div>\n    <\/div>\n<\/div>\n\n<div class=\"container jobslist prostorlist\" id=\"prostory\">\n\n    <div class=\"row\">\n        <div class=\"col-12\">\n            <h2 class=\"head\">Free non-residential premises<\/h2>\n        <\/div>\n        <div class=\"col-12\">\n\n                            <div class=\"row singlejob\">\n                    <div class=\"col-12\">\n                        <div class=\"row\">\n                            <div class=\"col-12 col-md-6\">\n                                <h2>Office space for rent 550 m2<\/h2>\n                            <\/div>\n                            <div class=\"col-12 col-md-6 text-left text-md-right\">\n                                <a href=\"#detailpozice\" class=\"showjobdetail borderbutton pronajmybutton\">\n                                    MORE INFORMATION\n                                <\/a>\n                            <\/div>\n                        <\/div>\n                        <div class=\"positiondetail\">\n                            <div class=\"row\">\n                                <div class=\"col-12 col-md-9\">\n                                    <p>In the high-rise building of SPUR a.s. we offer for rent office space with a total area of 550 m2. This is the entire floor of the building in the Shell &amp; Core standard, where the tenant proposes the layout of offices and common areas according to their own ideas. We guarantee electronic control of access to the rented floor with a chip card.<\/p>\n<p>&nbsp;<\/p>\n\n                                <\/div>\n\n                                \n                            <\/div>\n                        <\/div>\n                    <\/div>\n                <\/div>\n            \n        <\/div>\n    <\/div>\n<\/div>\n","protected":false},"excerpt":{"rendered":"","protected":false},"author":1,"featured_media":0,"parent":0,"menu_order":0,"comment_status":"closed","ping_status":"closed","template":"","meta":{"inline_featured_image":false,"footnotes":""},"class_list":["post-4303","page","type-page","status-publish","hentry"],"aioseo_notices":[],"_links":{"self":[{"href":"https:\/\/www.spur.cz\/en\/wp-json\/wp\/v2\/pages\/4303","targetHints":{"allow":["GET"]}}],"collection":[{"href":"https:\/\/www.spur.cz\/en\/wp-json\/wp\/v2\/pages"}],"about":[{"href":"https:\/\/www.spur.cz\/en\/wp-json\/wp\/v2\/types\/page"}],"author":[{"embeddable":true,"href":"https:\/\/www.spur.cz\/en\/wp-json\/wp\/v2\/users\/1"}],"replies":[{"embeddable":true,"href":"https:\/\/www.spur.cz\/en\/wp-json\/wp\/v2\/comments?post=4303"}],"version-history":[{"count":0,"href":"https:\/\/www.spur.cz\/en\/wp-json\/wp\/v2\/pages\/4303\/revisions"}],"wp:attachment":[{"href":"https:\/\/www.spur.cz\/en\/wp-json\/wp\/v2\/media?parent=4303"}],"curies":[{"name":"wp","href":"https:\/\/api.w.org\/{rel}","templated":true}]}}