  

            {"id":9174,"date":"2025-05-27T10:28:48","date_gmt":"2025-05-27T08:28:48","guid":{"rendered":"https:\/\/www.spur.cz\/?page_id=9174"},"modified":"2025-05-28T18:07:37","modified_gmt":"2025-05-28T16:07:37","slug":"forschung-und-entwicklung-2","status":"publish","type":"page","link":"https:\/\/www.spur.cz\/de\/forschung-und-entwicklung-2\/","title":{"rendered":"Forschung und Entwicklung"},"content":{"rendered":"    \n\t\t\t<!-- START Slider VYZKUM VYVOJ DE REVOLUTION SLIDER 6.3.9 --><p class=\"rs-p-wp-fix\"><\/p>\n\t\t\t<rs-module-wrap id=\"rev_slider_94_1_wrapper\" data-source=\"gallery\" style=\"background:transparent;padding:0;margin:0px auto;margin-top:0;margin-bottom:0;\">\n\t\t\t\t<rs-module id=\"rev_slider_94_1\" style=\"\" data-version=\"6.3.9\">\n\t\t\t\t\t<rs-slides>\n\t\t\t\t\t\t<rs-slide data-key=\"rs-95\" data-title=\"Slide\" data-anim=\"ei:d;eo:d;s:1000;r:0;t:fade;sl:0;\">\n\t\t\t\t\t\t\t<img decoding=\"async\" src=\"\/\/www.spur.cz\/wp-content\/plugins\/revslider\/public\/assets\/assets\/transparent.png\" title=\"Forschung und Entwicklung\" data-parallax=\"off\" class=\"rev-slidebg\" data-no-retina>\n\t\t\t\t\t\t\t<rs-bgvideo \n\t\t\t\t\t\t\t\tdata-video=\"w:100%;h:100%;nse:false;l:true;ptimer:false;\"\n\t\t\t\t\t\t\t\tdata-mp4=\"\/\/spur.cz\/wp-content\/uploads\/2022\/03\/VYZKUM_VYVOJ_desktop_uprava.mp4\"\n\t\t\t\t\t\t\t><\/rs-bgvideo>\n<!--\n\t\t\t\t\t\t\t--><rs-layer\n\t\t\t\t\t\t\t\tid=\"slider-94-slide-95-layer-6\" \n\t\t\t\t\t\t\t\tdata-type=\"text\"\n\t\t\t\t\t\t\t\tdata-rsp_ch=\"on\"\n\t\t\t\t\t\t\t\tdata-xy=\"xo:1px,38px,27px,20px;y:b;yo:145px,128px,90px,120px;\"\n\t\t\t\t\t\t\t\tdata-text=\"w:normal;s:48,39,29,24;l:60,49,37,30;fw:600;\"\n\t\t\t\t\t\t\t\tdata-dim=\"w:639px,527px,400px,367px;\"\n\t\t\t\t\t\t\t\tdata-frame_0=\"o:1;\"\n\t\t\t\t\t\t\t\tdata-frame_0_chars=\"d:5;o:0;\"\n\t\t\t\t\t\t\t\tdata-frame_1=\"e:none;\"\n\t\t\t\t\t\t\t\tdata-frame_1_chars=\"e:none;d:7;\"\n\t\t\t\t\t\t\t\tdata-frame_999=\"o:0;st:w;\"\n\t\t\t\t\t\t\t\tstyle=\"z-index:10;font-family:Poppins;\"\n\t\t\t\t\t\t\t>Forschung und <br \/>\nEntwicklung unterscheiden <br \/>\nuns und bringen <br \/>\nuns voran <br \/>\n \n\t\t\t\t\t\t\t<\/rs-layer><!--\n\n\t\t\t\t\t\t\t--><rs-layer\n\t\t\t\t\t\t\t\tid=\"slider-94-slide-95-layer-7\" \n\t\t\t\t\t\t\t\tdata-type=\"shape\"\n\t\t\t\t\t\t\t\tdata-rsp_ch=\"on\"\n\t\t\t\t\t\t\t\tdata-text=\"w:normal;s:20,16,12,7;l:0,20,15,9;\"\n\t\t\t\t\t\t\t\tdata-dim=\"w:1148px,948px,720px,1174px;h:792px,904px,686px,719px;\"\n\t\t\t\t\t\t\t\tdata-basealign=\"slide\"\n\t\t\t\t\t\t\t\tdata-blendmode=\"multiply\"\n\t\t\t\t\t\t\t\tdata-frame_999=\"o:0;st:w;\"\n\t\t\t\t\t\t\t\tstyle=\"z-index:8;background:linear-gradient(90deg, rgba(12,1,1,0.4) 0%, rgba(12,0,0,0.4) 36%, rgba(12,0,0,0) 100%);\"\n\t\t\t\t\t\t\t> \n\t\t\t\t\t\t\t<\/rs-layer><!--\n-->\t\t\t\t\t\t<\/rs-slide>\n\t\t\t\t\t<\/rs-slides>\n\t\t\t\t<\/rs-module>\n\t\t\t\t<script type=\"text\/javascript\">\n\t\t\t\t\tsetREVStartSize({c: 'rev_slider_94_1',rl:[1240,1024,778,480],el:[767,768,600,574],gw:[1240,1024,778,480],gh:[767,740,600,574],type:'standard',justify:'',layout:'fullwidth',mh:\"0\"});\n\t\t\t\t\tvar\trevapi94,\n\t\t\t\t\t\ttpj;\n\t\t\t\t\tfunction revinit_revslider941() {\n\t\t\t\t\tjQuery(function() {\n\t\t\t\t\t\ttpj = jQuery;\n\t\t\t\t\t\trevapi94 = tpj(\"#rev_slider_94_1\");\n\t\t\t\t\t\tif(revapi94==undefined || revapi94.revolution == undefined){\n\t\t\t\t\t\t\trevslider_showDoubleJqueryError(\"rev_slider_94_1\");\n\t\t\t\t\t\t}else{\n\t\t\t\t\t\t\trevapi94.revolution({\n\t\t\t\t\t\t\t\tsliderLayout:\"fullwidth\",\n\t\t\t\t\t\t\t\tduration:\"10000ms\",\n\t\t\t\t\t\t\t\tvisibilityLevels:\"1240,1024,778,480\",\n\t\t\t\t\t\t\t\tgridwidth:\"1240,1024,778,480\",\n\t\t\t\t\t\t\t\tgridheight:\"767,740,600,574\",\n\t\t\t\t\t\t\t\tperspective:600,\n\t\t\t\t\t\t\t\tperspectiveType:\"global\",\n\t\t\t\t\t\t\t\teditorheight:\"767,768,600,574\",\n\t\t\t\t\t\t\t\tresponsiveLevels:\"1240,1024,778,480\",\n\t\t\t\t\t\t\t\tstopAtSlide:1,\n\t\t\t\t\t\t\t\tstopAfterLoops:0,\n\t\t\t\t\t\t\t\tstopLoop:true,\n\t\t\t\t\t\t\t\tprogressBar:{disableProgressBar:true},\n\t\t\t\t\t\t\t\tnavigation: {\n\t\t\t\t\t\t\t\t\tonHoverStop:false\n\t\t\t\t\t\t\t\t},\n\t\t\t\t\t\t\t\tparallax: {\n\t\t\t\t\t\t\t\t\tlevels:[5,10,15,20,25,30,35,40,45,46,47,48,49,50,51,30],\n\t\t\t\t\t\t\t\t\ttype:\"scroll\",\n\t\t\t\t\t\t\t\t\torigo:\"slidercenter\",\n\t\t\t\t\t\t\t\t\tspeed:0,\n\t\t\t\t\t\t\t\t\tdisable_onmobile:true\n\t\t\t\t\t\t\t\t},\n\t\t\t\t\t\t\t\tfallbacks: {\n\t\t\t\t\t\t\t\t\tallowHTML5AutoPlayOnAndroid:true\n\t\t\t\t\t\t\t\t},\n\t\t\t\t\t\t\t});\n\t\t\t\t\t\t}\n\t\t\t\t\t\t\n\t\t\t\t\t});\n\t\t\t\t\t} \/\/ End of RevInitScript\n\t\t\t\tvar once_revslider941 = false;\n\t\t\t\tif (document.readyState === \"loading\") {document.addEventListener('readystatechange',function() { if((document.readyState === \"interactive\" || document.readyState === \"complete\") && !once_revslider941 ) { once_revslider941 = true; revinit_revslider941();}});} else {once_revslider941 = true; revinit_revslider941();}\n\t\t\t\t<\/script>\n\t\t\t<\/rs-module-wrap>\n\t\t\t<!-- END REVOLUTION SLIDER -->\n\n \n\n<div class=\"container\" id=\"menu\">\n  \n        <navbar class=\"onas submenu\" id=\"\">\n                <div class=\"menu-vyzkum-menu-nemec-container\"><ul id=\"menu-vyzkum-menu-nemec\" class=\"menu\"><li id=\"menu-item-9409\" class=\"menu-item menu-item-type-post_type menu-item-object-page menu-item-9409\"><a href=\"https:\/\/www.spur.cz\/de\/forschung-und-entwicklung-2\/\">Forschung und Entwicklung<\/a><\/li>\n<li id=\"menu-item-9411\" class=\"menu-item menu-item-type-post_type menu-item-object-page menu-item-9411\"><a href=\"https:\/\/www.spur.cz\/de\/forschung-und-entwicklung-2\/forschungsgebiete\/\">Forschungsgebiete<\/a><\/li>\n<li id=\"menu-item-9410\" class=\"menu-item menu-item-type-post_type menu-item-object-page menu-item-9410\"><a href=\"https:\/\/www.spur.cz\/de\/forschung-und-entwicklung-2\/speziallabor\/\">Speziallabor<\/a><\/li>\n<\/ul><\/div>\n        <\/navbar>\n<\/div>\n\n\n<div class=\"container imagetext\"  id=\"nanovlakna\">\n\n        <div class=\"row align-items-center \">\n\n            <div class=\"col-12   col-md-7    order-1 order-md-2 \">\n                <h2>Innovation und Recycling<\/h2>\n<p>Forschung und Entwicklung sind die treibende Kraft hinter unserem <strong>Engagement f\u00fcr Nachhaltigkeit, Sicherheit und Innovation<\/strong> bei Kunststoffmaterialien. Wir konzentrieren uns aktiv auf <strong>die Recyclingf\u00e4higkeit unserer Produkte<\/strong> und erh\u00f6hen den <strong>Anteil recycelter Materialien<\/strong>, um so <strong>unsere Umweltbelastung zu reduzieren<\/strong>.<\/p>\n<p>&nbsp;<\/p>\n<p><a target=\"_blank\"  href=\"https:\/\/www.spur-recycling.cz\/en\/\" class=\"arrowlink\"\"><span>Mehr \u00fcber unser Recyclingzentrum <\/span><img decoding=\"async\" src=\"https:\/\/www.spur.cz\/wp-content\/themes\/spur\/img\/nextarrow.svg\" alt=\"\"><\/a><\/p>\n\n            <\/div>\n\n            <div class=\"col-12   col-md-5   order-2 order-md-1 \">\n               \n                                    <img decoding=\"async\" src=\"https:\/\/www.spur.cz\/wp-content\/uploads\/2025\/05\/Recyklace-SPUR.png\">\n                            <\/div>\n\n           \n        <\/div>\n    <\/div>\n\n<div class=\"container imagetext\"  id=\"lehceneplasty\">\n\n        <div class=\"row align-items-center \">\n\n            <div class=\"col-12   col-md-7   \">\n                <h2>Entwicklung von Kundenl\u00f6sungen<\/h2>\n<p>Unsere Produkte unterliegen einem st\u00e4ndigen Prozess der Weiterentwicklung ihrer physikalischen und mechanischen Eigenschaften, um h\u00f6chste Qualit\u00e4t entsprechend den Kundenanforderungen zu gew\u00e4hrleisten. <strong>Wir sind ein zuverl\u00e4ssiger professioneller Partner vieler tschechischer und ausl\u00e4ndischer Unternehmen<\/strong>, die sich an uns wenden, wenn es um die Entwicklung optimaler Materiall\u00f6sungen f\u00fcr ihre neuen Produkte oder die Verbesserung der Eigenschaften bestehender Produkte geht.<\/p>\n<p>&nbsp;<\/p>\n<p><a target=\"_blank\"  href=\"https:\/\/www.spur.cz\/de\/sonderanfertigung\/\" class=\"arrowlink\"\"><span>Mehr zu ma\u00dfgeschneiderten L\u00f6sungen <\/span><img decoding=\"async\" src=\"https:\/\/www.spur.cz\/wp-content\/themes\/spur\/img\/nextarrow.svg\" alt=\"\"><\/a><\/p>\n\n            <\/div>\n\n            <div class=\"col-12   col-md-5  \">\n               \n                                    <img decoding=\"async\" src=\"https:\/\/www.spur.cz\/wp-content\/uploads\/2025\/05\/vyzkum-SPUR.png\">\n                            <\/div>\n\n           \n        <\/div>\n    <\/div>\n\n<div class=\"container imagetext\"  id=\"povrchovauprava\">\n\n        <div class=\"row align-items-center \">\n\n            <div class=\"col-12   col-md-7    order-1 order-md-2 \">\n                <h2>Know-how der Marktf\u00fchrer im Kunststoffbereich<\/h2>\n<p>Dank unseres modernen technischen Hintergrunds, der Zusammenarbeit mit der Tomas-Bata-Universit\u00e4t in Zl\u00edn, der Mitgliedschaft im Kunststoffcluster und unserer langj\u00e4hrigen Erfahrung geh\u00f6ren wir zu den f\u00fchrenden Experten f\u00fcr die Modifizierung der Funktions- und Designeigenschaften von Kunststoffen.<\/p>\n\n            <\/div>\n\n            <div class=\"col-12   col-md-5   order-2 order-md-1 \">\n               \n                                    <img decoding=\"async\" src=\"https:\/\/www.spur.cz\/wp-content\/uploads\/2021\/11\/c621c2a5-0969-4128-82ce-19d0cf45ce95-800x675.jpg\">\n                            <\/div>\n\n           \n        <\/div>\n    <\/div>","protected":false},"excerpt":{"rendered":"","protected":false},"author":7,"featured_media":0,"parent":0,"menu_order":0,"comment_status":"closed","ping_status":"closed","template":"","meta":{"inline_featured_image":false,"footnotes":""},"aioseo_notices":[],"_links":{"self":[{"href":"https:\/\/www.spur.cz\/de\/wp-json\/wp\/v2\/pages\/9174"}],"collection":[{"href":"https:\/\/www.spur.cz\/de\/wp-json\/wp\/v2\/pages"}],"about":[{"href":"https:\/\/www.spur.cz\/de\/wp-json\/wp\/v2\/types\/page"}],"author":[{"embeddable":true,"href":"https:\/\/www.spur.cz\/de\/wp-json\/wp\/v2\/users\/7"}],"replies":[{"embeddable":true,"href":"https:\/\/www.spur.cz\/de\/wp-json\/wp\/v2\/comments?post=9174"}],"version-history":[{"count":13,"href":"https:\/\/www.spur.cz\/de\/wp-json\/wp\/v2\/pages\/9174\/revisions"}],"predecessor-version":[{"id":9424,"href":"https:\/\/www.spur.cz\/de\/wp-json\/wp\/v2\/pages\/9174\/revisions\/9424"}],"wp:attachment":[{"href":"https:\/\/www.spur.cz\/de\/wp-json\/wp\/v2\/media?parent=9174"}],"curies":[{"name":"wp","href":"https:\/\/api.w.org\/{rel}","templated":true}]}}