  

            {"id":9040,"date":"2025-05-27T10:41:08","date_gmt":"2025-05-27T08:41:08","guid":{"rendered":"https:\/\/www.spur.cz\/?page_id=9040"},"modified":"2025-05-28T18:06:17","modified_gmt":"2025-05-28T16:06:17","slug":"speziallabor","status":"publish","type":"page","link":"https:\/\/www.spur.cz\/de\/forschung-und-entwicklung-2\/speziallabor\/","title":{"rendered":"Speziallabor"},"content":{"rendered":"    \n \n\n    \n\t\t\t<!-- START Slider VYZKUM VYVOJ DE REVOLUTION SLIDER 6.3.9 --><p class=\"rs-p-wp-fix\"><\/p>\n\t\t\t<rs-module-wrap id=\"rev_slider_94_1_wrapper\" data-source=\"gallery\" style=\"background:transparent;padding:0;margin:0px auto;margin-top:0;margin-bottom:0;\">\n\t\t\t\t<rs-module id=\"rev_slider_94_1\" style=\"\" data-version=\"6.3.9\">\n\t\t\t\t\t<rs-slides>\n\t\t\t\t\t\t<rs-slide data-key=\"rs-95\" data-title=\"Slide\" data-anim=\"ei:d;eo:d;s:1000;r:0;t:fade;sl:0;\">\n\t\t\t\t\t\t\t<img decoding=\"async\" src=\"\/\/www.spur.cz\/wp-content\/plugins\/revslider\/public\/assets\/assets\/transparent.png\" title=\"Speziallabor\" data-parallax=\"off\" class=\"rev-slidebg\" data-no-retina>\n\t\t\t\t\t\t\t<rs-bgvideo \n\t\t\t\t\t\t\t\tdata-video=\"w:100%;h:100%;nse:false;l:true;ptimer:false;\"\n\t\t\t\t\t\t\t\tdata-mp4=\"\/\/spur.cz\/wp-content\/uploads\/2022\/03\/VYZKUM_VYVOJ_desktop_uprava.mp4\"\n\t\t\t\t\t\t\t><\/rs-bgvideo>\n<!--\n\t\t\t\t\t\t\t--><rs-layer\n\t\t\t\t\t\t\t\tid=\"slider-94-slide-95-layer-6\" \n\t\t\t\t\t\t\t\tdata-type=\"text\"\n\t\t\t\t\t\t\t\tdata-rsp_ch=\"on\"\n\t\t\t\t\t\t\t\tdata-xy=\"xo:1px,38px,27px,20px;y:b;yo:145px,128px,90px,120px;\"\n\t\t\t\t\t\t\t\tdata-text=\"w:normal;s:48,39,29,24;l:60,49,37,30;fw:600;\"\n\t\t\t\t\t\t\t\tdata-dim=\"w:639px,527px,400px,367px;\"\n\t\t\t\t\t\t\t\tdata-frame_0=\"o:1;\"\n\t\t\t\t\t\t\t\tdata-frame_0_chars=\"d:5;o:0;\"\n\t\t\t\t\t\t\t\tdata-frame_1=\"e:none;\"\n\t\t\t\t\t\t\t\tdata-frame_1_chars=\"e:none;d:7;\"\n\t\t\t\t\t\t\t\tdata-frame_999=\"o:0;st:w;\"\n\t\t\t\t\t\t\t\tstyle=\"z-index:10;font-family:Poppins;\"\n\t\t\t\t\t\t\t>Forschung und <br \/>\nEntwicklung unterscheiden <br \/>\nuns und bringen <br \/>\nuns voran <br \/>\n \n\t\t\t\t\t\t\t<\/rs-layer><!--\n\n\t\t\t\t\t\t\t--><rs-layer\n\t\t\t\t\t\t\t\tid=\"slider-94-slide-95-layer-7\" \n\t\t\t\t\t\t\t\tdata-type=\"shape\"\n\t\t\t\t\t\t\t\tdata-rsp_ch=\"on\"\n\t\t\t\t\t\t\t\tdata-text=\"w:normal;s:20,16,12,7;l:0,20,15,9;\"\n\t\t\t\t\t\t\t\tdata-dim=\"w:1148px,948px,720px,1174px;h:792px,904px,686px,719px;\"\n\t\t\t\t\t\t\t\tdata-basealign=\"slide\"\n\t\t\t\t\t\t\t\tdata-blendmode=\"multiply\"\n\t\t\t\t\t\t\t\tdata-frame_999=\"o:0;st:w;\"\n\t\t\t\t\t\t\t\tstyle=\"z-index:8;background:linear-gradient(90deg, rgba(12,1,1,0.4) 0%, rgba(12,0,0,0.4) 36%, rgba(12,0,0,0) 100%);\"\n\t\t\t\t\t\t\t> \n\t\t\t\t\t\t\t<\/rs-layer><!--\n-->\t\t\t\t\t\t<\/rs-slide>\n\t\t\t\t\t<\/rs-slides>\n\t\t\t\t<\/rs-module>\n\t\t\t\t<script type=\"text\/javascript\">\n\t\t\t\t\tsetREVStartSize({c: 'rev_slider_94_1',rl:[1240,1024,778,480],el:[767,768,600,574],gw:[1240,1024,778,480],gh:[767,740,600,574],type:'standard',justify:'',layout:'fullwidth',mh:\"0\"});\n\t\t\t\t\tvar\trevapi94,\n\t\t\t\t\t\ttpj;\n\t\t\t\t\tfunction revinit_revslider941() {\n\t\t\t\t\tjQuery(function() {\n\t\t\t\t\t\ttpj = jQuery;\n\t\t\t\t\t\trevapi94 = tpj(\"#rev_slider_94_1\");\n\t\t\t\t\t\tif(revapi94==undefined || revapi94.revolution == undefined){\n\t\t\t\t\t\t\trevslider_showDoubleJqueryError(\"rev_slider_94_1\");\n\t\t\t\t\t\t}else{\n\t\t\t\t\t\t\trevapi94.revolution({\n\t\t\t\t\t\t\t\tsliderLayout:\"fullwidth\",\n\t\t\t\t\t\t\t\tduration:\"10000ms\",\n\t\t\t\t\t\t\t\tvisibilityLevels:\"1240,1024,778,480\",\n\t\t\t\t\t\t\t\tgridwidth:\"1240,1024,778,480\",\n\t\t\t\t\t\t\t\tgridheight:\"767,740,600,574\",\n\t\t\t\t\t\t\t\tperspective:600,\n\t\t\t\t\t\t\t\tperspectiveType:\"global\",\n\t\t\t\t\t\t\t\teditorheight:\"767,768,600,574\",\n\t\t\t\t\t\t\t\tresponsiveLevels:\"1240,1024,778,480\",\n\t\t\t\t\t\t\t\tstopAtSlide:1,\n\t\t\t\t\t\t\t\tstopAfterLoops:0,\n\t\t\t\t\t\t\t\tstopLoop:true,\n\t\t\t\t\t\t\t\tprogressBar:{disableProgressBar:true},\n\t\t\t\t\t\t\t\tnavigation: {\n\t\t\t\t\t\t\t\t\tonHoverStop:false\n\t\t\t\t\t\t\t\t},\n\t\t\t\t\t\t\t\tparallax: {\n\t\t\t\t\t\t\t\t\tlevels:[5,10,15,20,25,30,35,40,45,46,47,48,49,50,51,30],\n\t\t\t\t\t\t\t\t\ttype:\"scroll\",\n\t\t\t\t\t\t\t\t\torigo:\"slidercenter\",\n\t\t\t\t\t\t\t\t\tspeed:0,\n\t\t\t\t\t\t\t\t\tdisable_onmobile:true\n\t\t\t\t\t\t\t\t},\n\t\t\t\t\t\t\t\tfallbacks: {\n\t\t\t\t\t\t\t\t\tallowHTML5AutoPlayOnAndroid:true\n\t\t\t\t\t\t\t\t},\n\t\t\t\t\t\t\t});\n\t\t\t\t\t\t}\n\t\t\t\t\t\t\n\t\t\t\t\t});\n\t\t\t\t\t} \/\/ End of RevInitScript\n\t\t\t\tvar once_revslider941 = false;\n\t\t\t\tif (document.readyState === \"loading\") {document.addEventListener('readystatechange',function() { if((document.readyState === \"interactive\" || document.readyState === \"complete\") && !once_revslider941 ) { once_revslider941 = true; revinit_revslider941();}});} else {once_revslider941 = true; revinit_revslider941();}\n\t\t\t\t<\/script>\n\t\t\t<\/rs-module-wrap>\n\t\t\t<!-- END REVOLUTION SLIDER -->\n\n \n\n<div class=\"container\" id=\"menu\">\n  \n        <navbar class=\"onas submenu\" id=\"\">\n                <div class=\"menu-vyzkum-menu-nemec-container\"><ul id=\"menu-vyzkum-menu-nemec\" class=\"menu\"><li id=\"menu-item-9409\" class=\"menu-item menu-item-type-post_type menu-item-object-page menu-item-9409\"><a href=\"https:\/\/www.spur.cz\/de\/forschung-und-entwicklung-2\/\">Forschung und Entwicklung<\/a><\/li>\n<li id=\"menu-item-9411\" class=\"menu-item menu-item-type-post_type menu-item-object-page menu-item-9411\"><a href=\"https:\/\/www.spur.cz\/de\/forschung-und-entwicklung-2\/forschungsgebiete\/\">Forschungsgebiete<\/a><\/li>\n<li id=\"menu-item-9410\" class=\"menu-item menu-item-type-post_type menu-item-object-page menu-item-9410\"><a href=\"https:\/\/www.spur.cz\/de\/forschung-und-entwicklung-2\/speziallabor\/\">Speziallabor<\/a><\/li>\n<\/ul><\/div>\n        <\/navbar>\n<\/div>\n\n\n<div class=\"container imagetext\"  id=\"\">\n\n        <div class=\"row align-items-center \">\n\n            <div class=\"col-12   col-md-6   \">\n                <p>Unsere Forschungs- und Entwicklungsabteilung verf\u00fcgt \u00fcber modernste Technologien f\u00fcr die Forschung, Entwicklung und Produktion von Prototypenmustern, einschlie\u00dflich deren Pr\u00fcfung.<\/p>\n<h2>F&amp;E-Laborausr\u00fcstung<\/h2>\n<p><strong>Universalpr\u00fcfmaschine TESTOMETRIC X500-50 + optischer Extensometer Xsight ONE<\/strong><\/p>\n<p>Pr\u00fcfung der mechanischen Eigenschaften des Materials bei Zug, Druck, 3-Punkt-Biegung, Scherung, Zusammenhalt der Schichten \u2013 Sch\u00e4lversuch, Auszug und Widerstand von Schraubverbindungen, Ermittlung der Tragf\u00e4higkeit von Verbindungselementen. Maschinenlastbereich 10 kN, 50 kN.<\/p>\n<p>&nbsp;<\/p>\n<p><strong>Dynamisches Differenzkalorimeter Polyma 214 NETZSCH<\/strong><\/p>\n<p>Thermische Analyse des Materials im Temperaturbereich von 0 bis 350 \u00b0C in einer inerten Atmosph\u00e4re aus Sauerstoff O2 oder Stickstoff N2, allgemeine Methoden umfassen DSC (gem\u00e4\u00df ISO11357-1), OIT (gem\u00e4\u00df ISO11357-6).<\/p>\n<p>&nbsp;<\/p>\n<p><strong>Thermo Scientific Nicolet iS10 FTIR-Spektrometer<\/strong><\/p>\n<p>Qualitative Materialanalyse im ATR-Modus mithilfe eines Germaniumkristalls oder im Transmissionsmodus.<\/p>\n<p>&nbsp;<\/p>\n<p><strong>R\u00f6ntgenfluoreszenzanalysator (XRF) XDelta Olympus<\/strong><\/p>\n<p>Zerst\u00f6rungsfreie Elementaranalyse von Polymeren und Verbundwerkstoffen, mit einem \u00dcberwachungsbereich von 20 Elementen.<\/p>\n\n            <\/div>\n\n            <div class=\"col-12   col-md-6  \">\n               \n                                    <img decoding=\"async\" src=\"https:\/\/www.spur.cz\/wp-content\/uploads\/2025\/05\/TESTOMETRIC-X500-50.jpeg\">\n                            <\/div>\n\n           \n        <\/div>\n    <\/div>\n\n<div class=\"container imagetext\"  id=\"\">\n\n        <div class=\"row align-items-center \">\n\n            <div class=\"col-12   col-md-6    order-1 order-md-2 \">\n                <p><strong>Dynisco LMI 5500 Kapillarplastometer<\/strong><\/p>\n<p>Grundlegende Pr\u00fcfung der Flie\u00df- und rheologischen Eigenschaften des Materials (Volumen- und Massenfluss) im Temperaturbereich bis 400 \u00b0C, gem\u00e4\u00df ISO 1133.<\/p>\n<p>&nbsp;<\/p>\n<p><strong>BYK SPECTRO 2 GO Spektrometer<\/strong><\/p>\n<p>Bestimmung des Gelbindex, des Wei\u00dfgrads, der Farbabweichungen von den Referenzwerten des Materials gem\u00e4\u00df der CIELAB-Farbtafel.<\/p>\n<p>&nbsp;<\/p>\n<p><strong>Rasterelektronenmikroskop Tescan VEGA 3<\/strong><\/p>\n<p>SEM-Bildanalyse des Materials mittels Sekund\u00e4r- und R\u00fcckstreustrahlen, bis zu einem m\u00f6glichen Vergr\u00f6\u00dferungsbereich von 20 kx.<\/p>\n<p>&nbsp;<\/p>\n<p><strong>QUV-Tester (Q-Panel, 340, 313 nm)<\/strong><\/p>\n<p>Pr\u00fcfung der beschleunigten Materialalterung unter kontrollierten Bedingungen in UVa- und UVb-Umgebungen gem\u00e4\u00df EN 4892-3.<\/p>\n<p>&nbsp;<\/p>\n<p><strong>Laborextruder VL240<\/strong><\/p>\n<p>Verarbeitung von Materialien mit einem Schmelzpunkt von 170\u2013180 \u00b0C, \u00fcblicherweise PP, PE, PS. Es erm\u00f6glicht die Dosierung von bis zu 6 Komponenten auf einer parallelen Doppelschnecke, wobei Granulate, Pulvermaterialien und Flocken verarbeitet werden k\u00f6nnen. Herstellung von Strang-, Rund- und Plattenprofilen.Linienmassenleistung 5\u201350 kg\/Stunde.<\/p>\n\n            <\/div>\n\n            <div class=\"col-12   col-md-6   order-2 order-md-1 \">\n               \n                                    <img decoding=\"async\" src=\"https:\/\/www.spur.cz\/wp-content\/uploads\/2025\/05\/Dynisco-LMI-5500.jpeg\">\n                            <\/div>\n\n           \n        <\/div>\n    <\/div>","protected":false},"excerpt":{"rendered":"","protected":false},"author":7,"featured_media":0,"parent":9174,"menu_order":0,"comment_status":"closed","ping_status":"closed","template":"","meta":{"inline_featured_image":false,"footnotes":""},"aioseo_notices":[],"_links":{"self":[{"href":"https:\/\/www.spur.cz\/de\/wp-json\/wp\/v2\/pages\/9040"}],"collection":[{"href":"https:\/\/www.spur.cz\/de\/wp-json\/wp\/v2\/pages"}],"about":[{"href":"https:\/\/www.spur.cz\/de\/wp-json\/wp\/v2\/types\/page"}],"author":[{"embeddable":true,"href":"https:\/\/www.spur.cz\/de\/wp-json\/wp\/v2\/users\/7"}],"replies":[{"embeddable":true,"href":"https:\/\/www.spur.cz\/de\/wp-json\/wp\/v2\/comments?post=9040"}],"version-history":[{"count":14,"href":"https:\/\/www.spur.cz\/de\/wp-json\/wp\/v2\/pages\/9040\/revisions"}],"predecessor-version":[{"id":9420,"href":"https:\/\/www.spur.cz\/de\/wp-json\/wp\/v2\/pages\/9040\/revisions\/9420"}],"up":[{"embeddable":true,"href":"https:\/\/www.spur.cz\/de\/wp-json\/wp\/v2\/pages\/9174"}],"wp:attachment":[{"href":"https:\/\/www.spur.cz\/de\/wp-json\/wp\/v2\/media?parent=9040"}],"curies":[{"name":"wp","href":"https:\/\/api.w.org\/{rel}","templated":true}]}}