  

            {"id":4309,"date":"2021-09-02T13:00:29","date_gmt":"2021-09-02T11:00:29","guid":{"rendered":"https:\/\/www.spur.cz\/kontakt\/"},"modified":"2026-01-27T14:00:05","modified_gmt":"2026-01-27T13:00:05","slug":"kontakt","status":"publish","type":"page","link":"https:\/\/www.spur.cz\/de\/kontakt\/","title":{"rendered":"Kontakt"},"content":{"rendered":"<div class=\"container kontakthead\"  id=\"\">\n\n        <div class=\"row\">\n            <div class=\"col-12 \">\n\n                <h1>Kontakt<\/h1>\n\n            <\/div>\n        <\/div>\n\n        <div class=\"row actualcontacts\">\n            <div class=\"col-12 col-sm-6 col-md-4\"><div class=\"innergrey\"><h2>Hauptquartier<br \/>\nSPUR a.s.<\/h2>\n<p>t\u0159\u00edda Tom\u00e1\u0161e Bati 299, Louky<br \/>\n763 02 Zl\u00edn<br \/>\n\u010cesk\u00e1 republika<\/p>\n<p>tel.: +420 577 601 201<br \/>\ne-mail: <a href=\"mailto:spur@spur.cz\">spur@spur.cz<\/a><\/p>\n<p>VAT: CZ46900098<\/p>\n<h6><\/h6>\n<\/div><\/div>\n            <div class=\"col-12 col-sm-6 col-md-4\"><div class=\"innergrey\"><h2 class=\"p1\">Svit-Areal<\/h2>\n<p id=\"tw-target-text\" class=\"tw-data-text tw-text-large tw-ta\" dir=\"ltr\" data-placeholder=\"P\u0159eklad\"><span class=\"Y2IQFc\" lang=\"de\">Geb\u00e4ude Nr<\/span>. 104<br \/>\nMalotova 7038<br \/>\n760 01 Zl\u00edn, \u010cR<\/p>\n<p>tel.: +420 577 001 697<br \/>\ne-mail: <a href=\"mailto:spur@spur.cz\">spur@spur.cz<\/a><\/p>\n<\/div><div class=\"innergrey\"><h2>B\u00fcro Lib\u010dice<\/h2>\n<p>Objekt cihelen 434<br \/>\n252 66 Lib\u010dice nad Vltavou, \u010cR<\/p>\n<p>tel.: +420\u00a0233\u00a0090\u00a0600<br \/>\ne-mail: <a href=\"mailto:spur@spur.cz\">spur@spur.cz<\/a><\/p>\n<\/div><div class=\"innergrey\"><h2>E-SHOP<\/h2>\n<p><a href=\"https:\/\/eshop.spur.cz\/de\/\" target=\"_blank\" rel=\"noopener\">eshop.spur.cz<\/a><\/p>\n<p>tel.: +420 577 601 644<br \/>\ne-mail: <a href=\"mailto:eshop@spur.cz\">eshop@spur.cz<\/a><\/p>\n<p>&nbsp;<\/p>\n<\/div><\/div>\n            <div class=\"col-12 col-sm-12 col-md-4\"><div class=\"innergrey\"><h2>TUBEX\u00ae Praha<\/h2>\n<p>Objekt cihelen 434<br \/>\n252 66 Lib\u010dice nad Vltavou, \u010cR<\/p>\n<p>tel.: +420 778 486 994<br \/>\ntel.: +420 771 505 854<br \/>\ne-mail: <a href=\"mailto:praha@tubex.cz\">praha@tubex.cz<\/a><\/p>\n<p><strong>Lager\u00f6ffnungszeiten:<\/strong><br \/>\nMo-Fr 8:00-15:30<\/p>\n<\/div>\n                        <div  class=\"map\">\n                                                            <div class=\"marker\" data-lat=\"49.2130488\" data-lng=\"17.6159578\">\n                                t\u0159\u00edda Tom\u00e1\u0161e Bati 299, Louky<br \/>\r\n763 02 Zl\u00edn<br \/>\r\n\u010cesk\u00e1 republika\n                                <\/div>\n                                                    <\/div>\n            <\/div>\n        <\/div>\n    <\/div>\n\n<div class=\"container spacing\"  id=\"\">\n\n        <div class=\"row\">\n            <div class=\"col-12 \">\n\n                <div style=\"clear: both; height: 60px\"><\/div>\n\n            <\/div>\n        <\/div>\n    <\/div>\n\n<div class=\"kontaktrozcestnik container\"  id=\"oddeleni\">\n\n\n        <div class=\"row\">\n            <div class=\"col-12 \">\n\n                <h2>Abteilungen des Unternehmens <\/h2>\n\n            <\/div>\n        <\/div>\n\n        <div class=\"row\">\n\n\n                        <div class=\"col-12 col-sm-6 col-md-4\">\n                            <a class=\"link\" href=\"https:\/\/www.spur.cz\/de\/kontakty\/sekretariat\/\">\n                                Sekretariat\n                            <\/a>\n                <\/div>\n                \n                        <div class=\"col-12 col-sm-6 col-md-4\">\n                            <a class=\"link\" href=\"https:\/\/www.spur.cz\/de\/kontakty\/firmenmanagement\/\">\n                                Firmenmanagement\n                            <\/a>\n                <\/div>\n                \n                        <div class=\"col-12 col-sm-6 col-md-4\">\n                            <a class=\"link\" href=\"https:\/\/www.spur.cz\/de\/kontakty\/prodej-marketing\/\">\n                                Business | Marketing\n                            <\/a>\n                <\/div>\n                \n                        <div class=\"col-12 col-sm-6 col-md-4\">\n                            <a class=\"link\" href=\"https:\/\/www.spur.cz\/de\/kontakty\/einkauf\/\">\n                                Einkauf\n                            <\/a>\n                <\/div>\n                \n                        <div class=\"col-12 col-sm-6 col-md-4\">\n                            <a class=\"link\" href=\"https:\/\/www.spur.cz\/de\/kontakty\/humanressourcen\/\">\n                                Humanressourcen\n                            <\/a>\n                <\/div>\n                \n                        <div class=\"col-12 col-sm-6 col-md-4\">\n                            <a class=\"link\" href=\"https:\/\/www.spur.cz\/de\/kontakty\/logistik\/\">\n                                Logistik\n                            <\/a>\n                <\/div>\n                \n                        <div class=\"col-12 col-sm-6 col-md-4\">\n                            <a class=\"link\" href=\"https:\/\/www.spur.cz\/de\/kontakty\/produktion\/\">\n                                Produktion\n                            <\/a>\n                <\/div>\n                \n                        <div class=\"col-12 col-sm-6 col-md-4\">\n                            <a class=\"link\" href=\"https:\/\/www.spur.cz\/de\/kontakty\/qualitat\/\">\n                                Qualit\u00e4t\n                            <\/a>\n                <\/div>\n                \n                        <div class=\"col-12 col-sm-6 col-md-4\">\n                            <a class=\"link\" href=\"https:\/\/www.spur.cz\/de\/kontakty\/wirtschaft-finanzen-it\/\">\n                                Wirtschaft | Finanzen | IT\n                            <\/a>\n                <\/div>\n                \n                        <div class=\"col-12 col-sm-6 col-md-4\">\n                            <a class=\"link\" href=\"https:\/\/www.spur.cz\/de\/kontakty\/forschung-und-entwicklung\/\">\n                                Forschung &#038; Entwicklung\n                            <\/a>\n                <\/div>\n                \n                        <div class=\"col-12 col-sm-6 col-md-4\">\n                            <a class=\"link\" href=\"https:\/\/www.spur.cz\/de\/kontakty\/anlagenmanagement\/\">\n                                Anlagenmanagement\n                            <\/a>\n                <\/div>\n                \n                        <div class=\"col-12 col-sm-6 col-md-4\">\n                            <a class=\"link\" href=\"https:\/\/www.spur.cz\/de\/kontakty\/vermietungen\/\">\n                                Vermietungen\n                            <\/a>\n                <\/div>\n                \n        \n        <\/div>\n    <\/div>\n\n<div class=\"target\" id=\"rychlykontakt\"><\/div>\n<div class=\"container fastcontact\" >\n\n        <div class=\"row\"  id=\"rychlykontakt\">\n            <div class=\"col-12 col-md-5\">\n                <h2>Schneller<br \/>\nkontakt<\/h2>\n<p class=\"p1\">Bitte geben Sie Ihre Kontaktdaten<br \/>\nan und wir melden uns bei Ihnen.<\/p>\n\n\n                \n                <div class=\"contactpersoninfo\">\n                    <p class=\"position\"><\/p>\n                <\/div>\n\n                \n            <\/div>\n            <div class=\"col-12 col-md-7\">\n                \n<div class=\"wpcf7 no-js\" id=\"wpcf7-f4946-o1\" lang=\"cs-CZ\" dir=\"ltr\" data-wpcf7-id=\"4946\">\n<div class=\"screen-reader-response\"><p role=\"status\" aria-live=\"polite\" aria-atomic=\"true\"><\/p> <ul><\/ul><\/div>\n<form action=\"\/de\/wp-json\/wp\/v2\/pages\/4309#wpcf7-f4946-o1\" method=\"post\" class=\"wpcf7-form init\" aria-label=\"Kontaktn\u00ed formul\u00e1\u0159\" enctype=\"multipart\/form-data\" novalidate=\"novalidate\" data-status=\"init\">\n<fieldset class=\"hidden-fields-container\"><input type=\"hidden\" name=\"_wpcf7\" value=\"4946\" \/><input type=\"hidden\" name=\"_wpcf7_version\" value=\"6.1.5\" \/><input type=\"hidden\" name=\"_wpcf7_locale\" value=\"cs_CZ\" \/><input type=\"hidden\" name=\"_wpcf7_unit_tag\" value=\"wpcf7-f4946-o1\" \/><input type=\"hidden\" name=\"_wpcf7_container_post\" value=\"0\" \/><input type=\"hidden\" name=\"_wpcf7_posted_data_hash\" value=\"\" \/><input type=\"hidden\" name=\"_cf7a__timestamp\" value=\"S5Q0RxoMTD62SZGXq+J2nQ==\" \/><input type=\"hidden\" name=\"_cf7a_version\" value=\"1.0\" \/><input type=\"hidden\" name=\"_cf7a_address\" value=\"\" \/><input type=\"hidden\" name=\"_cf7a_referer\" value=\"\" \/><input type=\"hidden\" name=\"_cf7a_protocol\" value=\"\" \/>\n<\/fieldset>\n<p><span class=\"wpcf7-form-control-wrap\" data-name=\"jmeno\"><input size=\"40\" maxlength=\"400\" class=\"wpcf7-form-control wpcf7-text wpcf7-validates-as-required\" aria-required=\"true\" aria-invalid=\"false\" placeholder=\"Full Name*\" value=\"\" type=\"text\" name=\"jmeno\" \/><input type=\"text\" name=\"name\" value=\"\" autocomplete=\"fill\" class=\"fit-the-fullspace\" aria-hidden=\"true\" tabindex=\"-1\" \/><\/span><br \/>\n<span class=\"wpcf7-form-control-wrap\" data-name=\"email\"><input size=\"40\" maxlength=\"400\" class=\"wpcf7-form-control wpcf7-text wpcf7-validates-as-required\" aria-required=\"true\" aria-invalid=\"false\" placeholder=\"E-mail*\" value=\"\" type=\"text\" name=\"email\" \/><input type=\"text\" name=\"address\" value=\"\" autocomplete=\"fill\" class=\"fit-the-fullspace\" aria-hidden=\"true\" tabindex=\"-1\" \/><\/span><br \/>\n<span class=\"wpcf7-form-control-wrap\" data-name=\"tel\"><input size=\"40\" maxlength=\"400\" class=\"wpcf7-form-control wpcf7-text wpcf7-validates-as-required\" aria-required=\"true\" aria-invalid=\"false\" placeholder=\"Phone\" value=\"\" type=\"text\" name=\"tel\" \/><input type=\"text\" name=\"zip\" value=\"\" autocomplete=\"fill\" class=\"fit-the-fullspace\" aria-hidden=\"true\" tabindex=\"-1\" \/><\/span><br \/>\n<span class=\"wpcf7-form-control-wrap\" data-name=\"message\"><textarea cols=\"40\" rows=\"10\" maxlength=\"2000\" class=\"wpcf7-form-control wpcf7-textarea wpcf7-validates-as-required\" aria-required=\"true\" aria-invalid=\"false\" placeholder=\"Add a massage\" name=\"message\"><\/textarea><\/span><br \/>\n<label style=\"width: 100%; display: inline-block\">Attachment (max: 2MB):<br \/>\n<span class=\"wpcf7-form-control-wrap\" data-name=\"priloha\"><input size=\"40\" class=\"wpcf7-form-control wpcf7-file\" accept=\".pdf,.docx,.zip\" aria-invalid=\"false\" type=\"file\" name=\"priloha\" \/><\/span><\/label><br \/>\n<input class=\"wpcf7-form-control wpcf7-hidden\" value=\"spur@spur.cz\" type=\"hidden\" name=\"email_recipient\" \/><br \/>\n<input class=\"wpcf7-form-control wpcf7-hidden\" value=\"\" type=\"hidden\" name=\"position\" \/><br \/>\n<div id=\"cf7sr-69f2a868d068d\" class=\"cf7sr-g-hcaptcha\" data-theme=\"light\" data-size=\"normal\" data-sitekey=\"975c508e-7820-4fe6-87f0-3732044eb57c\"><\/div><span class=\"wpcf7-form-control-wrap cf7sr-hcaptcha\" data-name=\"cf7sr-hcaptcha\"><input type=\"hidden\" name=\"cf7sr-hcaptcha\" value=\"\" class=\"wpcf7-form-control\"><\/span>\n<\/p>\n<p>* mandatory field\n<\/p>\n<p>By submitting the form, you agree to the processing of your <a href=\"#\">personal data<\/a>.\n<\/p>\n<p><input class=\"wpcf7-form-control wpcf7-submit has-spinner\" type=\"submit\" value=\"Odeslat\" \/>\n<\/p><div class=\"wpcf7-response-output\" aria-hidden=\"true\"><\/div>\n<\/form>\n<\/div>\n\n            <\/div>\n        <\/div>\n    <\/div>","protected":false},"excerpt":{"rendered":"","protected":false},"author":1,"featured_media":0,"parent":0,"menu_order":0,"comment_status":"closed","ping_status":"closed","template":"","meta":{"inline_featured_image":false,"footnotes":""},"class_list":["post-4309","page","type-page","status-publish","hentry"],"aioseo_notices":[],"_links":{"self":[{"href":"https:\/\/www.spur.cz\/de\/wp-json\/wp\/v2\/pages\/4309","targetHints":{"allow":["GET"]}}],"collection":[{"href":"https:\/\/www.spur.cz\/de\/wp-json\/wp\/v2\/pages"}],"about":[{"href":"https:\/\/www.spur.cz\/de\/wp-json\/wp\/v2\/types\/page"}],"author":[{"embeddable":true,"href":"https:\/\/www.spur.cz\/de\/wp-json\/wp\/v2\/users\/1"}],"replies":[{"embeddable":true,"href":"https:\/\/www.spur.cz\/de\/wp-json\/wp\/v2\/comments?post=4309"}],"version-history":[{"count":16,"href":"https:\/\/www.spur.cz\/de\/wp-json\/wp\/v2\/pages\/4309\/revisions"}],"predecessor-version":[{"id":9961,"href":"https:\/\/www.spur.cz\/de\/wp-json\/wp\/v2\/pages\/4309\/revisions\/9961"}],"wp:attachment":[{"href":"https:\/\/www.spur.cz\/de\/wp-json\/wp\/v2\/media?parent=4309"}],"curies":[{"name":"wp","href":"https:\/\/api.w.org\/{rel}","templated":true}]}}