  

            {"id":4291,"date":"2021-11-24T11:44:20","date_gmt":"2021-11-24T10:44:20","guid":{"rendered":"https:\/\/www.spur.cz\/pomahame\/"},"modified":"2025-02-13T13:19:55","modified_gmt":"2025-02-13T12:19:55","slug":"wir-helfen","status":"publish","type":"page","link":"https:\/\/www.spur.cz\/de\/wir-helfen\/","title":{"rendered":"WIR HELFEN"},"content":{"rendered":"    \n\t\t\t<!-- START Slider POMAHAME DE REVOLUTION SLIDER 6.3.9 --><p class=\"rs-p-wp-fix\"><\/p>\n\t\t\t<rs-module-wrap id=\"rev_slider_95_1_wrapper\" data-source=\"gallery\" style=\"background:transparent;padding:0;margin:0px auto;margin-top:0;margin-bottom:0;\">\n\t\t\t\t<rs-module id=\"rev_slider_95_1\" style=\"\" data-version=\"6.3.9\">\n\t\t\t\t\t<rs-slides>\n\t\t\t\t\t\t<rs-slide data-key=\"rs-96\" data-title=\"Slide\" data-anim=\"ei:d;eo:d;s:1000;r:0;t:fade;sl:0;\">\n\t\t\t\t\t\t\t<img loading=\"lazy\" decoding=\"async\" src=\"\/\/spur.cz\/wp-content\/uploads\/2022\/03\/POMAHAME_desktop.jpg\" title=\"POMAHAME_desktop\" width=\"2048\" height=\"1536\" data-parallax=\"off\" class=\"rev-slidebg\" data-no-retina>\n\t\t\t\t\t\t\t<rs-bgvideo \n\t\t\t\t\t\t\t\tdata-video=\"w:100%;h:100%;nse:false;l:true;ptimer:false;\"\n\t\t\t\t\t\t\t\tdata-mp4=\"\/\/spur.cz\/wp-content\/uploads\/2022\/03\/POMAHAME_zoom_desktop.mp4\"\n\t\t\t\t\t\t\t><\/rs-bgvideo>\n<!--\n\t\t\t\t\t\t\t--><rs-layer\n\t\t\t\t\t\t\t\tid=\"slider-95-slide-96-layer-6\" \n\t\t\t\t\t\t\t\tdata-type=\"text\"\n\t\t\t\t\t\t\t\tdata-rsp_ch=\"on\"\n\t\t\t\t\t\t\t\tdata-xy=\"xo:1px,38px,27px,20px;y:b;yo:145px,128px,90px,120px;\"\n\t\t\t\t\t\t\t\tdata-text=\"w:normal;s:48,39,29,24;l:60,49,37,30;fw:600;\"\n\t\t\t\t\t\t\t\tdata-dim=\"w:639px,527px,400px,367px;\"\n\t\t\t\t\t\t\t\tdata-frame_0=\"o:1;\"\n\t\t\t\t\t\t\t\tdata-frame_0_chars=\"d:5;o:0;\"\n\t\t\t\t\t\t\t\tdata-frame_1=\"e:none;\"\n\t\t\t\t\t\t\t\tdata-frame_1_chars=\"e:none;d:7;\"\n\t\t\t\t\t\t\t\tdata-frame_999=\"o:0;st:w;\"\n\t\t\t\t\t\t\t\tstyle=\"z-index:10;font-family:Poppins;\"\n\t\t\t\t\t\t\t>Wir denken<br \/>\nan Nachhaltigkeit,<br \/>\nder Mensch steht<br \/>\nim Mittelpunkt. \n\t\t\t\t\t\t\t<\/rs-layer><!--\n\n\t\t\t\t\t\t\t--><rs-layer\n\t\t\t\t\t\t\t\tid=\"slider-95-slide-96-layer-7\" \n\t\t\t\t\t\t\t\tdata-type=\"shape\"\n\t\t\t\t\t\t\t\tdata-rsp_ch=\"on\"\n\t\t\t\t\t\t\t\tdata-text=\"w:normal;s:20,16,12,7;l:0,20,15,9;\"\n\t\t\t\t\t\t\t\tdata-dim=\"w:1148px,948px,720px,1174px;h:792px,904px,686px,719px;\"\n\t\t\t\t\t\t\t\tdata-basealign=\"slide\"\n\t\t\t\t\t\t\t\tdata-blendmode=\"multiply\"\n\t\t\t\t\t\t\t\tdata-frame_999=\"o:0;st:w;\"\n\t\t\t\t\t\t\t\tstyle=\"z-index:8;background:linear-gradient(90deg, rgba(12,1,1,0.4) 0%, rgba(12,0,0,0.4) 36%, rgba(12,0,0,0) 100%);\"\n\t\t\t\t\t\t\t> \n\t\t\t\t\t\t\t<\/rs-layer><!--\n-->\t\t\t\t\t\t<\/rs-slide>\n\t\t\t\t\t<\/rs-slides>\n\t\t\t\t<\/rs-module>\n\t\t\t\t<script type=\"text\/javascript\">\n\t\t\t\t\tsetREVStartSize({c: 'rev_slider_95_1',rl:[1240,1024,778,480],el:[766.992,768,600,574],gw:[1240,1024,778,480],gh:[767,740,600,574],type:'standard',justify:'',layout:'fullwidth',mh:\"0\"});\n\t\t\t\t\tvar\trevapi95,\n\t\t\t\t\t\ttpj;\n\t\t\t\t\tfunction revinit_revslider951() {\n\t\t\t\t\tjQuery(function() {\n\t\t\t\t\t\ttpj = jQuery;\n\t\t\t\t\t\trevapi95 = tpj(\"#rev_slider_95_1\");\n\t\t\t\t\t\tif(revapi95==undefined || revapi95.revolution == undefined){\n\t\t\t\t\t\t\trevslider_showDoubleJqueryError(\"rev_slider_95_1\");\n\t\t\t\t\t\t}else{\n\t\t\t\t\t\t\trevapi95.revolution({\n\t\t\t\t\t\t\t\tsliderLayout:\"fullwidth\",\n\t\t\t\t\t\t\t\tduration:\"10000ms\",\n\t\t\t\t\t\t\t\tvisibilityLevels:\"1240,1024,778,480\",\n\t\t\t\t\t\t\t\tgridwidth:\"1240,1024,778,480\",\n\t\t\t\t\t\t\t\tgridheight:\"767,740,600,574\",\n\t\t\t\t\t\t\t\tperspective:600,\n\t\t\t\t\t\t\t\tperspectiveType:\"global\",\n\t\t\t\t\t\t\t\teditorheight:\"766.992,768,600,574\",\n\t\t\t\t\t\t\t\tresponsiveLevels:\"1240,1024,778,480\",\n\t\t\t\t\t\t\t\tstopAtSlide:1,\n\t\t\t\t\t\t\t\tstopAfterLoops:0,\n\t\t\t\t\t\t\t\tstopLoop:true,\n\t\t\t\t\t\t\t\tprogressBar:{disableProgressBar:true},\n\t\t\t\t\t\t\t\tnavigation: {\n\t\t\t\t\t\t\t\t\tonHoverStop:false\n\t\t\t\t\t\t\t\t},\n\t\t\t\t\t\t\t\tparallax: {\n\t\t\t\t\t\t\t\t\tlevels:[5,10,15,20,25,30,35,40,45,46,47,48,49,50,51,30],\n\t\t\t\t\t\t\t\t\ttype:\"scroll\",\n\t\t\t\t\t\t\t\t\torigo:\"slidercenter\",\n\t\t\t\t\t\t\t\t\tspeed:0,\n\t\t\t\t\t\t\t\t\tdisable_onmobile:true\n\t\t\t\t\t\t\t\t},\n\t\t\t\t\t\t\t\tfallbacks: {\n\t\t\t\t\t\t\t\t\tallowHTML5AutoPlayOnAndroid:true\n\t\t\t\t\t\t\t\t},\n\t\t\t\t\t\t\t});\n\t\t\t\t\t\t}\n\t\t\t\t\t\t\n\t\t\t\t\t});\n\t\t\t\t\t} \/\/ End of RevInitScript\n\t\t\t\tvar once_revslider951 = false;\n\t\t\t\tif (document.readyState === \"loading\") {document.addEventListener('readystatechange',function() { if((document.readyState === \"interactive\" || document.readyState === \"complete\") && !once_revslider951 ) { once_revslider951 = true; revinit_revslider951();}});} else {once_revslider951 = true; revinit_revslider951();}\n\t\t\t\t<\/script>\n\t\t\t<\/rs-module-wrap>\n\t\t\t<!-- END REVOLUTION SLIDER -->\n\n \n\n<div class=\"container textblock\"  id=\"jak-pomahame\">\n\n        <div class=\"row\">\n            <div class=\"col-12 col-md-8 text-block-a\">\n                <h1 class=\"p1\">Wie wir helfen<\/h1>\n<p class=\"p1\">Wir spenden jedes Jahr 1% des Bruttogewinns f\u00fcr wohlt\u00e4tige Zwecke. Ihre Ausrichtung basiert auf der Firmenphilosophie und den Entscheidungen unserer Mitarbeiter \u2013 jeder von uns tr\u00e4gt mit seiner Arbeit dazu bei. Wir verteilen Finanzmittel auf Basis von Unternehmenswerten:<\/p>\n \n            <\/div>\n        <\/div>\n\n<\/div>\n\n<div class=\"container\">\n    <div class=\"row\">\n        <div class=\"col-12\">\n            <div class=\"orangeline\"><\/div>\n        <\/div>\n    <\/div>\n<\/div>\n\n<div class=\"container imagetext\"  id=\"\">\n\n        <div class=\"row align-items-center zodpovednost\">\n\n            <div class=\"col-12   col-md-7    order-1 order-md-2 \">\n                <h1 class=\"p1\">Verantwortung<\/h1>\n<p>&nbsp;<\/p>\n<h3 class=\"p1\">Gemeinn\u00fctzige T\u00e4tigkeit<span class=\"Apple-converted-space\"><br \/>\n<\/span>Gesellschaftliche Verantwortung<span class=\"Apple-converted-space\">\u00a0<\/span><\/h3>\n<p>&nbsp;<\/p>\n<p class=\"p1\">Wir f\u00fchlen uns verantwortlich f\u00fcr die Schwachen und Wehrlosen. Wir glauben, dass selbst ein wenig Hilfe ihnen helfen kann, ihren Platz in der Gesellschaf zu finden. Wir unterst\u00fctzen Alleinerziehende mit behinderten Kindern und Wohnungen mit Pflegedienst f\u00fcr Personen mit mentaler Behinderung.<\/p>\n<p><img loading=\"lazy\" decoding=\"async\" class=\"alignleft size-full wp-image-8780\" src=\"https:\/\/www.spur.cz\/wp-content\/uploads\/2025\/02\/Navrh-bez-nazvu-3.png\" alt=\"\" width=\"1014\" height=\"171\" \/><\/p>\n\n            <\/div>\n\n            <div class=\"col-12   col-md-5   order-2 order-md-1 \">\n               \n                                    <img decoding=\"async\" src=\"https:\/\/www.spur.cz\/wp-content\/uploads\/2022\/03\/zodpovednost_spur.jpg\">\n                            <\/div>\n\n           \n        <\/div>\n    <\/div>\n\n<div class=\"container imagetext\"  id=\"\">\n\n        <div class=\"row align-items-center profesionalita\">\n\n            <div class=\"col-12   col-md-7   \">\n                <h1 class=\"p1\">Professionalit\u00e4t<\/h1>\n<p>&nbsp;<\/p>\n<h3 class=\"p1\">Sportaktivit\u00e4ten der Jugend<span class=\"Apple-converted-space\">\u00a0<\/span><\/h3>\n<p>&nbsp;<\/p>\n<p class=\"p1\">Wir helfen gerne jedem, der daran interessiert ist, sein Fachwissen und seine F\u00e4higkeiten zu erh\u00f6hen. Deshalb unterst\u00fctzen wir sowohl Sporttrainings von jungen Studenten und Studentinnen als auch deren berufliche Erfahrungen im Rahmen der Einbindung in die Firmenprojekte.<\/p>\n<p><img loading=\"lazy\" decoding=\"async\" class=\"alignleft size-full wp-image-8775\" src=\"https:\/\/www.spur.cz\/wp-content\/uploads\/2025\/02\/Handball-club-Zlin-z.s.png\" alt=\"\" width=\"546\" height=\"105\" \/><\/p>\n\n            <\/div>\n\n            <div class=\"col-12   col-md-5  \">\n               \n                                    <img decoding=\"async\" src=\"https:\/\/www.spur.cz\/wp-content\/uploads\/2025\/02\/Hazena-Zlin.png\">\n                            <\/div>\n\n           \n        <\/div>\n    <\/div>\n\n<div class=\"container imagetext\"  id=\"\">\n\n        <div class=\"row align-items-center \">\n\n            <div class=\"col-12   col-md-7    order-1 order-md-2 \">\n                <h1 class=\"p1\">Zusammenarbeit<\/h1>\n<p>&nbsp;<\/p>\n<h3 class=\"p1\">Projekt SPUR beschert<\/h3>\n<p>&nbsp;<\/p>\n<p>Jeder Mitarbeiter unserer Firma hat einen Verdienst daran, dass wir helfen k\u00f6nnen. Deshalb entscheiden unsere Mitarbeiter in einer Gesamtabstimmung \u00fcber den Verwendungszweck von 15 % vom gesamten Beitrag. Jeder kann Vorschl\u00e4ge machen, jeder kann abstimmen. Wir freuen uns alle.<\/p>\n\n            <\/div>\n\n            <div class=\"col-12   col-md-5   order-2 order-md-1 \">\n               \n                                    <img decoding=\"async\" src=\"https:\/\/www.spur.cz\/wp-content\/uploads\/2022\/03\/Spur_spoluprace.jpg\">\n                            <\/div>\n\n           \n        <\/div>\n    <\/div>\n\n<div class=\"container imagetext\"  id=\"\">\n\n        <div class=\"row align-items-center \">\n\n            <div class=\"col-12   col-md-6   \">\n                <h1 class=\"p1\">Entwicklung<\/h1>\n<p>&nbsp;<\/p>\n<h3 class=\"p1\">Kulturelle Aktivit\u00e4ten der St\u00e4dte, in welchen unsere Mitarbeiter leben<\/h3>\n<p>&nbsp;<\/p>\n<p class=\"p1\">Die Entwicklung ist nicht nur technologischer Fortschritt. Uns interessiert die Entwicklung der gesamten Gesellschaft, in der wir leben. Zu solcher Entwicklung tr\u00e4gt in hohem Ma\u00dfe gute Kultur und Bildung bei, sowie das Interesse der Menschen, sich zu treffen, zu unterhalten und sich gemeinsam zu entwickeln. Wir unterst\u00fctzen Veranstaltungen des Filmfestivals in Zl\u00edn, des Schlosses in Zl\u00edn, aber auch Theaterensembles und andere kulturelle Veranstaltungen und \u00f6ffentliche Initiativen.<\/p>\n<p><img loading=\"lazy\" decoding=\"async\" class=\"alignleft size-full wp-image-8207\" src=\"https:\/\/www.spur.cz\/wp-content\/uploads\/2024\/06\/SPUR-pomahame-loga.png\" alt=\"\" width=\"1014\" height=\"171\" \/><\/p>\n\n            <\/div>\n\n            <div class=\"col-12   col-md-6  \">\n               \n                                    <img decoding=\"async\" src=\"https:\/\/www.spur.cz\/wp-content\/uploads\/2022\/03\/rozvoj_spur.jpg\">\n                            <\/div>\n\n           \n        <\/div>\n    <\/div>\n\n<div class=\"container udrzitelnost\" id=\"udrzitelnost\">\n    <div class=\"row\">\n\n        <div class=\"col-md-8 col-12\">\n            <h1>Nachhaltigkeit<\/h1>\n            <p class=\"subtitle\">Die Mitarbeiter von SPUR a.s erf\u00fcllen die folgenden Ziele der Umweltpolitik:<\/p>\n        <\/div>\n\n    <\/div>\n\n<div class=\"row polozky\">\n\n        <div class=\"col-12 col-sm-6 col-lg-4\">\n        <span class=\"key\">01<\/span>\n        <p>Das Unternehmen h\u00e4lt alle geltenden umweltrechtlichen Vorschriften und andere damit zusammenh\u00e4ngenden Vorschriften ein.<\/p>\n    <\/div>\n        <div class=\"col-12 col-sm-6 col-lg-4\">\n        <span class=\"key\">02<\/span>\n        <p>Das Unternehmen versucht  umweltfreundliche Sublieferungen einzukaufen, bei denen der  Recyclingprozess bzw. die   Abfallentsorgung gel\u00f6st wurden.<\/p>\n    <\/div>\n        <div class=\"col-12 col-sm-6 col-lg-4\">\n        <span class=\"key\">03<\/span>\n        <p>Das Entwicklungsprogramm des Unternehmens orientiert sich auf den Einsatz von Technik und Technologien mit m\u00f6glichst geringer Auswirkung auf die Umwelt, einschlie\u00dflich Hygiene des Arbeitsumfelds.<\/p>\n    <\/div>\n        <div class=\"col-12 col-sm-6 col-lg-4\">\n        <span class=\"key\">04<\/span>\n        <p>Das Unternehmen kommuniziert offen und freundlich mit der \u00d6ffentlichkeit und interessierten Parteien und informiert wahrheitsgem\u00e4\u00df \u00fcber die Auswirkungen seiner T\u00e4tigkeit auf die Umwelt.\r\n<\/p>\n    <\/div>\n        <div class=\"col-12 col-sm-6 col-lg-4\">\n        <span class=\"key\">05<\/span>\n        <p>Das Unternehmen strebt eine konsequente Umsetzung kosteneffizienter und vorbeugender Ma\u00dfnahmen im Bereich Energie- und Rohstoffverbrauch, Abfallentstehung und -verwertung, L\u00e4rmminderung etc.\r\n<\/p>\n    <\/div>\n        <div class=\"col-12 col-sm-6 col-lg-4\">\n        <span class=\"key\">06<\/span>\n        <p>SPUR a.s. hat mit der Gesellschaft EKO-KOM, a.s. einen Vertrag \u00fcber die gemeinsame Leistung abgeschlossen und erf\u00fcllt seine Verpflichtungen zur R\u00fccknahme und Verwertung von Verpackungsabf\u00e4llen.\r\n<\/p>\n    <\/div>\n    \n\n<\/div>\n\n<\/div>\n\n\n\n<div class=\"numbersblock\" id=\"\">\n    <div class=\"container\">\n        <div class=\"row\">\n            \n                        <div class=\"col-md-4 col-12\" \n                >\n                <p  style=\"\" class=\"number\" id=\"number\" data-number=\"78000000\">0<\/p>\n                <p><span  style=\"\">PET-Flaschen <\/span><\/p>\n                <div class=\"line\" \n                     style=\"\">\n                <\/div>\n                <p>Wir verarbeiten pro Jahr Material von <br \/>\r\n78 000 000 PET-Flaschen, die sonst im M\u00fcll landen w\u00fcrden.<\/p>\n            <\/div>\n\n                        <div class=\"col-md-4 col-12\" \n                >\n                <p  style=\"\" class=\"number\" id=\"number1\" data-number=\"600\">0<\/p>\n                <p><span  style=\"\">Tonnen Compoundierung<\/span><\/p>\n                <div class=\"line\" \n                     style=\"\">\n                <\/div>\n                <p>J\u00e4hrlich veredeln wir 600 000 Kilogramm Material durch effizientes Upcycling, das noch besseren Produkten neues Leben einhaucht.<br \/>\r\n<\/p>\n            <\/div>\n\n                        <div class=\"col-md-4 col-12\" \n                >\n                <p  style=\"\" class=\"number\" id=\"number2\" data-number=\"410000\">0<\/p>\n                <p><span  style=\"\">Nano-Atemschutzmasken<\/span><\/p>\n                <div class=\"line\" \n                     style=\"\">\n                <\/div>\n                <p>Wir haben 410 000 Nano-Atemschutzmasken an Krankenh\u00e4user, Kinderheime, Altenheime und Notunterk\u00fcnfte gespendet.<br \/>\r\n<\/p>\n            <\/div>\n\n        <\/div>\n    <\/div>\n\n<\/div>","protected":false},"excerpt":{"rendered":"","protected":false},"author":1,"featured_media":0,"parent":0,"menu_order":0,"comment_status":"closed","ping_status":"closed","template":"","meta":{"inline_featured_image":false,"footnotes":""},"class_list":["post-4291","page","type-page","status-publish","hentry"],"aioseo_notices":[],"_links":{"self":[{"href":"https:\/\/www.spur.cz\/de\/wp-json\/wp\/v2\/pages\/4291","targetHints":{"allow":["GET"]}}],"collection":[{"href":"https:\/\/www.spur.cz\/de\/wp-json\/wp\/v2\/pages"}],"about":[{"href":"https:\/\/www.spur.cz\/de\/wp-json\/wp\/v2\/types\/page"}],"author":[{"embeddable":true,"href":"https:\/\/www.spur.cz\/de\/wp-json\/wp\/v2\/users\/1"}],"replies":[{"embeddable":true,"href":"https:\/\/www.spur.cz\/de\/wp-json\/wp\/v2\/comments?post=4291"}],"version-history":[{"count":7,"href":"https:\/\/www.spur.cz\/de\/wp-json\/wp\/v2\/pages\/4291\/revisions"}],"predecessor-version":[{"id":8798,"href":"https:\/\/www.spur.cz\/de\/wp-json\/wp\/v2\/pages\/4291\/revisions\/8798"}],"wp:attachment":[{"href":"https:\/\/www.spur.cz\/de\/wp-json\/wp\/v2\/media?parent=4291"}],"curies":[{"name":"wp","href":"https:\/\/api.w.org\/{rel}","templated":true}]}}