  

            {"id":4273,"date":"2022-03-02T11:24:55","date_gmt":"2022-03-02T10:24:55","guid":{"rendered":"https:\/\/www.spur.cz\/o-firme\/dotace\/"},"modified":"2026-01-26T10:57:17","modified_gmt":"2026-01-26T09:57:17","slug":"subventionen","status":"publish","type":"page","link":"https:\/\/www.spur.cz\/de\/uber-uns\/subventionen\/","title":{"rendered":"Subventionen"},"content":{"rendered":"    \n\t\t\t<!-- START Slider O FIRME DE REVOLUTION SLIDER 6.3.9 --><p class=\"rs-p-wp-fix\"><\/p>\n\t\t\t<rs-module-wrap id=\"rev_slider_93_1_wrapper\" data-source=\"gallery\" style=\"background:transparent;padding:0;margin:0px auto;margin-top:0;margin-bottom:0;\">\n\t\t\t\t<rs-module id=\"rev_slider_93_1\" style=\"\" data-version=\"6.3.9\">\n\t\t\t\t\t<rs-slides>\n\t\t\t\t\t\t<rs-slide data-key=\"rs-94\" data-title=\"Slide\" data-anim=\"ei:d;eo:d;s:1000;r:0;t:fade;sl:0;\">\n\t\t\t\t\t\t\t<img decoding=\"async\" src=\"\/\/www.spur.cz\/wp-content\/plugins\/revslider\/public\/assets\/assets\/transparent.png\" title=\"Subventionen\" data-parallax=\"off\" class=\"rev-slidebg\" data-no-retina>\n\t\t\t\t\t\t\t<rs-bgvideo \n\t\t\t\t\t\t\t\tdata-video=\"w:100%;h:100%;nse:false;l:true;ptimer:false;\"\n\t\t\t\t\t\t\t\tdata-mp4=\"\/\/spur.cz\/wp-content\/uploads\/2022\/03\/O_NAS_desktop.mp4\"\n\t\t\t\t\t\t\t><\/rs-bgvideo>\n<!--\n\t\t\t\t\t\t\t--><rs-layer\n\t\t\t\t\t\t\t\tid=\"slider-93-slide-94-layer-6\" \n\t\t\t\t\t\t\t\tdata-type=\"text\"\n\t\t\t\t\t\t\t\tdata-rsp_ch=\"on\"\n\t\t\t\t\t\t\t\tdata-xy=\"xo:1px,38px,27px,20px;y:b;yo:145px,128px,90px,120px;\"\n\t\t\t\t\t\t\t\tdata-text=\"w:normal;s:48,39,29,24;l:60,49,37,30;fw:600;\"\n\t\t\t\t\t\t\t\tdata-dim=\"w:639px,527px,400px,367px;\"\n\t\t\t\t\t\t\t\tdata-frame_0=\"o:1;\"\n\t\t\t\t\t\t\t\tdata-frame_0_chars=\"d:5;o:0;\"\n\t\t\t\t\t\t\t\tdata-frame_1=\"e:none;\"\n\t\t\t\t\t\t\t\tdata-frame_1_chars=\"e:none;d:7;\"\n\t\t\t\t\t\t\t\tdata-frame_999=\"o:0;st:w;\"\n\t\t\t\t\t\t\t\tstyle=\"z-index:10;font-family:Poppins;\"\n\t\t\t\t\t\t\t>Unsere Herstellungsprogramme sind bei uns in der Tschechischen Republik und auch im ausland bekannt \n\t\t\t\t\t\t\t<\/rs-layer><!--\n\n\t\t\t\t\t\t\t--><rs-layer\n\t\t\t\t\t\t\t\tid=\"slider-93-slide-94-layer-7\" \n\t\t\t\t\t\t\t\tdata-type=\"shape\"\n\t\t\t\t\t\t\t\tdata-rsp_ch=\"on\"\n\t\t\t\t\t\t\t\tdata-text=\"w:normal;s:20,16,12,7;l:0,20,15,9;\"\n\t\t\t\t\t\t\t\tdata-dim=\"w:1148px,948px,720px,1174px;h:792px,904px,686px,719px;\"\n\t\t\t\t\t\t\t\tdata-basealign=\"slide\"\n\t\t\t\t\t\t\t\tdata-blendmode=\"multiply\"\n\t\t\t\t\t\t\t\tdata-frame_999=\"o:0;st:w;\"\n\t\t\t\t\t\t\t\tstyle=\"z-index:8;background:linear-gradient(90deg, rgba(12,1,1,0.4) 0%, rgba(12,0,0,0.4) 36%, rgba(12,0,0,0) 100%);\"\n\t\t\t\t\t\t\t> \n\t\t\t\t\t\t\t<\/rs-layer><!--\n-->\t\t\t\t\t\t<\/rs-slide>\n\t\t\t\t\t<\/rs-slides>\n\t\t\t\t<\/rs-module>\n\t\t\t\t<script type=\"text\/javascript\">\n\t\t\t\t\tsetREVStartSize({c: 'rev_slider_93_1',rl:[1240,1024,778,480],el:[767,768,600,574],gw:[1240,1024,778,480],gh:[767,740,600,574],type:'standard',justify:'',layout:'fullwidth',mh:\"0\"});\n\t\t\t\t\tvar\trevapi93,\n\t\t\t\t\t\ttpj;\n\t\t\t\t\tfunction revinit_revslider931() {\n\t\t\t\t\tjQuery(function() {\n\t\t\t\t\t\ttpj = jQuery;\n\t\t\t\t\t\trevapi93 = tpj(\"#rev_slider_93_1\");\n\t\t\t\t\t\tif(revapi93==undefined || revapi93.revolution == undefined){\n\t\t\t\t\t\t\trevslider_showDoubleJqueryError(\"rev_slider_93_1\");\n\t\t\t\t\t\t}else{\n\t\t\t\t\t\t\trevapi93.revolution({\n\t\t\t\t\t\t\t\tsliderLayout:\"fullwidth\",\n\t\t\t\t\t\t\t\tduration:\"10000ms\",\n\t\t\t\t\t\t\t\tvisibilityLevels:\"1240,1024,778,480\",\n\t\t\t\t\t\t\t\tgridwidth:\"1240,1024,778,480\",\n\t\t\t\t\t\t\t\tgridheight:\"767,740,600,574\",\n\t\t\t\t\t\t\t\tperspective:600,\n\t\t\t\t\t\t\t\tperspectiveType:\"global\",\n\t\t\t\t\t\t\t\teditorheight:\"767,768,600,574\",\n\t\t\t\t\t\t\t\tresponsiveLevels:\"1240,1024,778,480\",\n\t\t\t\t\t\t\t\tstopAtSlide:1,\n\t\t\t\t\t\t\t\tstopAfterLoops:0,\n\t\t\t\t\t\t\t\tstopLoop:true,\n\t\t\t\t\t\t\t\tprogressBar:{disableProgressBar:true},\n\t\t\t\t\t\t\t\tnavigation: {\n\t\t\t\t\t\t\t\t\tonHoverStop:false\n\t\t\t\t\t\t\t\t},\n\t\t\t\t\t\t\t\tparallax: {\n\t\t\t\t\t\t\t\t\tlevels:[5,10,15,20,25,30,35,40,45,46,47,48,49,50,51,30],\n\t\t\t\t\t\t\t\t\ttype:\"scroll\",\n\t\t\t\t\t\t\t\t\torigo:\"slidercenter\",\n\t\t\t\t\t\t\t\t\tspeed:0,\n\t\t\t\t\t\t\t\t\tdisable_onmobile:true\n\t\t\t\t\t\t\t\t},\n\t\t\t\t\t\t\t\tfallbacks: {\n\t\t\t\t\t\t\t\t\tallowHTML5AutoPlayOnAndroid:true\n\t\t\t\t\t\t\t\t},\n\t\t\t\t\t\t\t});\n\t\t\t\t\t\t}\n\t\t\t\t\t\t\n\t\t\t\t\t});\n\t\t\t\t\t} \/\/ End of RevInitScript\n\t\t\t\tvar once_revslider931 = false;\n\t\t\t\tif (document.readyState === \"loading\") {document.addEventListener('readystatechange',function() { if((document.readyState === \"interactive\" || document.readyState === \"complete\") && !once_revslider931 ) { once_revslider931 = true; revinit_revslider931();}});} else {once_revslider931 = true; revinit_revslider931();}\n\t\t\t\t<\/script>\n\t\t\t<\/rs-module-wrap>\n\t\t\t<!-- END REVOLUTION SLIDER -->\n\n \n\n<div class=\"container\" id=\"menu\">\n  \n        <navbar class=\"onas submenu\" id=\"\">\n                <div class=\"menu-o-nas-menu-nemec-container\"><ul id=\"menu-o-nas-menu-nemec\" class=\"menu\"><li id=\"menu-item-5122\" class=\"menu-item menu-item-type-post_type menu-item-object-page menu-item-5122\"><a href=\"https:\/\/www.spur.cz\/de\/uber-uns\/\">\u00dcber uns<\/a><\/li>\n<li id=\"menu-item-5123\" class=\"menu-item menu-item-type-post_type menu-item-object-page menu-item-5123\"><a href=\"https:\/\/www.spur.cz\/de\/uber-uns\/geschichte-des-unternehmens\/\">Geschichte des Unternehmens<\/a><\/li>\n<li id=\"menu-item-5124\" class=\"menu-item menu-item-type-post_type menu-item-object-page menu-item-5124\"><a href=\"https:\/\/www.spur.cz\/de\/uber-uns\/qualitat\/\">Qualit\u00e4t<\/a><\/li>\n<li id=\"menu-item-5125\" class=\"menu-item menu-item-type-post_type menu-item-object-page menu-item-5125\"><a href=\"https:\/\/www.spur.cz\/de\/uber-uns\/subventionen\/\">Subventionen<\/a><\/li>\n<\/ul><\/div>\n        <\/navbar>\n<\/div>\n\n\n<div class=\"container dotace\" id=\"\">\n    <div class=\"row\">\n        <div class=\"col-12 col-md-10 col-lg-8\">\n            <h2>\n                <img decoding=\"async\" src=\"https:\/\/www.spur.cz\/wp-content\/uploads\/2021\/11\/eu.png\"> Programm OP TAK\n                <\/h2>\n                <p class=\"subtitle\">\n                Umgesetzte Projekte im Rahmen des Operationellen Programms \u201eTechnologie und Anwendungen f\u00fcr Wettbewerbsf\u00e4higkeit\u201c (OP TAK):\n            <\/p>\n        <\/div>\n    <\/div>\n\n    <div class=\"row\">\n            <div class=\"col-12 singledotace\">\n            <div class=\"row\">\n                                <div class=\"col-12 col-sm-12 col-md-8\"><p>REKONSTRUKTION DES HEIZSYSTEMS DER SPUR A.S. BEREICH ZUR STEIGERUNG DER ENERGIEEFFIZIENZ<\/p><\/div>\n                                <div class=\"col-12 col-sm-12 col-md-4 text-left text-md-right\"><a href=\"https:\/\/www.spur.cz\/wp-content\/uploads\/2025\/03\/Publicita_OP-TAK_Uspory-energie.pdf\" target=\"_blank\" class=\"showjobdetail dotacelink borderbutton\">\u010c\u00cdST V\u00cdCE<\/a> <\/div>\n                                <\/div>\n\n        <\/div>\n            <div class=\"col-12 singledotace\">\n            <div class=\"row\">\n                                <div class=\"col-12 col-sm-12 col-md-8\"><p>Forschung und Entwicklung einer Einheit zur Trinkwasserfilterung<\/p><\/div>\n                                <div class=\"col-12 col-sm-12 col-md-4 text-left text-md-right\"><a href=\"https:\/\/www.spur.cz\/wp-content\/uploads\/2026\/01\/Publicita_OP_TAK_filtrace_vody.pdf\" target=\"_blank\" class=\"showjobdetail dotacelink borderbutton\">\u010c\u00cdST V\u00cdCE<\/a> <\/div>\n                                <\/div>\n\n        <\/div>\n        <\/div>\n<\/div>\n\n<div class=\"container dotace\" id=\"\">\n    <div class=\"row\">\n        <div class=\"col-12 col-md-10 col-lg-8\">\n            <h2>\n                <img decoding=\"async\" src=\"https:\/\/www.spur.cz\/wp-content\/uploads\/2021\/11\/eu.png\"> Programm TREND\n                <\/h2>\n                <p class=\"subtitle\">\n                Im Rahmen des TREND-Programms mit staatlicher Unterst\u00fctzung der Technologieagentur der Tschechischen Republik und des Ministeriums f\u00fcr Industrie und Handel der Tschechischen Republik durchgef\u00fchrtes Projekt:\n            <\/p>\n        <\/div>\n    <\/div>\n\n    <div class=\"row\">\n            <div class=\"col-12 singledotace\">\n            <div class=\"row\">\n                                <div class=\"col-12 col-sm-12 col-md-8\"><p>NEUE GENERATION VON NANOSTRUKTURIERTEN FALTFILTERN ZUM KOLLEKTIVEN UND PERS\u00d6NLICHEN SCHUTZ DER BEV\u00d6LKERUNG<\/p><\/div>\n                                <div class=\"col-12 col-sm-12 col-md-4 text-left text-md-right\"><a href=\"https:\/\/www.spur.cz\/wp-content\/uploads\/2023\/10\/Publicita_webove-stranky_projekt-FW06010527.pdf\" target=\"_blank\" class=\"showjobdetail dotacelink borderbutton\">\u010c\u00cdST V\u00cdCE<\/a> <\/div>\n                                <\/div>\n\n        <\/div>\n        <\/div>\n<\/div>\n\n<div class=\"container dotace\" id=\"\">\n    <div class=\"row\">\n        <div class=\"col-12 col-md-10 col-lg-8\">\n            <h2>\n                <img decoding=\"async\" src=\"https:\/\/www.spur.cz\/wp-content\/uploads\/2021\/11\/eu.png\"> Programm NRP\n                <\/h2>\n                <p class=\"subtitle\">\n                Realisierte Projekte im Rahmen des National Recovery Program (NRP):\n            <\/p>\n        <\/div>\n    <\/div>\n\n    <div class=\"row\">\n            <div class=\"col-12 singledotace\">\n            <div class=\"row\">\n                                <div class=\"col-12 col-sm-12 col-md-8\"><p>Photovoltaiksystem f\u00fcr den Bedarf der Kunststoffproduktion <\/p><\/div>\n                                <div class=\"col-12 col-sm-12 col-md-4 text-left text-md-right\"><a href=\"https:\/\/www.spur.cz\/wp-content\/uploads\/2023\/07\/Publicita_NPO_Internetove-stranky_FVE_3.-etapa.pdf\" target=\"_blank\" class=\"showjobdetail dotacelink borderbutton\">\u010c\u00cdST V\u00cdCE<\/a> <\/div>\n                                <\/div>\n\n        <\/div>\n            <div class=\"col-12 singledotace\">\n            <div class=\"row\">\n                                <div class=\"col-12 col-sm-12 col-md-8\"><p>Photovoltaiksystem f\u00fcr den Bedarf der Kunststoffproduktion <\/p><\/div>\n                                <div class=\"col-12 col-sm-12 col-md-4 text-left text-md-right\"><a href=\"https:\/\/www.spur.cz\/wp-content\/uploads\/2023\/07\/Publicita_NPO_Internetove-stranky_FVE_Svit-104.pdf\" target=\"_blank\" class=\"showjobdetail dotacelink borderbutton\">\u010c\u00cdST V\u00cdCE<\/a> <\/div>\n                                <\/div>\n\n        <\/div>\n        <\/div>\n<\/div>\n\n<div class=\"container dotace\" id=\"\">\n    <div class=\"row\">\n        <div class=\"col-12 col-md-10 col-lg-8\">\n            <h2>\n                <img decoding=\"async\" src=\"https:\/\/www.spur.cz\/wp-content\/uploads\/2021\/11\/eu.png\"> Programm OP PIK\n                <\/h2>\n                <p class=\"subtitle\">\n                Realisierte Projekte im Rahmen des Operationellen Programms Unternehmen und Innovationen f\u00fcr Wettbewerbsf\u00e4higkeit (OP PIK):\n            <\/p>\n        <\/div>\n    <\/div>\n\n    <div class=\"row\">\n            <div class=\"col-12 singledotace\">\n            <div class=\"row\">\n                                <div class=\"col-12 col-sm-12 col-md-8\"><p>Photovoltaiksystem f\u00fcr den Bedarf der Kunststoffproduktion <\/p><\/div>\n                                <div class=\"col-12 col-sm-12 col-md-4 text-left text-md-right\"><a href=\"https:\/\/www.spur.cz\/wp-content\/uploads\/2022\/03\/publicita-fotovoltaika.pdf\" target=\"_blank\" class=\"showjobdetail dotacelink borderbutton\">\u010c\u00cdST V\u00cdCE<\/a> <\/div>\n                                <\/div>\n\n        <\/div>\n            <div class=\"col-12 singledotace\">\n            <div class=\"row\">\n                                <div class=\"col-12 col-sm-12 col-md-8\"><p>Produktion von Atemschutzmasken und Gesichtsmasken, spezialisiert auf die effiziente Erfassung von Viruspartikeln <\/p><\/div>\n                                <div class=\"col-12 col-sm-12 col-md-4 text-left text-md-right\"><a href=\"https:\/\/www.spur.cz\/wp-content\/uploads\/2021\/12\/publicita-internetove-stranky-60019c365bd97.pdf\" target=\"_blank\" class=\"showjobdetail dotacelink borderbutton\">\u010c\u00cdST V\u00cdCE<\/a> <\/div>\n                                <\/div>\n\n        <\/div>\n            <div class=\"col-12 singledotace\">\n            <div class=\"row\">\n                                <div class=\"col-12 col-sm-12 col-md-8\"><p>Errichtung eines Schulungszentrums mit Orientierung auf Bildung in der Kunststoffbranche <\/p><\/div>\n                                <div class=\"col-12 col-sm-12 col-md-4 text-left text-md-right\"><a href=\"https:\/\/www.spur.cz\/wp-content\/uploads\/2021\/12\/publicita-skolici-strediska-internetove-stranky.pdf\" target=\"_blank\" class=\"showjobdetail dotacelink borderbutton\">\u010c\u00cdST V\u00cdCE<\/a> <\/div>\n                                <\/div>\n\n        <\/div>\n            <div class=\"col-12 singledotace\">\n            <div class=\"row\">\n                                <div class=\"col-12 col-sm-12 col-md-8\"><p>Photovoltaiksystem f\u00fcr den Bedarf der Kunststoffproduktion <\/p><\/div>\n                                <div class=\"col-12 col-sm-12 col-md-4 text-left text-md-right\"><a href=\"https:\/\/www.spur.cz\/wp-content\/uploads\/2021\/12\/publicita-fve-internetove-stranky.pdf\" target=\"_blank\" class=\"showjobdetail dotacelink borderbutton\">\u010c\u00cdST V\u00cdCE<\/a> <\/div>\n                                <\/div>\n\n        <\/div>\n            <div class=\"col-12 singledotace\">\n            <div class=\"row\">\n                                <div class=\"col-12 col-sm-12 col-md-8\"><p>Technologische Innovation in der Produktion von physikalisch expandierten Polyolefin-Schaumstoffen <\/p><\/div>\n                                <div class=\"col-12 col-sm-12 col-md-4 text-left text-md-right\"><a href=\"https:\/\/www.spur.cz\/wp-content\/uploads\/2021\/12\/publicita-inovace-peny-internetove-stranky.pdf\" target=\"_blank\" class=\"showjobdetail dotacelink borderbutton\">\u010c\u00cdST V\u00cdCE<\/a> <\/div>\n                                <\/div>\n\n        <\/div>\n            <div class=\"col-12 singledotace\">\n            <div class=\"row\">\n                                <div class=\"col-12 col-sm-12 col-md-8\"><p>Forschung und Entwicklung des Verfahrens der Extrusion von expandierten Kunststoffen f\u00fcr Anwendungen von komplexen Formprofilen <\/p><\/div>\n                                <div class=\"col-12 col-sm-12 col-md-4 text-left text-md-right\"><a href=\"https:\/\/www.spur.cz\/wp-content\/uploads\/2021\/12\/projekt-v-programu-aplikace.pdf\" target=\"_blank\" class=\"showjobdetail dotacelink borderbutton\">\u010c\u00cdST V\u00cdCE<\/a> <\/div>\n                                <\/div>\n\n        <\/div>\n            <div class=\"col-12 singledotace\">\n            <div class=\"row\">\n                                <div class=\"col-12 col-sm-12 col-md-8\"><p>Rekonstruktion eines Objektes f\u00fcr eine moderne Kunststoffproduktion <\/p><\/div>\n                                <div class=\"col-12 col-sm-12 col-md-4 text-left text-md-right\"><a href=\"https:\/\/www.spur.cz\/wp-content\/uploads\/2021\/12\/publicita-nemovitosti.pdf\" target=\"_blank\" class=\"showjobdetail dotacelink borderbutton\">\u010c\u00cdST V\u00cdCE<\/a> <\/div>\n                                <\/div>\n\n        <\/div>\n            <div class=\"col-12 singledotace\">\n            <div class=\"row\">\n                                <div class=\"col-12 col-sm-12 col-md-8\"><p>Technologische Innovation von M\u00f6belkanten <\/p><\/div>\n                                <div class=\"col-12 col-sm-12 col-md-4 text-left text-md-right\"><a href=\"https:\/\/www.spur.cz\/wp-content\/uploads\/2021\/12\/publicita-internetove-stranky.pdf\" target=\"_blank\" class=\"showjobdetail dotacelink borderbutton\">\u010c\u00cdST V\u00cdCE<\/a> <\/div>\n                                <\/div>\n\n        <\/div>\n        <\/div>\n<\/div>\n\n<div class=\"container dotace\" id=\"\">\n    <div class=\"row\">\n        <div class=\"col-12 col-md-10 col-lg-8\">\n            <h2>\n                <img decoding=\"async\" src=\"https:\/\/www.spur.cz\/wp-content\/uploads\/2021\/11\/eu.png\"> Programm OPZ\n                <\/h2>\n                <p class=\"subtitle\">\n                \u00dcber die Agentur CzechInvest erhielt SPUR a.s. Unterst\u00fctzung aus den Strukturfonds der Europ\u00e4ischen Union und dem Staatshaushalt f\u00fcr die Entwicklung der eigenen Produktion. Realisierte Projekte im Rahmen des Operationellen Programms Unternehmen und Innovationen (OPPI):\n            <\/p>\n        <\/div>\n    <\/div>\n\n    <div class=\"row\">\n        <\/div>\n<\/div>\n\n<div class=\"container dotace\" id=\"\">\n    <div class=\"row\">\n        <div class=\"col-12 col-md-10 col-lg-8\">\n            <h2>\n                <img decoding=\"async\" src=\"https:\/\/www.spur.cz\/wp-content\/uploads\/2021\/11\/eu.png\"> Programm OPPI\n                <\/h2>\n                <p class=\"subtitle\">\n                \u00dcber die Agentur CzechInvest erhielt SPUR a.s. Unterst\u00fctzung aus den Strukturfonds der Europ\u00e4ischen Union und dem Staatshaushalt f\u00fcr die Entwicklung der eigenen Produktion. Realisierte Projekte im Rahmen des Operationellen Programms Unternehmen und Innovationen (OPPI):\n            <\/p>\n        <\/div>\n    <\/div>\n\n    <div class=\"row\">\n            <div class=\"col-12 singledotace\">\n            <div class=\"row\">\n                                <div class=\"col-12 col-sm-12 col-md-8\"><p>Erweiterung des Zentrums f\u00fcr industrielle Forschung und Entwicklung der angewandten Kunststoffproduktion (Programm Potenzial) &#8211; abgeschlossen 2011<\/p><\/div>\n                                <div class=\"col-12 col-sm-12 col-md-4 text-left text-md-right\"><\/div>\n                                <\/div>\n\n        <\/div>\n            <div class=\"col-12 singledotace\">\n            <div class=\"row\">\n                                <div class=\"col-12 col-sm-12 col-md-8\"><p>INVESTITION IN IHRE ZUKUNFT Verbesserung der w\u00e4rmetechnischen Eigenschaften der Geb\u00e4ude des Antragstellers (Programm \u00d6ko-Energie) &#8211; abgeschlossen 2011<\/p><\/div>\n                                <div class=\"col-12 col-sm-12 col-md-4 text-left text-md-right\"><\/div>\n                                <\/div>\n\n        <\/div>\n            <div class=\"col-12 singledotace\">\n            <div class=\"row\">\n                                <div class=\"col-12 col-sm-12 col-md-8\"><p>Erwerb und Rekonstruktion des Objektes f\u00fcr angewandte Kunststoffproduktion (Programm Immobilien) &#8211; abgeschlossen 2013<\/p><\/div>\n                                <div class=\"col-12 col-sm-12 col-md-4 text-left text-md-right\"><\/div>\n                                <\/div>\n\n        <\/div>\n            <div class=\"col-12 singledotace\">\n            <div class=\"row\">\n                                <div class=\"col-12 col-sm-12 col-md-8\"><p>Industriehalle f\u00fcr die Produktion von expandierten Kunststoffen (Programm Immobilien) &#8211; abgeschlossen 2013<\/p><\/div>\n                                <div class=\"col-12 col-sm-12 col-md-4 text-left text-md-right\"><\/div>\n                                <\/div>\n\n        <\/div>\n            <div class=\"col-12 singledotace\">\n            <div class=\"row\">\n                                <div class=\"col-12 col-sm-12 col-md-8\"><p>Spezialanwendungen von Kunststoffen als Ersatz f\u00fcr Glasscheiben (Programm Innovationen) &#8211; abgeschlossen 2013<\/p><\/div>\n                                <div class=\"col-12 col-sm-12 col-md-4 text-left text-md-right\"><\/div>\n                                <\/div>\n\n        <\/div>\n            <div class=\"col-12 singledotace\">\n            <div class=\"row\">\n                                <div class=\"col-12 col-sm-12 col-md-8\"><p>Mehrschichtige W\u00e4rmed\u00e4mmung mit reflektierenden Folien (Programm Innovationen) &#8211; abgeschlossen 2013<\/p><\/div>\n                                <div class=\"col-12 col-sm-12 col-md-4 text-left text-md-right\"><\/div>\n                                <\/div>\n\n        <\/div>\n            <div class=\"col-12 singledotace\">\n            <div class=\"row\">\n                                <div class=\"col-12 col-sm-12 col-md-8\"><p>Entwicklungs- und Konstruktionszentrum f\u00fcr Verpackungsmaterialien (Programm Potenzial) &#8211; abgeschlossen 2014<\/p><\/div>\n                                <div class=\"col-12 col-sm-12 col-md-4 text-left text-md-right\"><a href=\"https:\/\/www.spur.cz\/wp-content\/uploads\/2021\/12\/opi.pdf\" target=\"_blank\" class=\"showjobdetail dotacelink borderbutton\">\u010c\u00cdST V\u00cdCE<\/a> <\/div>\n                                <\/div>\n\n        <\/div>\n            <div class=\"col-12 singledotace\">\n            <div class=\"row\">\n                                <div class=\"col-12 col-sm-12 col-md-8\"><p>Innovation des Sortiments zur Herstellung von Kunststoff-Hohlkernplatten (Programm Innovationen) &#8211; abgeschlossen 2014<\/p><\/div>\n                                <div class=\"col-12 col-sm-12 col-md-4 text-left text-md-right\"><\/div>\n                                <\/div>\n\n        <\/div>\n            <div class=\"col-12 singledotace\">\n            <div class=\"row\">\n                                <div class=\"col-12 col-sm-12 col-md-8\"><p>Innovation des Expandierens von Kunststoffen und ihre Anwendung in neuen Produktkategorien (Programm Innovationen) \u2013 abgeschlossen 2015<\/p><\/div>\n                                <div class=\"col-12 col-sm-12 col-md-4 text-left text-md-right\"><\/div>\n                                <\/div>\n\n        <\/div>\n        <\/div>\n<\/div>\n\n<div class=\"container dotace\" id=\"\">\n    <div class=\"row\">\n        <div class=\"col-12 col-md-10 col-lg-8\">\n            <h2>\n                <img decoding=\"async\" src=\"https:\/\/www.spur.cz\/wp-content\/uploads\/2021\/11\/eu.png\"> Programm OP LZZ\n                <\/h2>\n                <p class=\"subtitle\">\n                \u00dcber die Agentur CzechInvest und das Ministerium f\u00fcr Arbeit und Soziales der Tschechischen Republik erhielt SPUR a.s. Unterst\u00fctzung aus dem Europ\u00e4ischen Sozialfonds f\u00fcr Mitarbeiterentwicklung. Realisierte Projekte im Rahmen des Operationellen Programms Humanressourcen und Besch\u00e4ftigung:\n            <\/p>\n        <\/div>\n    <\/div>\n\n    <div class=\"row\">\n            <div class=\"col-12 singledotace\">\n            <div class=\"row\">\n                                <div class=\"col-12 col-sm-12 col-md-8\"><p>Systemansatz f\u00fcr anwendbare Entwicklung &#8211; abgeschlossen 2015<\/p><\/div>\n                                <div class=\"col-12 col-sm-12 col-md-4 text-left text-md-right\"><\/div>\n                                <\/div>\n\n        <\/div>\n            <div class=\"col-12 singledotace\">\n            <div class=\"row\">\n                                <div class=\"col-12 col-sm-12 col-md-8\"><p>Verbesserung der beruflichen Qualifikation spezialisierter Mitarbeiter von SPUR a.s. zur Verbesserung der Produktion von speziellen Produkten \u2013 abgeschlossen 2014 <\/p><\/div>\n                                <div class=\"col-12 col-sm-12 col-md-4 text-left text-md-right\"><\/div>\n                                <\/div>\n\n        <\/div>\n        <\/div>\n<\/div>","protected":false},"excerpt":{"rendered":"","protected":false},"author":1,"featured_media":0,"parent":4223,"menu_order":0,"comment_status":"closed","ping_status":"closed","template":"","meta":{"inline_featured_image":false,"footnotes":""},"class_list":["post-4273","page","type-page","status-publish","hentry"],"aioseo_notices":[],"_links":{"self":[{"href":"https:\/\/www.spur.cz\/de\/wp-json\/wp\/v2\/pages\/4273","targetHints":{"allow":["GET"]}}],"collection":[{"href":"https:\/\/www.spur.cz\/de\/wp-json\/wp\/v2\/pages"}],"about":[{"href":"https:\/\/www.spur.cz\/de\/wp-json\/wp\/v2\/types\/page"}],"author":[{"embeddable":true,"href":"https:\/\/www.spur.cz\/de\/wp-json\/wp\/v2\/users\/1"}],"replies":[{"embeddable":true,"href":"https:\/\/www.spur.cz\/de\/wp-json\/wp\/v2\/comments?post=4273"}],"version-history":[{"count":4,"href":"https:\/\/www.spur.cz\/de\/wp-json\/wp\/v2\/pages\/4273\/revisions"}],"predecessor-version":[{"id":9955,"href":"https:\/\/www.spur.cz\/de\/wp-json\/wp\/v2\/pages\/4273\/revisions\/9955"}],"up":[{"embeddable":true,"href":"https:\/\/www.spur.cz\/de\/wp-json\/wp\/v2\/pages\/4223"}],"wp:attachment":[{"href":"https:\/\/www.spur.cz\/de\/wp-json\/wp\/v2\/media?parent=4273"}],"curies":[{"name":"wp","href":"https:\/\/api.w.org\/{rel}","templated":true}]}}