  

            {"id":4261,"date":"2022-03-04T11:25:22","date_gmt":"2022-03-04T10:25:22","guid":{"rendered":"https:\/\/www.spur.cz\/o-firme\/kvalita\/"},"modified":"2024-06-01T19:02:42","modified_gmt":"2024-06-01T17:02:42","slug":"qualitat","status":"publish","type":"page","link":"https:\/\/www.spur.cz\/de\/uber-uns\/qualitat\/","title":{"rendered":"Qualit\u00e4t"},"content":{"rendered":"    \n\t\t\t<!-- START Slider O FIRME DE REVOLUTION SLIDER 6.3.9 --><p class=\"rs-p-wp-fix\"><\/p>\n\t\t\t<rs-module-wrap id=\"rev_slider_93_1_wrapper\" data-source=\"gallery\" style=\"background:transparent;padding:0;margin:0px auto;margin-top:0;margin-bottom:0;\">\n\t\t\t\t<rs-module id=\"rev_slider_93_1\" style=\"\" data-version=\"6.3.9\">\n\t\t\t\t\t<rs-slides>\n\t\t\t\t\t\t<rs-slide data-key=\"rs-94\" data-title=\"Slide\" data-anim=\"ei:d;eo:d;s:1000;r:0;t:fade;sl:0;\">\n\t\t\t\t\t\t\t<img decoding=\"async\" src=\"\/\/www.spur.cz\/wp-content\/plugins\/revslider\/public\/assets\/assets\/transparent.png\" title=\"Qualit\u00e4t\" data-parallax=\"off\" class=\"rev-slidebg\" data-no-retina>\n\t\t\t\t\t\t\t<rs-bgvideo \n\t\t\t\t\t\t\t\tdata-video=\"w:100%;h:100%;nse:false;l:true;ptimer:false;\"\n\t\t\t\t\t\t\t\tdata-mp4=\"\/\/spur.cz\/wp-content\/uploads\/2022\/03\/O_NAS_desktop.mp4\"\n\t\t\t\t\t\t\t><\/rs-bgvideo>\n<!--\n\t\t\t\t\t\t\t--><rs-layer\n\t\t\t\t\t\t\t\tid=\"slider-93-slide-94-layer-6\" \n\t\t\t\t\t\t\t\tdata-type=\"text\"\n\t\t\t\t\t\t\t\tdata-rsp_ch=\"on\"\n\t\t\t\t\t\t\t\tdata-xy=\"xo:1px,38px,27px,20px;y:b;yo:145px,128px,90px,120px;\"\n\t\t\t\t\t\t\t\tdata-text=\"w:normal;s:48,39,29,24;l:60,49,37,30;fw:600;\"\n\t\t\t\t\t\t\t\tdata-dim=\"w:639px,527px,400px,367px;\"\n\t\t\t\t\t\t\t\tdata-frame_0=\"o:1;\"\n\t\t\t\t\t\t\t\tdata-frame_0_chars=\"d:5;o:0;\"\n\t\t\t\t\t\t\t\tdata-frame_1=\"e:none;\"\n\t\t\t\t\t\t\t\tdata-frame_1_chars=\"e:none;d:7;\"\n\t\t\t\t\t\t\t\tdata-frame_999=\"o:0;st:w;\"\n\t\t\t\t\t\t\t\tstyle=\"z-index:10;font-family:Poppins;\"\n\t\t\t\t\t\t\t>Unsere Herstellungsprogramme sind bei uns in der Tschechischen Republik und auch im ausland bekannt \n\t\t\t\t\t\t\t<\/rs-layer><!--\n\n\t\t\t\t\t\t\t--><rs-layer\n\t\t\t\t\t\t\t\tid=\"slider-93-slide-94-layer-7\" \n\t\t\t\t\t\t\t\tdata-type=\"shape\"\n\t\t\t\t\t\t\t\tdata-rsp_ch=\"on\"\n\t\t\t\t\t\t\t\tdata-text=\"w:normal;s:20,16,12,7;l:0,20,15,9;\"\n\t\t\t\t\t\t\t\tdata-dim=\"w:1148px,948px,720px,1174px;h:792px,904px,686px,719px;\"\n\t\t\t\t\t\t\t\tdata-basealign=\"slide\"\n\t\t\t\t\t\t\t\tdata-blendmode=\"multiply\"\n\t\t\t\t\t\t\t\tdata-frame_999=\"o:0;st:w;\"\n\t\t\t\t\t\t\t\tstyle=\"z-index:8;background:linear-gradient(90deg, rgba(12,1,1,0.4) 0%, rgba(12,0,0,0.4) 36%, rgba(12,0,0,0) 100%);\"\n\t\t\t\t\t\t\t> \n\t\t\t\t\t\t\t<\/rs-layer><!--\n-->\t\t\t\t\t\t<\/rs-slide>\n\t\t\t\t\t<\/rs-slides>\n\t\t\t\t<\/rs-module>\n\t\t\t\t<script type=\"text\/javascript\">\n\t\t\t\t\tsetREVStartSize({c: 'rev_slider_93_1',rl:[1240,1024,778,480],el:[767,768,600,574],gw:[1240,1024,778,480],gh:[767,740,600,574],type:'standard',justify:'',layout:'fullwidth',mh:\"0\"});\n\t\t\t\t\tvar\trevapi93,\n\t\t\t\t\t\ttpj;\n\t\t\t\t\tfunction revinit_revslider931() {\n\t\t\t\t\tjQuery(function() {\n\t\t\t\t\t\ttpj = jQuery;\n\t\t\t\t\t\trevapi93 = tpj(\"#rev_slider_93_1\");\n\t\t\t\t\t\tif(revapi93==undefined || revapi93.revolution == undefined){\n\t\t\t\t\t\t\trevslider_showDoubleJqueryError(\"rev_slider_93_1\");\n\t\t\t\t\t\t}else{\n\t\t\t\t\t\t\trevapi93.revolution({\n\t\t\t\t\t\t\t\tsliderLayout:\"fullwidth\",\n\t\t\t\t\t\t\t\tduration:\"10000ms\",\n\t\t\t\t\t\t\t\tvisibilityLevels:\"1240,1024,778,480\",\n\t\t\t\t\t\t\t\tgridwidth:\"1240,1024,778,480\",\n\t\t\t\t\t\t\t\tgridheight:\"767,740,600,574\",\n\t\t\t\t\t\t\t\tperspective:600,\n\t\t\t\t\t\t\t\tperspectiveType:\"global\",\n\t\t\t\t\t\t\t\teditorheight:\"767,768,600,574\",\n\t\t\t\t\t\t\t\tresponsiveLevels:\"1240,1024,778,480\",\n\t\t\t\t\t\t\t\tstopAtSlide:1,\n\t\t\t\t\t\t\t\tstopAfterLoops:0,\n\t\t\t\t\t\t\t\tstopLoop:true,\n\t\t\t\t\t\t\t\tprogressBar:{disableProgressBar:true},\n\t\t\t\t\t\t\t\tnavigation: {\n\t\t\t\t\t\t\t\t\tonHoverStop:false\n\t\t\t\t\t\t\t\t},\n\t\t\t\t\t\t\t\tparallax: {\n\t\t\t\t\t\t\t\t\tlevels:[5,10,15,20,25,30,35,40,45,46,47,48,49,50,51,30],\n\t\t\t\t\t\t\t\t\ttype:\"scroll\",\n\t\t\t\t\t\t\t\t\torigo:\"slidercenter\",\n\t\t\t\t\t\t\t\t\tspeed:0,\n\t\t\t\t\t\t\t\t\tdisable_onmobile:true\n\t\t\t\t\t\t\t\t},\n\t\t\t\t\t\t\t\tfallbacks: {\n\t\t\t\t\t\t\t\t\tallowHTML5AutoPlayOnAndroid:true\n\t\t\t\t\t\t\t\t},\n\t\t\t\t\t\t\t});\n\t\t\t\t\t\t}\n\t\t\t\t\t\t\n\t\t\t\t\t});\n\t\t\t\t\t} \/\/ End of RevInitScript\n\t\t\t\tvar once_revslider931 = false;\n\t\t\t\tif (document.readyState === \"loading\") {document.addEventListener('readystatechange',function() { if((document.readyState === \"interactive\" || document.readyState === \"complete\") && !once_revslider931 ) { once_revslider931 = true; revinit_revslider931();}});} else {once_revslider931 = true; revinit_revslider931();}\n\t\t\t\t<\/script>\n\t\t\t<\/rs-module-wrap>\n\t\t\t<!-- END REVOLUTION SLIDER -->\n\n \n\n<div class=\"container\" id=\"menu\">\n  \n        <navbar class=\"onas submenu\" id=\"\">\n                <div class=\"menu-o-nas-menu-nemec-container\"><ul id=\"menu-o-nas-menu-nemec\" class=\"menu\"><li id=\"menu-item-5122\" class=\"menu-item menu-item-type-post_type menu-item-object-page menu-item-5122\"><a href=\"https:\/\/www.spur.cz\/de\/uber-uns\/\">\u00dcber uns<\/a><\/li>\n<li id=\"menu-item-5123\" class=\"menu-item menu-item-type-post_type menu-item-object-page menu-item-5123\"><a href=\"https:\/\/www.spur.cz\/de\/uber-uns\/geschichte-des-unternehmens\/\">Geschichte des Unternehmens<\/a><\/li>\n<li id=\"menu-item-5124\" class=\"menu-item menu-item-type-post_type menu-item-object-page menu-item-5124\"><a href=\"https:\/\/www.spur.cz\/de\/uber-uns\/qualitat\/\">Qualit\u00e4t<\/a><\/li>\n<li id=\"menu-item-5125\" class=\"menu-item menu-item-type-post_type menu-item-object-page menu-item-5125\"><a href=\"https:\/\/www.spur.cz\/de\/uber-uns\/subventionen\/\">Subventionen<\/a><\/li>\n<\/ul><\/div>\n        <\/navbar>\n<\/div>\n\n\n<div class=\"kvalita\" id=\"\">\n    <div class=\"container\">\n        <div class=\"row\">\n       \n            <div class=\"col-12 col-md-8\">\n                <h2 class=\"subtitle\">Grundlegende Ziele der Qualit\u00e4tspolitik, der Nachhaltigkeit und des Sicherheitsmanagements <\/h2>\n\n\n            <\/div>\n        <\/div>\n\n        <div class=\"row body\">\n                                                        <div class=\"col-12 col-sm-6 col-md-4\">\n                                <span class=\"index\">01<\/span>\n                                <p>\n                                    Erf\u00fcllung von Erwartungen und Bed\u00fcrfnissen der Kunden, um deren volle Zufriedenheit zu erzielen.\n                                <\/p>\n                            <\/div>\n                                \n                                                        <div class=\"col-12 col-sm-6 col-md-4\">\n                                <span class=\"index\">02<\/span>\n                                <p>\n                                    Langfristig eine gute Zusammenarbeit mit den Lieferanten bei der Anwendung der Grunds\u00e4tze des Umweltschutzes, der Qualit\u00e4t und Arbeitssicherheit.\n                                <\/p>\n                            <\/div>\n                                \n                                                        <div class=\"col-12 col-sm-6 col-md-4\">\n                                <span class=\"index\">03<\/span>\n                                <p>\n                                    Vereinfachen der Produktionsprozesse und kontinuierliche Erh\u00f6hung der Effizienz \u2013 Kriterien, Methoden und Ressourcen bestimmen, die f\u00fcr deren effizienten Betrieb erforderlich sind. Zust\u00e4nde \u00fcberwachen, messen, analysieren und vorgeschlagene Ma\u00dfnahmen anwenden.\n                                <\/p>\n                            <\/div>\n                                \n                                                        <div class=\"col-12 col-sm-6 col-md-4\">\n                                <span class=\"index\">04<\/span>\n                                <p>\n                                    Das Mitverantwortungsbewusstsein der Mitarbeiter f\u00fcr die Arbeit st\u00e4rken, aber auch f\u00fcr die Erf\u00fcllung von Anforderungen und Bed\u00fcrfnissen von Kunden unter Ber\u00fccksichtigung der allgemein geltenden Grunds\u00e4tze ethischen Verhaltens.\n                                <\/p>\n                            <\/div>\n                                \n                                                        <div class=\"col-12 col-sm-6 col-md-4\">\n                                <span class=\"index\">05<\/span>\n                                <p>\n                                    Die Sicherheit der Mitarbeiter durch Schulungen im Bereich Arbeitsschutz erh\u00f6hen, vorbeugende Ma\u00dfnahmen vor m\u00f6glicher Folgenbeseitigung bevorzugen, auf konsequente Verwendung von pers\u00f6nlicher Schutzausr\u00fcstung achten und deren Verwendung kontrollieren.\n                                <\/p>\n                            <\/div>\n                                \n                                                        <div class=\"col-12 col-sm-6 col-md-4\">\n                                <span class=\"index\">06<\/span>\n                                <p>\n                                    Verantwortungsbewusstes Verhalten gegen\u00fcber der Umwelt.\n                                <\/p>\n                            <\/div>\n                                \n                                                        <div class=\"col-12 col-sm-6 col-md-4\">\n                                <span class=\"index\">07<\/span>\n                                <p>\n                                    Einhaltung geltender Rechtsvorschriften in allen Bereichen der unternehmerischen und gesellschaftlichen T\u00e4tigkeiten des Unternehmens.\n                                <\/p>\n                            <\/div>\n                                \n                                                        <div class=\"col-12 col-sm-6 col-md-4\">\n                                <span class=\"index\">08<\/span>\n                                <p>\n                                    Um den Schutz seiner unternehmerischen Aktivit\u00e4ten und der Aktivit\u00e4ten seiner Kunden zu gew\u00e4hrleisten, hat das Unternehmen ein Sicherheitsmanagementsystem f\u00fcr die Lieferkette gem\u00e4\u00df der Norm \u010cSN ISO 28000 eingef\u00fchrt.\n                                <\/p>\n                            <\/div>\n                                \n                                                        <div class=\"col-12 col-sm-6 col-md-4\">\n                                <span class=\"index\">09<\/span>\n                                <p>\n                                    Einhaltung eines effektiven Sicherheitsmanagementsystem zur Erkennung von Bedrohungen, Risikobewertung und Minderung von Folgen. Das Unternehmen verpflichtet sich, die Sicherheit der Lieferkette zu gew\u00e4hrleisten, Sicherheitsrisiken zu identifizieren, Bewertungen durchzuf\u00fchren und erforderliche Ma\u00dfnahmen zu ergreifen.\n                                <\/p>\n                            <\/div>\n                                \n                            \n        <\/div>\n\n        <div class=\"row\">\n            <div class=\"col-12 col-md-9 text\">\n                \n            <\/div>\n        <\/div>\n\n    <\/div>\n\n<\/div>\n\n<div class=\"certifikace\">\n    <div class=\"container\">\n        <div class=\"row\">\n            <div class=\"col-12\">\n            <h2>Zertifizierungen<\/h2>\n            <\/div>\n        <\/div>\n\n        <div class=\"row\">\n            <div class=\"col-12 col-lg-8 col-md-6\">\n                <p class=\"p1\">SPUR a.s. verf\u00fcgt gem\u00e4\u00df \u010cSN EN ISO 9001:2016 \u00fcber ein zertifiziertes Qualit\u00e4tsmanagementsystem.<\/p>\n<p class=\"p1\">In 2020 hat das Unternehmen ein zertifiziertes Sicherheitsmanagementsystem f\u00fcr die Lieferkette gem\u00e4\u00df \u010cSN ISO 28000:2010 eingef\u00fchrt.<\/p>\n<p>Seit 2024 verf\u00fcgt das Unternehmen \u00fcber ein zertifiziertes Umweltschutzmanagementsystem (EMS) nach \u010cSN ISO 14001:2015 und ein Energiemanagementsystem nach \u010cSN ISO 50001:2018.<\/p>\n\n            <\/div>\n            <div class=\"col-12 col-lg-4 col-md-6\">\n                <p>\n                    <a target=\"_blank\" class=\"circlelink mb-3\" href=\"https:\/\/www.spur.cz\/wp-content\/uploads\/2023\/08\/SPUR-a.s.-cert-T.Bati-ISO-9001-ENG-issue-2.pdf\">\n    <img decoding=\"async\" src=\"https:\/\/www.spur.cz\/wp-content\/uploads\/2022\/03\/ico9001.svg\" alt=\"\">\n  <\/a>\n  <a target=\"_blank\" class=\"circlelink mb-3\" href=\"https:\/\/www.spur.cz\/wp-content\/uploads\/2023\/08\/certifikat-ISO-28000-2023-2025-SPUR-_ENG.pdf\">\n    <img decoding=\"async\" src=\"https:\/\/www.spur.cz\/wp-content\/uploads\/2022\/03\/28000.svg\" alt=\"\">\n  <\/a>\n  <a target=\"_blank\" class=\"circlelink mb-3\" href=\"https:\/\/www.spur.cz\/wp-content\/uploads\/2024\/05\/certifikat-ISO-14001-2024-2027_SPUR_ENG.pdf\">\n    <img decoding=\"async\" src=\"https:\/\/www.spur.cz\/wp-content\/uploads\/2024\/05\/iso14001-1.png\" alt=\"\">\n  <\/a>\n  <a target=\"_blank\" class=\"circlelink mb-3\" href=\"https:\/\/www.spur.cz\/wp-content\/uploads\/2024\/05\/certifikat-ISO-50001-2024-2027_SPUR_ENG.pdf\">\n    <img decoding=\"async\" src=\"https:\/\/www.spur.cz\/wp-content\/uploads\/2024\/05\/iso50001.png\" alt=\"\">\n  <\/a>\n\n                <\/p>\n            <\/div>\n        <\/div>\n\n        <div class=\"row\">\n            <div class=\"col-12\"><h3>UMFANG DER ZERTIFIZIERUNG<\/h3><\/div>\n        <\/div>\n\n        <div class=\"row\">\n            <div class=\"col-12\"><p class=\"grey\">Forschung im Bereich Kunststofftechnologien <br \/>\r\nEntwicklung und Produktion:<\/p><\/div>\n        <\/div>\n\n        <div class=\"row list\">\n                            <div class=\"col-lg-4 col-sm-6 col-12\">Profile, Platten und Rohre aus Kunststoffen <\/div>\n                            <div class=\"col-lg-4 col-sm-6 col-12\">Leichte Materialien TUBEX\u00ae<\/div>\n                            <div class=\"col-lg-4 col-sm-6 col-12\">Verpackungsmaterialien SPURO\u00ae<\/div>\n                            <div class=\"col-lg-4 col-sm-6 col-12\">Retroreflektierende Materialien RETROX\u00ae<\/div>\n                            <div class=\"col-lg-4 col-sm-6 col-12\">Nanofiltrationsmaterial SPURTEX\u00ae<\/div>\n                            <div class=\"col-lg-4 col-sm-6 col-12\">Nano Atemschutzmaske und Nanofaser-OP-Maske SPURTEX\u00ae<\/div>\n            \n        <\/div>\n\n        <div class=\"row\">\n            <div class=\"col-12 col-md-10 col-lg-9\">\n                <p class=\"grey\">\n                    Die Grundlage des Qualit\u00e4tsmanagementsystems ist die Pflege von zufriedenen Kunden, hochwertigen Produkten und Leistungen. Das Unternehmen achtet auf die Einhaltung und kontinuierliche Verbesserung der Qualit\u00e4t aller Produkte. Es erf\u00fcllt die Qualit\u00e4tsanforderungen von IKEA und die IWAY-Richtlinie.  IWAY \u2013 eine Reihe von Mindestanforderungen an die Umwelt, Sozial- und Arbeitsbedingungen beim Kauf von Produkten, Rohstoffen und Dienstleistungen. SPUR a.s. als IKEA-Lieferant erf\u00fcllt diese Anforderungen und ist seit 2018 in der Kategorie IWAY Well Developed Supplier Unit (IWDSU).               \n                <\/p>\n            <\/div>\n        <\/div>\n\n    <\/div>\n<\/div>","protected":false},"excerpt":{"rendered":"","protected":false},"author":1,"featured_media":0,"parent":4223,"menu_order":0,"comment_status":"closed","ping_status":"closed","template":"","meta":{"inline_featured_image":false,"footnotes":""},"class_list":["post-4261","page","type-page","status-publish","hentry"],"aioseo_notices":[],"_links":{"self":[{"href":"https:\/\/www.spur.cz\/de\/wp-json\/wp\/v2\/pages\/4261","targetHints":{"allow":["GET"]}}],"collection":[{"href":"https:\/\/www.spur.cz\/de\/wp-json\/wp\/v2\/pages"}],"about":[{"href":"https:\/\/www.spur.cz\/de\/wp-json\/wp\/v2\/types\/page"}],"author":[{"embeddable":true,"href":"https:\/\/www.spur.cz\/de\/wp-json\/wp\/v2\/users\/1"}],"replies":[{"embeddable":true,"href":"https:\/\/www.spur.cz\/de\/wp-json\/wp\/v2\/comments?post=4261"}],"version-history":[{"count":6,"href":"https:\/\/www.spur.cz\/de\/wp-json\/wp\/v2\/pages\/4261\/revisions"}],"predecessor-version":[{"id":8088,"href":"https:\/\/www.spur.cz\/de\/wp-json\/wp\/v2\/pages\/4261\/revisions\/8088"}],"up":[{"embeddable":true,"href":"https:\/\/www.spur.cz\/de\/wp-json\/wp\/v2\/pages\/4223"}],"wp:attachment":[{"href":"https:\/\/www.spur.cz\/de\/wp-json\/wp\/v2\/media?parent=4261"}],"curies":[{"name":"wp","href":"https:\/\/api.w.org\/{rel}","templated":true}]}}