  

            {"id":4223,"date":"2021-11-24T09:31:17","date_gmt":"2021-11-24T08:31:17","guid":{"rendered":"https:\/\/www.spur.cz\/o-firme\/"},"modified":"2026-02-17T11:30:31","modified_gmt":"2026-02-17T10:30:31","slug":"uber-uns","status":"publish","type":"page","link":"https:\/\/www.spur.cz\/de\/uber-uns\/","title":{"rendered":"\u00dcber uns"},"content":{"rendered":"    \n\t\t\t<!-- START Slider O FIRME DE REVOLUTION SLIDER 6.3.9 --><p class=\"rs-p-wp-fix\"><\/p>\n\t\t\t<rs-module-wrap id=\"rev_slider_93_1_wrapper\" data-source=\"gallery\" style=\"background:transparent;padding:0;margin:0px auto;margin-top:0;margin-bottom:0;\">\n\t\t\t\t<rs-module id=\"rev_slider_93_1\" style=\"\" data-version=\"6.3.9\">\n\t\t\t\t\t<rs-slides>\n\t\t\t\t\t\t<rs-slide data-key=\"rs-94\" data-title=\"Slide\" data-anim=\"ei:d;eo:d;s:1000;r:0;t:fade;sl:0;\">\n\t\t\t\t\t\t\t<img decoding=\"async\" src=\"\/\/www.spur.cz\/wp-content\/plugins\/revslider\/public\/assets\/assets\/transparent.png\" title=\"\u00dcber uns\" data-parallax=\"off\" class=\"rev-slidebg\" data-no-retina>\n\t\t\t\t\t\t\t<rs-bgvideo \n\t\t\t\t\t\t\t\tdata-video=\"w:100%;h:100%;nse:false;l:true;ptimer:false;\"\n\t\t\t\t\t\t\t\tdata-mp4=\"\/\/spur.cz\/wp-content\/uploads\/2022\/03\/O_NAS_desktop.mp4\"\n\t\t\t\t\t\t\t><\/rs-bgvideo>\n<!--\n\t\t\t\t\t\t\t--><rs-layer\n\t\t\t\t\t\t\t\tid=\"slider-93-slide-94-layer-6\" \n\t\t\t\t\t\t\t\tdata-type=\"text\"\n\t\t\t\t\t\t\t\tdata-rsp_ch=\"on\"\n\t\t\t\t\t\t\t\tdata-xy=\"xo:1px,38px,27px,20px;y:b;yo:145px,128px,90px,120px;\"\n\t\t\t\t\t\t\t\tdata-text=\"w:normal;s:48,39,29,24;l:60,49,37,30;fw:600;\"\n\t\t\t\t\t\t\t\tdata-dim=\"w:639px,527px,400px,367px;\"\n\t\t\t\t\t\t\t\tdata-frame_0=\"o:1;\"\n\t\t\t\t\t\t\t\tdata-frame_0_chars=\"d:5;o:0;\"\n\t\t\t\t\t\t\t\tdata-frame_1=\"e:none;\"\n\t\t\t\t\t\t\t\tdata-frame_1_chars=\"e:none;d:7;\"\n\t\t\t\t\t\t\t\tdata-frame_999=\"o:0;st:w;\"\n\t\t\t\t\t\t\t\tstyle=\"z-index:10;font-family:Poppins;\"\n\t\t\t\t\t\t\t>Unsere Herstellungsprogramme sind bei uns in der Tschechischen Republik und auch im ausland bekannt \n\t\t\t\t\t\t\t<\/rs-layer><!--\n\n\t\t\t\t\t\t\t--><rs-layer\n\t\t\t\t\t\t\t\tid=\"slider-93-slide-94-layer-7\" \n\t\t\t\t\t\t\t\tdata-type=\"shape\"\n\t\t\t\t\t\t\t\tdata-rsp_ch=\"on\"\n\t\t\t\t\t\t\t\tdata-text=\"w:normal;s:20,16,12,7;l:0,20,15,9;\"\n\t\t\t\t\t\t\t\tdata-dim=\"w:1148px,948px,720px,1174px;h:792px,904px,686px,719px;\"\n\t\t\t\t\t\t\t\tdata-basealign=\"slide\"\n\t\t\t\t\t\t\t\tdata-blendmode=\"multiply\"\n\t\t\t\t\t\t\t\tdata-frame_999=\"o:0;st:w;\"\n\t\t\t\t\t\t\t\tstyle=\"z-index:8;background:linear-gradient(90deg, rgba(12,1,1,0.4) 0%, rgba(12,0,0,0.4) 36%, rgba(12,0,0,0) 100%);\"\n\t\t\t\t\t\t\t> \n\t\t\t\t\t\t\t<\/rs-layer><!--\n-->\t\t\t\t\t\t<\/rs-slide>\n\t\t\t\t\t<\/rs-slides>\n\t\t\t\t<\/rs-module>\n\t\t\t\t<script type=\"text\/javascript\">\n\t\t\t\t\tsetREVStartSize({c: 'rev_slider_93_1',rl:[1240,1024,778,480],el:[767,768,600,574],gw:[1240,1024,778,480],gh:[767,740,600,574],type:'standard',justify:'',layout:'fullwidth',mh:\"0\"});\n\t\t\t\t\tvar\trevapi93,\n\t\t\t\t\t\ttpj;\n\t\t\t\t\tfunction revinit_revslider931() {\n\t\t\t\t\tjQuery(function() {\n\t\t\t\t\t\ttpj = jQuery;\n\t\t\t\t\t\trevapi93 = tpj(\"#rev_slider_93_1\");\n\t\t\t\t\t\tif(revapi93==undefined || revapi93.revolution == undefined){\n\t\t\t\t\t\t\trevslider_showDoubleJqueryError(\"rev_slider_93_1\");\n\t\t\t\t\t\t}else{\n\t\t\t\t\t\t\trevapi93.revolution({\n\t\t\t\t\t\t\t\tsliderLayout:\"fullwidth\",\n\t\t\t\t\t\t\t\tduration:\"10000ms\",\n\t\t\t\t\t\t\t\tvisibilityLevels:\"1240,1024,778,480\",\n\t\t\t\t\t\t\t\tgridwidth:\"1240,1024,778,480\",\n\t\t\t\t\t\t\t\tgridheight:\"767,740,600,574\",\n\t\t\t\t\t\t\t\tperspective:600,\n\t\t\t\t\t\t\t\tperspectiveType:\"global\",\n\t\t\t\t\t\t\t\teditorheight:\"767,768,600,574\",\n\t\t\t\t\t\t\t\tresponsiveLevels:\"1240,1024,778,480\",\n\t\t\t\t\t\t\t\tstopAtSlide:1,\n\t\t\t\t\t\t\t\tstopAfterLoops:0,\n\t\t\t\t\t\t\t\tstopLoop:true,\n\t\t\t\t\t\t\t\tprogressBar:{disableProgressBar:true},\n\t\t\t\t\t\t\t\tnavigation: {\n\t\t\t\t\t\t\t\t\tonHoverStop:false\n\t\t\t\t\t\t\t\t},\n\t\t\t\t\t\t\t\tparallax: {\n\t\t\t\t\t\t\t\t\tlevels:[5,10,15,20,25,30,35,40,45,46,47,48,49,50,51,30],\n\t\t\t\t\t\t\t\t\ttype:\"scroll\",\n\t\t\t\t\t\t\t\t\torigo:\"slidercenter\",\n\t\t\t\t\t\t\t\t\tspeed:0,\n\t\t\t\t\t\t\t\t\tdisable_onmobile:true\n\t\t\t\t\t\t\t\t},\n\t\t\t\t\t\t\t\tfallbacks: {\n\t\t\t\t\t\t\t\t\tallowHTML5AutoPlayOnAndroid:true\n\t\t\t\t\t\t\t\t},\n\t\t\t\t\t\t\t});\n\t\t\t\t\t\t}\n\t\t\t\t\t\t\n\t\t\t\t\t});\n\t\t\t\t\t} \/\/ End of RevInitScript\n\t\t\t\tvar once_revslider931 = false;\n\t\t\t\tif (document.readyState === \"loading\") {document.addEventListener('readystatechange',function() { if((document.readyState === \"interactive\" || document.readyState === \"complete\") && !once_revslider931 ) { once_revslider931 = true; revinit_revslider931();}});} else {once_revslider931 = true; revinit_revslider931();}\n\t\t\t\t<\/script>\n\t\t\t<\/rs-module-wrap>\n\t\t\t<!-- END REVOLUTION SLIDER -->\n\n \n\n<div class=\"container\" id=\"menu\">\n  \n        <navbar class=\"onas submenu\" id=\"\">\n                <div class=\"menu-o-nas-menu-nemec-container\"><ul id=\"menu-o-nas-menu-nemec\" class=\"menu\"><li id=\"menu-item-5122\" class=\"menu-item menu-item-type-post_type menu-item-object-page menu-item-5122\"><a href=\"https:\/\/www.spur.cz\/de\/uber-uns\/\">\u00dcber uns<\/a><\/li>\n<li id=\"menu-item-5123\" class=\"menu-item menu-item-type-post_type menu-item-object-page menu-item-5123\"><a href=\"https:\/\/www.spur.cz\/de\/uber-uns\/geschichte-des-unternehmens\/\">Geschichte des Unternehmens<\/a><\/li>\n<li id=\"menu-item-5124\" class=\"menu-item menu-item-type-post_type menu-item-object-page menu-item-5124\"><a href=\"https:\/\/www.spur.cz\/de\/uber-uns\/qualitat\/\">Qualit\u00e4t<\/a><\/li>\n<li id=\"menu-item-5125\" class=\"menu-item menu-item-type-post_type menu-item-object-page menu-item-5125\"><a href=\"https:\/\/www.spur.cz\/de\/uber-uns\/subventionen\/\">Subventionen<\/a><\/li>\n<\/ul><\/div>\n        <\/navbar>\n<\/div>\n\n\n<div class=\"container imagetext\"  id=\"\">\n\n        <div class=\"row align-items-center \">\n\n            <div class=\"col-12   col-md-6   \">\n                <p>SPUR produziert Kunststoffprodukte f\u00fcr verschiedene Industriebereiche. Von der <a href=\"https:\/\/www.spur.cz\/de\/product_cat\/tubex-de\/\" target=\"_blank\" rel=\"noopener\">Rohrisolierung \u00fcber Kabelschutz<\/a>, <a href=\"https:\/\/www.spur.cz\/de\/product_cat\/hdpe-rohre-und-mikroroehrchen\/\" target=\"_blank\" rel=\"noopener\">B\u00f6den<\/a> oder <a href=\"https:\/\/www.spur.cz\/de\/product_cat\/spuro-de\/\" target=\"_blank\" rel=\"noopener\">Verpackungsmaterialien<\/a> aus gesch\u00e4umtem Polyethylen bis hin zu <a href=\"https:\/\/www.spur.cz\/de\/product_cat\/fuer-sport-und-freizeit\/\" target=\"_blank\" rel=\"noopener\">Schwimmnudeln<\/a> oder <a href=\"https:\/\/www.spur.cz\/de\/product_cat\/retrox-de\/\" target=\"_blank\" rel=\"noopener\">reflektierenden Materialien<\/a> produzieren wir ein breites Produktspektrum. Unsere Produkte werden weltweit versendet. Und das seit mehr als 30 Jahren.<\/p>\n<p>Dank der Erfahrung aus langj\u00e4hriger Forschung und Entwicklung sowie der Zusammenarbeit mit der Tomas-Bata-Universit\u00e4t in Zl\u00edn wissen wir, wie wir Sch\u00e4ume aufhellen, die Eigenschaften von Kunststoffen verbessern oder <a href=\"https:\/\/www.spurtex.cz\/de\" target=\"_blank\" rel=\"noopener\">ultrafeine Partikel in Gasen und Fl\u00fcssigkeiten filtern<\/a>.<\/p>\n<p>Tschechische und ausl\u00e4ndische Unternehmen kontaktieren uns mit Anfragen zur Zusammenarbeit bei der Entwicklung neuer Produkte oder der Verbesserung der Eigenschaften bestehender Produkte. Besonders stolz sind wir auf unsere Rolle im <a href=\"https:\/\/bettershelter.org\/\" target=\"_blank\" rel=\"noopener\">globalen humanit\u00e4ren Projekt Better Shelter<\/a>.<\/p>\n<p>Bei all unseren Aktivit\u00e4ten orientieren wir uns an den Grunds\u00e4tzen der Nachhaltigkeit. F\u00fcr uns ist das nicht nur ein Marketingbegriff \u2013 wir versuchen, Prim\u00e4rressourcen so weit wie m\u00f6glich zu schonen und aus recycelten Materialien zu produzieren, wir f\u00fchren alle produzierten Abf\u00e4lle wieder in die Produktion ein, wir kaufen Strom mit Herkunftsnachweisen ein, wir produzieren teilweise selbst \u00d6kostrom. Unser Ziel ist es, <strong>unseren CO2-Fu\u00dfabdruck deutlich zu reduzieren<\/strong>.<\/p>\n\n            <\/div>\n\n            <div class=\"col-12   col-md-6  \">\n               \n                                    <img decoding=\"async\" src=\"https:\/\/www.spur.cz\/wp-content\/uploads\/2021\/12\/2021_spur_resize-800x715.jpg\">\n                            <\/div>\n\n           \n        <\/div>\n    <\/div>\n\n<div class=\"onasblock\">\n    <div class=\"container\">\n        <div class=\"row\">\n            <div class=\"col-12 col-md-6 col-lg-7\">\n                <p>\n&#8212;&#8212;&#8212;&#8212;-<br \/>\r\n<br \/>\r\nSPUR a.s. produziert Produkte im eigenen Industriekomplex in Zl\u00edn mit einer Gesamtfl\u00e4che von ca. 55 000 m2. Die Produktionsfl\u00e4che umfasst ca. 11 000 m2 bebaute Produktionsfl\u00e4che, 21 300 m2 Lagerfl\u00e4che und ein dreizehnst\u00f6ckiges Verwaltungsgeb\u00e4ude. Die hohe Qualit\u00e4t der Produkte wird durch langj\u00e4hrige professionelle Forschung und Entwicklung, Erfahrung, Pr\u00fcfung, Produktionskontrolle und nat\u00fcrlich Qualit\u00e4tszertifikate garantiert.               \n <\/p>\n            <\/div>\n            <div class=\"col-lg-5 col-md-6 col-12\">\n                <p>\n                    <img decoding=\"async\" src=\"\" alt=\"\">\n                <\/p>\n            <\/div>\n        <\/div>\n\n        <div class=\"row\">\n            <div class=\"col-12 col-md-6 col-lg-7\">\n                <h2>Visionen, Mission, Unternehmenswerte <\/h2>\n                <div class=\"space\"><\/div>\n                <h5 class=\"p1\">Visionen<\/h5>\n<p class=\"p1\">Ein modern gef\u00fchrtes Produktionsunternehmen mit eigener Forschung und Entwicklung zu sein, das gesellschaftlich verantwortlich ist, mit hohem Ma\u00df an Gesch\u00e4ftsethik.<\/p>\n\n                <div class=\"space\"><\/div>\n                <h5 class=\"p1\">Mission<\/h5>\n<p class=\"p1\">Ideen \u2013 Innovation \u2013 Umsetzung.<span class=\"Apple-converted-space\"><br \/>\n<\/span>Wir verstehen die Gegenwart und denken an die Zukunft.<\/p>\n\n            <\/div>\n            <div class=\"col-lg-5 col-md-6 col-12\">\n            \n                         <img decoding=\"async\" src=\"https:\/\/www.spur.cz\/wp-content\/uploads\/2023\/07\/srdce_DE.jpg\" alt=\"\" \/>\n                           \n            <\/div>\n        <\/div>\n    <\/div>\n<\/div>","protected":false},"excerpt":{"rendered":"","protected":false},"author":1,"featured_media":0,"parent":0,"menu_order":0,"comment_status":"closed","ping_status":"closed","template":"","meta":{"inline_featured_image":false,"footnotes":""},"aioseo_notices":[],"_links":{"self":[{"href":"https:\/\/www.spur.cz\/de\/wp-json\/wp\/v2\/pages\/4223"}],"collection":[{"href":"https:\/\/www.spur.cz\/de\/wp-json\/wp\/v2\/pages"}],"about":[{"href":"https:\/\/www.spur.cz\/de\/wp-json\/wp\/v2\/types\/page"}],"author":[{"embeddable":true,"href":"https:\/\/www.spur.cz\/de\/wp-json\/wp\/v2\/users\/1"}],"replies":[{"embeddable":true,"href":"https:\/\/www.spur.cz\/de\/wp-json\/wp\/v2\/comments?post=4223"}],"version-history":[{"count":6,"href":"https:\/\/www.spur.cz\/de\/wp-json\/wp\/v2\/pages\/4223\/revisions"}],"predecessor-version":[{"id":9973,"href":"https:\/\/www.spur.cz\/de\/wp-json\/wp\/v2\/pages\/4223\/revisions\/9973"}],"wp:attachment":[{"href":"https:\/\/www.spur.cz\/de\/wp-json\/wp\/v2\/media?parent=4223"}],"curies":[{"name":"wp","href":"https:\/\/api.w.org\/{rel}","templated":true}]}}