  

            {"id":2793,"date":"2021-11-29T11:06:44","date_gmt":"2021-11-29T10:06:44","guid":{"rendered":"https:\/\/www.spur.cz\/ochranne-zdravotni-prostredky\/"},"modified":"2022-05-20T10:47:39","modified_gmt":"2022-05-20T08:47:39","slug":"medizinische-schutzmittel","status":"publish","type":"page","link":"https:\/\/www.spur.cz\/de\/medizinische-schutzmittel\/","title":{"rendered":"Medizinische Schutzmittel"},"content":{"rendered":"    \n\t\t\t<!-- START OCHRANNE ZDRAV POM DE REVOLUTION SLIDER 6.3.9 --><p class=\"rs-p-wp-fix\"><\/p>\n\t\t\t<rs-module-wrap id=\"rev_slider_98_1_wrapper\" data-source=\"gallery\" style=\"background:transparent;padding:0;margin:0px auto;margin-top:0;margin-bottom:0;\">\n\t\t\t\t<rs-module id=\"rev_slider_98_1\" style=\"\" data-version=\"6.3.9\">\n\t\t\t\t\t<rs-slides>\n\t\t\t\t\t\t<rs-slide data-key=\"rs-99\" data-title=\"Slide\" data-anim=\"ei:d;eo:d;s:1000;r:0;t:fade;sl:0;\">\n\t\t\t\t\t\t\t<img decoding=\"async\" src=\"\/\/www.spur.cz\/wp-content\/plugins\/revslider\/public\/assets\/assets\/transparent.png\" title=\"Medizinische Schutzmittel\" data-parallax=\"off\" class=\"rev-slidebg\" data-no-retina>\n\t\t\t\t\t\t\t<rs-bgvideo \n\t\t\t\t\t\t\t\tdata-video=\"w:100%;h:100%;nse:false;l:true;ptimer:false;\"\n\t\t\t\t\t\t\t\tdata-mp4=\"\/\/spur.cz\/wp-content\/uploads\/2022\/03\/pchranne_zdrav_pomucky.mp4\"\n\t\t\t\t\t\t\t><\/rs-bgvideo>\n<!--\n\t\t\t\t\t\t\t--><a\n\t\t\t\t\t\t\t\tid=\"slider-98-slide-99-layer-1\" \n\t\t\t\t\t\t\t\tclass=\"rs-layer rev-btn\"\n\t\t\t\t\t\t\t\thref=\"https:\/\/eshop.spur.cz\/de\" target=\"_blank\" rel=\"noopener\"\n\t\t\t\t\t\t\t\tdata-type=\"button\"\n\t\t\t\t\t\t\t\tdata-rsp_ch=\"on\"\n\t\t\t\t\t\t\t\tdata-xy=\"y:b;yo:60px,49px,37px,22px;\"\n\t\t\t\t\t\t\t\tdata-text=\"w:normal;s:16,13,9,5;l:40,33,25,15;fw:500;\"\n\t\t\t\t\t\t\t\tdata-dim=\"minh:0px,none,none,none;\"\n\t\t\t\t\t\t\t\tdata-padding=\"t:5,4,3,2;r:40,33,25,15;b:5,4,3,2;l:40,33,25,15;\"\n\t\t\t\t\t\t\t\tdata-frame_999=\"o:0;st:w;\"\n\t\t\t\t\t\t\t\tdata-frame_hover=\"c:#fff;bgc:#000;bor:0px,0px,0px,0px;\"\n\t\t\t\t\t\t\t\tstyle=\"z-index:10;background:linear-gradient(90deg, rgba(247,166,33,1) 0%, rgba(238,114,3,1) 100%);font-family:Roboto;\"\n\t\t\t\t\t\t\t>SPURTEX\u00ae SORTIMENT \n\t\t\t\t\t\t\t<\/a><!--\n\n\t\t\t\t\t\t\t--><rs-layer\n\t\t\t\t\t\t\t\tid=\"slider-98-slide-99-layer-6\" \n\t\t\t\t\t\t\t\tdata-type=\"text\"\n\t\t\t\t\t\t\t\tdata-color=\"#333333\"\n\t\t\t\t\t\t\t\tdata-rsp_ch=\"on\"\n\t\t\t\t\t\t\t\tdata-xy=\"xo:0,38px,27px,20px;y:b;yo:146px,128px,90px,120px;\"\n\t\t\t\t\t\t\t\tdata-text=\"w:normal;s:48,39,29,24;l:60,49,37,30;fw:600;\"\n\t\t\t\t\t\t\t\tdata-dim=\"w:639px,527px,400px,367px;\"\n\t\t\t\t\t\t\t\tdata-frame_0=\"o:1;\"\n\t\t\t\t\t\t\t\tdata-frame_0_chars=\"d:5;o:0;\"\n\t\t\t\t\t\t\t\tdata-frame_1=\"e:none;\"\n\t\t\t\t\t\t\t\tdata-frame_1_chars=\"e:none;d:7;\"\n\t\t\t\t\t\t\t\tdata-frame_999=\"o:0;st:w;\"\n\t\t\t\t\t\t\t\tstyle=\"z-index:9;font-family:Poppins;\"\n\t\t\t\t\t\t\t>SPURTEX\u00ae und NANOS\u00ae<br \/>\nMedizinische <br \/>\nSchutzmittel  \n\t\t\t\t\t\t\t<\/rs-layer><!--\n-->\t\t\t\t\t\t<\/rs-slide>\n\t\t\t\t\t<\/rs-slides>\n\t\t\t\t<\/rs-module>\n\t\t\t\t<script type=\"text\/javascript\">\n\t\t\t\t\tsetREVStartSize({c: 'rev_slider_98_1',rl:[1240,1024,778,480],el:[610,768,600,574],gw:[1240,1024,778,480],gh:[610,600,550,500],type:'standard',justify:'',layout:'fullwidth',mh:\"0\"});\n\t\t\t\t\tvar\trevapi98,\n\t\t\t\t\t\ttpj;\n\t\t\t\t\tfunction revinit_revslider981() {\n\t\t\t\t\tjQuery(function() {\n\t\t\t\t\t\ttpj = jQuery;\n\t\t\t\t\t\trevapi98 = tpj(\"#rev_slider_98_1\");\n\t\t\t\t\t\tif(revapi98==undefined || revapi98.revolution == undefined){\n\t\t\t\t\t\t\trevslider_showDoubleJqueryError(\"rev_slider_98_1\");\n\t\t\t\t\t\t}else{\n\t\t\t\t\t\t\trevapi98.revolution({\n\t\t\t\t\t\t\t\tsliderLayout:\"fullwidth\",\n\t\t\t\t\t\t\t\tduration:\"10000ms\",\n\t\t\t\t\t\t\t\tvisibilityLevels:\"1240,1024,778,480\",\n\t\t\t\t\t\t\t\tgridwidth:\"1240,1024,778,480\",\n\t\t\t\t\t\t\t\tgridheight:\"610,600,550,500\",\n\t\t\t\t\t\t\t\tperspective:600,\n\t\t\t\t\t\t\t\tperspectiveType:\"global\",\n\t\t\t\t\t\t\t\teditorheight:\"610,768,600,574\",\n\t\t\t\t\t\t\t\tresponsiveLevels:\"1240,1024,778,480\",\n\t\t\t\t\t\t\t\tstopAtSlide:1,\n\t\t\t\t\t\t\t\tstopAfterLoops:0,\n\t\t\t\t\t\t\t\tstopLoop:true,\n\t\t\t\t\t\t\t\tprogressBar:{disableProgressBar:true},\n\t\t\t\t\t\t\t\tnavigation: {\n\t\t\t\t\t\t\t\t\tonHoverStop:false\n\t\t\t\t\t\t\t\t},\n\t\t\t\t\t\t\t\tparallax: {\n\t\t\t\t\t\t\t\t\tlevels:[5,10,15,20,25,30,35,40,45,46,47,48,49,50,51,30],\n\t\t\t\t\t\t\t\t\ttype:\"scroll\",\n\t\t\t\t\t\t\t\t\torigo:\"slidercenter\",\n\t\t\t\t\t\t\t\t\tspeed:0,\n\t\t\t\t\t\t\t\t\tdisable_onmobile:true\n\t\t\t\t\t\t\t\t},\n\t\t\t\t\t\t\t\tfallbacks: {\n\t\t\t\t\t\t\t\t\tallowHTML5AutoPlayOnAndroid:true\n\t\t\t\t\t\t\t\t},\n\t\t\t\t\t\t\t});\n\t\t\t\t\t\t}\n\t\t\t\t\t\t\n\t\t\t\t\t});\n\t\t\t\t\t} \/\/ End of RevInitScript\n\t\t\t\tvar once_revslider981 = false;\n\t\t\t\tif (document.readyState === \"loading\") {document.addEventListener('readystatechange',function() { if((document.readyState === \"interactive\" || document.readyState === \"complete\") && !once_revslider981 ) { once_revslider981 = true; revinit_revslider981();}});} else {once_revslider981 = true; revinit_revslider981();}\n\t\t\t\t<\/script>\n\t\t\t<\/rs-module-wrap>\n\t\t\t<!-- END REVOLUTION SLIDER -->\n\n \n\n<div class=\"container textblock\"  id=\"\">\n\n        <div class=\"row\">\n            <div class=\"col-12 col-md-8 text-block-a\">\n                <p class=\"p1\">F\u00fcr die Produktion von Nano-Gesichtsmasken und Nano-Atemschutzmasken SPURTEX\u00ae und NANOS\u00ae verwenden wir unser eigenes Nano-Material SPURTEX\u00ae, das \u00fcber hervorragende Filtereigenschaften verf\u00efgt. In unserem Angebot finden Sie FFP2-Gesichtsmasken, FFP2-Atemschutzmasken, speziell geformte FFP3-Atemschutzmasken sowie Atemschutzmasken mit spezieller antibakterieller Behandlung. Eigenes Design und Produktion in der Tschechischen Republik, zertifiziert in akkreditierten tschechischen und ausl\u00e4ndischen Pr\u00fcflabors. Nano-Gesichtsmasken, Nano-Atemschutzmasken sowie antibakterielle Schutzh\u00fcllen kaufen Sie bei <a href=\"http:\/\/www.eshop.spur.cz\/de\" target=\"_blank\" rel=\"noopener\"><span class=\"s1\">www.eshop.spur.cz\/de<\/span><\/a><\/p>\n \n            <\/div>\n        <\/div>\n\n<\/div>\n\n<div class=\"container imagetext\"  id=\"\">\n\n        <div class=\"row align-items-center \">\n\n            <div class=\"col-12   col-md-6   \">\n                <h2>SPURTEX\u00ae Nanotechnologie<\/h2>\n<p class=\"p1\">Nanofaser-Filtermembran SPURTEX\u00ae bildet eine mechanische Barriere mit au\u00dfergew\u00f6hnlichen Filtereigenschaften. Sie verhindert das Eindringen sch\u00e4dlicher Partikel und eignet sich daher besonders f\u00fcr den Einsatz im Gesundheitswesen. Bei Verwendung in Gesichtsmasken und Atemschutzmasken sch\u00fctzt SPURTEX\u00ae den Benutzer und die Umgebung viel effizienter, da die Poren viel kleiner sind als die Gr\u00f6\u00dfe unerw\u00fcnschter Partikel wie Smog, Bakterien, Aerosole und sogar Viren.<\/p>\n<p><a class=\"borderbutton\" target=\"_blank\" href=\"https:\/\/www.spurtex.cz\/de\">ZUR WEBSITE \u00dcBERGEHEN <\/a><\/p>\n\n            <\/div>\n\n            <div class=\"col-12   col-md-6  \">\n               \n                                    <img decoding=\"async\" src=\"https:\/\/www.spur.cz\/wp-content\/uploads\/2021\/11\/Spurtex_FFP3_10ks.png\">\n                            <\/div>\n\n           \n        <\/div>\n    <\/div>\n\n<div class=\"container eshopblock\"  id=\"\">\n    <div class=\"row\">\n        <div class=\"col-12\">\n            <div class=\"owl-carousel eshop\">\n\n\n                    \n                    <div class=\"item\">\n                        <img decoding=\"async\" src=\"https:\/\/www.spur.cz\/wp-content\/uploads\/2021\/12\/atb_pouzdro_eshop2_cz-500x375.jpg\" alt=\"\" \/>\n                        <h4>Antibakteri\u00e1ln\u00ed pouzdro SPURTEX\u00ae na rou\u0161ky a respir\u00e1tory<\/h4>\n                        <p><a class=\"borderbutton\" target=\"_blank\" href=\"https:\/\/eshop.spur.cz\/antibakterialni-pouzdro-spurtex-na-rousky-a-respiratory\/\">GET<\/a><\/p>\n                    <\/div>\n\n                    \n                    <div class=\"item\">\n                        <img decoding=\"async\" src=\"https:\/\/www.spur.cz\/wp-content\/uploads\/2021\/12\/respirator_cerny_eshop-500x375.jpg\" alt=\"\" \/>\n                        <h4>Nanorespir\u00e1tor SPURTEX\u00ae V100 FFP2 NR CE &#8211; \u010cERN\u00dd <\/h4>\n                        <p><a class=\"borderbutton\" target=\"_blank\" href=\"https:\/\/eshop.spur.cz\/nanorespirator-spurtex-pp-l2-v20-05-s-cerny\/\">GET<\/a><\/p>\n                    <\/div>\n\n                    \n                    <div class=\"item\">\n                        <img decoding=\"async\" src=\"https:\/\/www.spur.cz\/wp-content\/uploads\/2021\/12\/respirator_novy_eshop-500x375.jpg\" alt=\"\" \/>\n                        <h4>Nanorespir\u00e1tor SPURTEX\u00ae V100 FFP2 NR CE<\/h4>\n                        <p><a class=\"borderbutton\" target=\"_blank\" href=\"https:\/\/eshop.spur.cz\/nanorespirator-spurtex-v100-ffp2-nr\/\">GET<\/a><\/p>\n                    <\/div>\n\n                    \n                    <div class=\"item\">\n                        <img decoding=\"async\" src=\"https:\/\/www.spur.cz\/wp-content\/uploads\/2021\/11\/46_pprouska-bila-potistena-eshop-500x375.jpg\" alt=\"\" \/>\n                        <h4>Nanorou\u0161ka SPURTEX\u00ae PP Standard<\/h4>\n                        <p><a class=\"borderbutton\" target=\"_blank\" href=\"https:\/\/eshop.spur.cz\/nanorouska-spurtex-pp-standard\/\">GET<\/a><\/p>\n                    <\/div>\n\n                    \n                    <div class=\"item\">\n                        <img decoding=\"async\" src=\"https:\/\/www.spur.cz\/wp-content\/uploads\/2021\/12\/VSrouska_baby_eshop-500x375.jpg\" alt=\"\" \/>\n                        <h4>Nanorou\u0161ka SPURTEX\u00ae VS Premium<\/h4>\n                        <p><a class=\"borderbutton\" target=\"_blank\" href=\"https:\/\/eshop.spur.cz\/nanorouska-spurtex-vs-premium\/\">GET<\/a><\/p>\n                    <\/div>\n\n                    \n                    <div class=\"item\">\n                        <img decoding=\"async\" src=\"https:\/\/www.spur.cz\/wp-content\/uploads\/2021\/12\/165-4_nano-respirator-spurtex-v300-ffp3-nr-flowpack-500x375.jpeg\" alt=\"\" \/>\n                        <h4>Nanorespir\u00e1tor SPURTEX\u00ae V300 FFP3 NR<\/h4>\n                        <p><a class=\"borderbutton\" target=\"_blank\" href=\"https:\/\/eshop.spur.cz\/nanorespirator-spurtex-v300-ffp3-nr\/\">GET<\/a><\/p>\n                    <\/div>\n\n                    \n                    <div class=\"item\">\n                        <img decoding=\"async\" src=\"https:\/\/www.spur.cz\/wp-content\/uploads\/2021\/12\/FFP3_10ks_eshop_cz-500x375.jpg\" alt=\"\" \/>\n                        <h4>Nanorespir\u00e1tor SPURTEX\u00ae V300 FFP3 NR 10ks<\/h4>\n                        <p><a class=\"borderbutton\" target=\"_blank\" href=\"https:\/\/eshop.spur.cz\/nanorespirator-spurtex-v300-ffp3-nr-10ks\/\">GET<\/a><\/p>\n                    <\/div>\n\n                    \n                    <div class=\"item\">\n                        <img decoding=\"async\" src=\"https:\/\/www.spur.cz\/wp-content\/uploads\/2021\/12\/102_dezinfekce-100ml-eshop-500x375.jpeg\" alt=\"\" \/>\n                        <h4>Dezinfekce SPURTEX\u00ae Unisanol<\/h4>\n                        <p><a class=\"borderbutton\" target=\"_blank\" href=\"https:\/\/eshop.spur.cz\/dezinfekce-spurtex-unisanol\/\">GET<\/a><\/p>\n                    <\/div>\n\n                    \n                    <div class=\"item\">\n                        <img decoding=\"async\" src=\"https:\/\/www.spur.cz\/wp-content\/uploads\/2021\/12\/cestovni_baleni_family-500x375.jpg\" alt=\"\" \/>\n                        <h4>Cestovn\u00ed balen\u00ed SPURTEX\u00ae FAMILY<\/h4>\n                        <p><a class=\"borderbutton\" target=\"_blank\" href=\"https:\/\/eshop.spur.cz\/cestovni-baleni-spurtex-family\/\">GET<\/a><\/p>\n                    <\/div>\n\n                    \n                    <div class=\"item\">\n                        <img decoding=\"async\" src=\"https:\/\/www.spur.cz\/wp-content\/uploads\/2021\/12\/cestovni_baleni_standard-500x375.jpg\" alt=\"\" \/>\n                        <h4>Cestovn\u00ed balen\u00ed SPURTEX\u00ae STANDARD pro 1 osobu<\/h4>\n                        <p><a class=\"borderbutton\" target=\"_blank\" href=\"https:\/\/eshop.spur.cz\/cestovnibaleni\/\">GET<\/a><\/p>\n                    <\/div>\n\n                    \n                    <div class=\"item\">\n                        <img decoding=\"async\" src=\"https:\/\/www.spur.cz\/wp-content\/uploads\/2021\/12\/VSrouska_baby_2_eshop-500x375.jpg\" alt=\"\" \/>\n                        <h4>Nanorou\u0161ka SPURTEX\u00ae VS Premium &#8211; baby<\/h4>\n                        <p><a class=\"borderbutton\" target=\"_blank\" href=\"https:\/\/eshop.spur.cz\/nanorouska-spurtex-vs-premium-baby\/\">GET<\/a><\/p>\n                    <\/div>\n\n                    \n                    <div class=\"item\">\n                        <img decoding=\"async\" src=\"https:\/\/www.spur.cz\/wp-content\/uploads\/2021\/12\/VSrouska_junior_2_eshop-500x375.jpg\" alt=\"\" \/>\n                        <h4>Nanorou\u0161ka SPURTEX\u00ae VS Premium &#8211; junior<\/h4>\n                        <p><a class=\"borderbutton\" target=\"_blank\" href=\"https:\/\/eshop.spur.cz\/nanorouska-spurtex-vs-premium-junior\/\">GET<\/a><\/p>\n                    <\/div>\n\n                    \n                    <div class=\"item\">\n                        <img decoding=\"async\" src=\"https:\/\/www.spur.cz\/wp-content\/uploads\/2021\/12\/extender_potisteny_eshop-500x375.jpg\" alt=\"\" \/>\n                        <h4>Spona pro rou\u0161ku\/respir\u00e1tor 15ks v bal.<\/h4>\n                        <p><a class=\"borderbutton\" target=\"_blank\" href=\"https:\/\/eshop.spur.cz\/spona-pro-rousku-respirator\/\">GET<\/a><\/p>\n                    <\/div>\n\n                    \n                    <div class=\"item\">\n                        <img decoding=\"async\" src=\"https:\/\/www.spur.cz\/wp-content\/uploads\/2021\/12\/Filtr_P2_cz_eshop-500x375.jpg\" alt=\"\" \/>\n                        <h4>Nano SPURTEX\u00ae vzduchov\u00fd filtr B25 P2 R<\/h4>\n                        <p><a class=\"borderbutton\" target=\"_blank\" href=\"https:\/\/eshop.spur.cz\/nano-spurtex-vzduchovy-filtr-b25-p2-r\/\">GET<\/a><\/p>\n                    <\/div>\n\n                    \n                    <div class=\"item\">\n                        <img decoding=\"async\" src=\"https:\/\/www.spur.cz\/wp-content\/uploads\/2021\/12\/66_prirez-uvod-500x314.jpeg\" alt=\"\" \/>\n                        <h4>Nano filtry do rou\u0161ky \u2013 SPURTEX\u00ae &#8211; 10 x 15 | 10 ks<\/h4>\n                        <p><a class=\"borderbutton\" target=\"_blank\" href=\"https:\/\/eshop.spur.cz\/nano-filtry-do-rousky-spurtex-10-x-15-10-ks\/\">GET<\/a><\/p>\n                    <\/div>\n\n                    \n\n            <\/div>\n\n            \n                        <div class=\"arrows\">\n                            <div class=\"nextarrow\">\n\n                            <\/div>\n                            <div class=\"prevarrow\">\n\n                            <\/div>\n                        <\/div>\n        <\/div>\n    <\/div>\n<\/div>\n\n<div class=\"container spacing\"  id=\"\">\n\n        <div class=\"row\">\n            <div class=\"col-12 \">\n\n                <div style=\"clear: both; height: 100px\"><\/div>\n\n            <\/div>\n        <\/div>\n    <\/div>\n\n<div class=\"container imagetext\"  id=\"\">\n\n        <div class=\"row align-items-center \">\n\n            <div class=\"col-12   col-md-6    order-1 order-md-2 \">\n                <h2>NANOS\u00ae<\/h2>\n<p class=\"p1\">Die Designreihe von Nano-Gesichtsmasken NANOS\u00ae nutzt die exzellenten Eigenschaften der Nano-Membran SPURTEX\u00ae. Dank origineller Designs bietet die Reihe NANOS \u00ae anspruchsvollen Kunden eine attraktive Schutzausr\u00fcstung, die ganzt\u00e4tigen Schutz vor Viren und Bakterien gew\u00e4hrleistet und gleichzeitig als modisches Accessoire dient.<\/p>\n\n            <\/div>\n\n            <div class=\"col-12   col-md-6   order-2 order-md-1 \">\n               \n                                    <img decoding=\"async\" src=\"https:\/\/www.spur.cz\/wp-content\/uploads\/2021\/11\/Nanos_obaly.png\">\n                            <\/div>\n\n           \n        <\/div>\n    <\/div>\n\n<div class=\"container eshopblock\"  id=\"\">\n    <div class=\"row\">\n        <div class=\"col-12\">\n            <div class=\"owl-carousel eshop\">\n\n\n                    \n                    <div class=\"item\">\n                        <img decoding=\"async\" src=\"https:\/\/www.spur.cz\/wp-content\/uploads\/2021\/12\/tubus_nanos_dezinfekce_sVS_2_eshop-500x375.jpg\" alt=\"\" \/>\n                        <h4>NANOS\u00ae 6 v 1<\/h4>\n                        <p><a class=\"borderbutton\" target=\"_blank\" href=\"https:\/\/eshop.spur.cz\/nanos_6v1\/\">GET<\/a><\/p>\n                    <\/div>\n\n                    \n                    <div class=\"item\">\n                        <img decoding=\"async\" src=\"https:\/\/www.spur.cz\/wp-content\/uploads\/2021\/12\/tubus_rouska_sobi_eshop-500x375.jpg\" alt=\"\" \/>\n                        <h4>NANOS\u00ae rou\u0161ka norsk\u00fd vzor 5ks<\/h4>\n                        <p><a class=\"borderbutton\" target=\"_blank\" href=\"https:\/\/eshop.spur.cz\/nanos-rouska-veseli-sobi-5ks\/\">GET<\/a><\/p>\n                    <\/div>\n\n                    \n                    <div class=\"item\">\n                        <img decoding=\"async\" src=\"https:\/\/www.spur.cz\/wp-content\/uploads\/2021\/12\/tubus_nanos_dezinfekce_sVS_3_eshop-500x375.jpg\" alt=\"\" \/>\n                        <h4>NANOS\u00ae 6 v 1 Cibul\u00e1k<\/h4>\n                        <p><a class=\"borderbutton\" target=\"_blank\" href=\"https:\/\/eshop.spur.cz\/nanos-6-v-1-cibulak\/\">GET<\/a><\/p>\n                    <\/div>\n\n                    \n                    <div class=\"item\">\n                        <img decoding=\"async\" src=\"https:\/\/www.spur.cz\/wp-content\/uploads\/2021\/12\/tubus_nanosik_dezinfekce_eshop-500x375.jpg\" alt=\"\" \/>\n                        <h4>NANOS\u00cdK\u00ae 6 v 1 Pon\u00edci<\/h4>\n                        <p><a class=\"borderbutton\" target=\"_blank\" href=\"https:\/\/eshop.spur.cz\/nanosik-6-v-1-ponici\/\">GET<\/a><\/p>\n                    <\/div>\n\n                    \n                    <div class=\"item\">\n                        <img decoding=\"async\" src=\"https:\/\/www.spur.cz\/wp-content\/uploads\/2021\/12\/nanosik_kostky_doypack_a_produkt-500x375.jpg\" alt=\"\" \/>\n                        <h4>D\u011btsk\u00fd NANOS\u00cdK\u00ae s vesel\u00fdmi motivy<\/h4>\n                        <p><a class=\"borderbutton\" target=\"_blank\" href=\"https:\/\/eshop.spur.cz\/detsky-nanosik-s-veselymi-motivy\/\">GET<\/a><\/p>\n                    <\/div>\n\n                    \n                    <div class=\"item\">\n                        <img decoding=\"async\" src=\"https:\/\/www.spur.cz\/wp-content\/uploads\/2021\/12\/nanosik_smajlici_doypack_a_produkt-1-500x375.jpg\" alt=\"\" \/>\n                        <h4>D\u011btsk\u00fd NANOS\u00cdK\u00ae s vesel\u00fdmi motivy<\/h4>\n                        <p><a class=\"borderbutton\" target=\"_blank\" href=\"https:\/\/eshop.spur.cz\/detsky-nanosik-s-veselymi-motivy\/\">GET<\/a><\/p>\n                    <\/div>\n\n                    \n                    <div class=\"item\">\n                        <img decoding=\"async\" src=\"https:\/\/www.spur.cz\/wp-content\/uploads\/2021\/12\/nanosik_kyticky_doypack_a_produkt-500x375.jpg\" alt=\"\" \/>\n                        <h4>D\u011btsk\u00fd NANOS\u00cdK\u00ae s vesel\u00fdmi motivy<\/h4>\n                        <p><a class=\"borderbutton\" target=\"_blank\" href=\"https:\/\/eshop.spur.cz\/detsky-nanosik-s-veselymi-motivy\/\">GET<\/a><\/p>\n                    <\/div>\n\n                    \n\n            <\/div>\n\n            \n                        <div class=\"arrows\">\n                            <div class=\"nextarrow\">\n\n                            <\/div>\n                            <div class=\"prevarrow\">\n\n                            <\/div>\n                        <\/div>\n        <\/div>\n    <\/div>\n<\/div>\n\n<div class=\"container spacing\"  id=\"\">\n\n        <div class=\"row\">\n            <div class=\"col-12 \">\n\n                <div style=\"clear: both; height: 100px\"><\/div>\n\n            <\/div>\n        <\/div>\n    <\/div>\n\n<div class=\"container singleproducttabs\"  id=\"block_61a4b0486e7f5\">\n\n        <div class=\"row\">\n            <div class=\"col-12\">\n\n                            <p class=\"tabcontrols\">\n                                  <a class=\"tabbutton active\" href=\"#produktvideo\">PRODUKTVIDEO<\/a>\n                            <\/p>\n            \n\n\n                                              <div class=\"tab produktvideo gallerka_ active\">\n                     \n                        <div class=\"embed-responsive embed-responsive-16by9\"><div class=\"iframe-container\"><iframe class=\"video embed-responsive-item\" src=\"\/\/www.youtube.com\/embed\/wwH9tI0LQ8o\" frameborder=\"0\" allowfullscreen><\/iframe><\/div><\/div>                 \n                                      <\/div>\n                            \n\n            \n            <\/div>\n        <\/div>\n    <\/div>","protected":false},"excerpt":{"rendered":"","protected":false},"author":1,"featured_media":0,"parent":0,"menu_order":0,"comment_status":"closed","ping_status":"closed","template":"","meta":{"inline_featured_image":false,"footnotes":""},"class_list":["post-2793","page","type-page","status-publish","hentry"],"aioseo_notices":[],"_links":{"self":[{"href":"https:\/\/www.spur.cz\/de\/wp-json\/wp\/v2\/pages\/2793","targetHints":{"allow":["GET"]}}],"collection":[{"href":"https:\/\/www.spur.cz\/de\/wp-json\/wp\/v2\/pages"}],"about":[{"href":"https:\/\/www.spur.cz\/de\/wp-json\/wp\/v2\/types\/page"}],"author":[{"embeddable":true,"href":"https:\/\/www.spur.cz\/de\/wp-json\/wp\/v2\/users\/1"}],"replies":[{"embeddable":true,"href":"https:\/\/www.spur.cz\/de\/wp-json\/wp\/v2\/comments?post=2793"}],"version-history":[{"count":0,"href":"https:\/\/www.spur.cz\/de\/wp-json\/wp\/v2\/pages\/2793\/revisions"}],"wp:attachment":[{"href":"https:\/\/www.spur.cz\/de\/wp-json\/wp\/v2\/media?parent=2793"}],"curies":[{"name":"wp","href":"https:\/\/api.w.org\/{rel}","templated":true}]}}